{"id":11025,"date":"2026-04-30T14:11:04","date_gmt":"2026-04-30T14:11:04","guid":{"rendered":"https:\/\/packardhealth.org\/?page_id=11025"},"modified":"2026-05-06T01:49:54","modified_gmt":"2026-05-06T01:49:54","slug":"donor-spotlight","status":"publish","type":"page","link":"https:\/\/packardhealth.org\/es\/donor-spotlight\/","title":{"rendered":"Donor Spotlight"},"content":{"rendered":"<div class=\"wp-block-cover alignfull is-light has-custom-content-position is-position-bottom-center\" style=\"min-height:200px;aspect-ratio:unset;\"><span aria-hidden=\"true\" class=\"wp-block-cover__background has-blue-400-background-color has-background-dim-0 has-background-dim\"><\/span><img loading=\"lazy\" decoding=\"async\" width=\"1024\" height=\"576\" src=\"https:\/\/packardhealth.org\/wp-content\/uploads\/2026\/04\/hands-2560X1440-1024x576.jpg\" class=\"wp-block-cover__image-background wp-post-image\" alt=\"patient and caregiver hands\" data-object-fit=\"cover\" srcset=\"https:\/\/packardhealth.org\/wp-content\/uploads\/2026\/04\/hands-2560X1440-1024x576.jpg 1024w, https:\/\/packardhealth.org\/wp-content\/uploads\/2026\/04\/hands-2560X1440-300x169.jpg 300w, https:\/\/packardhealth.org\/wp-content\/uploads\/2026\/04\/hands-2560X1440-768x432.jpg 768w, https:\/\/packardhealth.org\/wp-content\/uploads\/2026\/04\/hands-2560X1440-1536x864.jpg 1536w, https:\/\/packardhealth.org\/wp-content\/uploads\/2026\/04\/hands-2560X1440-2048x1152.jpg 2048w, https:\/\/packardhealth.org\/wp-content\/uploads\/2026\/04\/hands-2560X1440-1080x608.jpg 1080w\" sizes=\"auto, (max-width: 1024px) 100vw, 1024px\" \/><div class=\"wp-block-cover__inner-container has-global-padding is-layout-constrained wp-block-cover-is-layout-constrained\">\n<p class=\"has-text-align-left\"><\/p>\n<\/div><\/div>\n\n\n\n<h1 class=\"wp-block-heading has-gray-900-color has-text-color has-link-color wp-elements-8c8aadceeb840d12e71859d28bd74640\" style=\"margin-top:64px\">Healthcare is a Right, Not a Privilege<\/h1>\n\n\n\n<div class=\"wp-block-columns is-layout-flex wp-container-core-columns-is-layout-03ef2880 wp-block-columns-is-layout-flex\" style=\"padding-top:36px;padding-bottom:36px\">\n<div class=\"wp-block-column is-layout-flow wp-block-column-is-layout-flow\" style=\"flex-basis:70%\">\n<h5 class=\"wp-block-heading\">RESALTADO DE DONANTE<\/h5>\n\n\n\n<h2 class=\"wp-block-heading\">Deb y Chris VandenBroek<\/h2>\n\n\n\n<div class=\"wp-block-columns is-layout-flex wp-container-core-columns-is-layout-500fc115 wp-block-columns-is-layout-flex\">\n<div class=\"wp-block-column is-layout-flow wp-block-column-is-layout-flow\">\n<figure class=\"wp-block-image size-full has-custom-border is-style-default\"><img loading=\"lazy\" decoding=\"async\" width=\"600\" height=\"399\" src=\"https:\/\/packardhealth.org\/wp-content\/uploads\/2026\/04\/Chris-and-Deborah-VandenBroek.jpg\" alt=\"Chris and Deborah VandenBroek\" class=\"wp-image-10014\" style=\"border-top-left-radius:20px;border-top-right-radius:20px;border-bottom-left-radius:20px;border-bottom-right-radius:20px;aspect-ratio:3\/2;object-fit:cover\" srcset=\"https:\/\/packardhealth.org\/wp-content\/uploads\/2026\/04\/Chris-and-Deborah-VandenBroek.jpg 600w, https:\/\/packardhealth.org\/wp-content\/uploads\/2026\/04\/Chris-and-Deborah-VandenBroek-300x200.jpg 300w\" sizes=\"auto, (max-width: 600px) 100vw, 600px\" \/><\/figure>\n<\/div>\n\n\n\n<div class=\"wp-block-column is-layout-flow wp-block-column-is-layout-flow\">\n<p class=\"has-paragraph-large-font-size\">Born and raised in Ann Arbor, Deb and Chris VandenBroek have come full circle. After leaving home following college, marrying in 1971, and spending time out of state, they eventually returned to Ann Arbor to raise their family. Their lifelong ties to the community have shaped a deep and enduring commitment to giving back.<\/p>\n<\/div>\n<\/div>\n\n\n\n<p>Looking back, they feel grateful for the opportunities that shaped their journey, and that gratitude lies at the heart of their philanthropy.<\/p>\n\n\n\n<p>Both were raised in families of modest means, each with one immigrant parent, and grounded in strong Midwestern values. They grew up watching their families contribute what they could, whenever they could. Today, Deb and Chris remain a bit astonished by the life they\u2019ve built. They view their success as a blend of hard work and good fortune, an unexpected gift that carries with it a moral responsibility to help others.<\/p>\n\n\n\n<h3 class=\"wp-block-heading\">When asked about his purpose in life, Chris answers without hesitation: \u201cTo help other people.\u201d<\/h3>\n\n\n\n<p>Su conexi\u00f3n con Packard Health comenz\u00f3 a trav\u00e9s del trabajo profesional de Deb en salud comunitaria con Ed Pierce y Jerry Walden, y se fortaleci\u00f3 cuando Chris se convirti\u00f3 en paciente. Con el tiempo, su participaci\u00f3n se ha vuelto tanto personal como de principios. Cuando piensan en Packard, piensan en accesibilidad, equidad y servicio aut\u00e9ntico.<\/p>\n\n\n\n<p>To them, Packard represents high-quality, relationship-based care that is available to everyone, not only those with financial means. As patients, they value never feeling rushed, having a real person answer the phone, and experiencing a pharmacy and patient portal that are responsive and easy to use. They have witnessed firsthand the compassion and respect that define the organization\u2019s care.<\/p>\n\n\n\n<h3 class=\"wp-block-heading\">As Deb often says, \u201cEverybody deserves a Packard.\u201d<\/h3>\n\n\n\n<p>They are equally inspired by Packard\u2019s collaborative spirit and leadership. Partnerships with organizations such as Food Gatherers, Avalon Housing, the Delonis Center, and Dawn Farm demonstrate a commitment to wraparound services that address the full realities of patients\u2019 lives. They admire Executive Director Ray Rion\u2019s humility and tireless dedication to building partnerships, expanding services, and strengthening financial sustainability, all in service of patients.<\/p>\n\n\n\n<p>Chris believes education and healthcare are the foundations of a healthy, thriving society. \u201cThere\u2019s no better place to donate,\u201d he says. Deb agrees, noting that while large healthcare systems often have significant resources, community-based care depends on local investment and trust. When asked what advice they have for Packard, they stressed the importance of maintaining Packard\u2019s mission, and a strong board and management structure which keeps the organization financially viable.<\/p>\n\n\n\n<p>For Deb and Chris, supporting Packard is about more than sustaining a medical practice. It is about strengthening an organization that upholds the fabric of a just and civil society. They believe healthcare is a right, not a privilege, and their generosity reflects that conviction. Packard is fortunate to have people like Deb and Chris, thoughtful, principled, and deeply committed, championing and sustaining this vital work in the community they proudly call home.<\/p>\n\n\n\n<div style=\"height:24px\" aria-hidden=\"true\" class=\"wp-block-spacer\"><\/div>\n<\/div>\n\n\n\n<div class=\"wp-block-column is-layout-flow wp-block-column-is-layout-flow\" style=\"flex-basis:25%\">\n<div class=\"wp-block-columns is-layout-flex wp-container-core-columns-is-layout-28f84493 wp-block-columns-is-layout-flex\">\n<div class=\"wp-block-column has-orange-200-background-color has-background is-layout-flow wp-block-column-is-layout-flow\" style=\"border-top-left-radius:20px;border-top-right-radius:20px;border-bottom-left-radius:20px;border-bottom-right-radius:20px;padding-top:24px;padding-right:24px;padding-bottom:24px;padding-left:24px\"><div class=\"wp-block-safe-svg-svg-icon safe-svg-cover wp-elements-54b4877142add6fbf3c39494c5d71280\" style=\"text-align: left;\">\n\t\t\t\t<div class=\"safe-svg-inside safe-svg-inline wp-elements-54b4877142add6fbf3c39494c5d71280\" style=\"width: 55px; height: 55px; background-color: var(--wp--preset--color--); color: var(--wp--preset--color--orange-400); padding-top: 0; padding-right: ; padding-bottom: 0; padding-left: ; margin-top: 0; margin-right: ; margin-bottom: 0; margin-left: ;\"><?xml version=\"1.0\" encoding=\"UTF-8\"?> <svg xmlns=\"http:\/\/www.w3.org\/2000\/svg\" viewbox=\"0 0 640 640\"><path d=\"M305 151.1L320 171.8L335 151.1C360 116.5 400.2 96 442.9 96C516.4 96 576 155.6 576 229.1L576 231.7C576 343.9 436.1 474.2 363.1 529.9C350.7 539.3 335.5 544 320 544C304.5 544 289.2 539.4 276.9 529.9C203.9 474.2 64 343.9 64 231.7L64 229.1C64 155.6 123.6 96 197.1 96C239.8 96 280 116.5 305 151.1z\"><\/path><\/svg> <\/div>\n\t\t\t<\/div>\n\n\n<h5 class=\"wp-block-heading has-gray-900-color has-text-color has-link-color wp-elements-443f5af6b6b20869a6c98786f93f5e75\" style=\"margin-top:var(--wp--preset--spacing--20)\"><a href=\"\/es\/ways-to-give\/\">More ways to give<\/a><\/h5>\n\n\n\n<p style=\"margin-top:var(--wp--preset--spacing--20);margin-bottom:var(--wp--preset--spacing--20)\">How to support Packard Health<\/p>\n<\/div>\n<\/div>\n\n\n\n<div class=\"wp-block-columns is-layout-flex wp-container-core-columns-is-layout-28f84493 wp-block-columns-is-layout-flex\">\n<div class=\"wp-block-column has-blue-200-background-color has-background is-layout-flow wp-block-column-is-layout-flow\" style=\"border-top-left-radius:20px;border-top-right-radius:20px;border-bottom-left-radius:20px;border-bottom-right-radius:20px;padding-top:24px;padding-right:24px;padding-bottom:24px;padding-left:24px\"><div class=\"wp-block-safe-svg-svg-icon safe-svg-cover wp-elements-02e06e4be8883ecb7c02fd820c71d3c4\" style=\"text-align: left;\">\n\t\t\t\t<div class=\"safe-svg-inside safe-svg-inline wp-elements-02e06e4be8883ecb7c02fd820c71d3c4\" style=\"width: 55px; height: 55px; background-color: var(--wp--preset--color--); color: var(--wp--preset--color--blue-450); padding-top: 0; padding-right: ; padding-bottom: 0; padding-left: ; margin-top: 0; margin-right: ; margin-bottom: 0; margin-left: ;\"><?xml version=\"1.0\" encoding=\"UTF-8\"?> <svg xmlns=\"http:\/\/www.w3.org\/2000\/svg\" viewbox=\"0 0 640 640\"><path d=\"M64 480L64 184C64 170.7 74.7 160 88 160C101.3 160 112 170.7 112 184L112 472C112 485.3 122.7 496 136 496C149.3 496 160 485.3 160 472L160 160C160 124.7 188.7 96 224 96L512 96C547.3 96 576 124.7 576 160L576 480C576 515.3 547.3 544 512 544L128 544C92.7 544 64 515.3 64 480zM224 192L224 256C224 273.7 238.3 288 256 288L320 288C337.7 288 352 273.7 352 256L352 192C352 174.3 337.7 160 320 160L256 160C238.3 160 224 174.3 224 192zM248 432C234.7 432 224 442.7 224 456C224 469.3 234.7 480 248 480L488 480C501.3 480 512 469.3 512 456C512 442.7 501.3 432 488 432L248 432zM224 360C224 373.3 234.7 384 248 384L488 384C501.3 384 512 373.3 512 360C512 346.7 501.3 336 488 336L248 336C234.7 336 224 346.7 224 360zM424 240C410.7 240 400 250.7 400 264C400 277.3 410.7 288 424 288L488 288C501.3 288 512 277.3 512 264C512 250.7 501.3 240 488 240L424 240z\"><\/path><\/svg> <\/div>\n\t\t\t<\/div>\n\n\n<h5 class=\"wp-block-heading has-gray-900-color has-text-color has-link-color wp-elements-8194fe8815774f2b0376f8480800ab00\" style=\"margin-top:var(--wp--preset--spacing--20)\"><a href=\"https:\/\/visitor.r20.constantcontact.com\/manage\/optin?v=001fLJfnzdpqFPKtCrZaHU8ogSC12hGkQ2CoGfpFQxvRX9gj1ZzB1HtOcU9pFXr93qDfLDzqSSSqqfOU8z6c7EPD3Ul-ji_0sn3NvGZ_a5r6PO_eSTmTVvyqNqlSFqX1g_9XVVgXnwvRrNFi_vQQ3QQAyg0mdnSiAX7\">Stay in touch<\/a><\/h5>\n\n\n\n<p style=\"margin-top:var(--wp--preset--spacing--20);margin-bottom:var(--wp--preset--spacing--20)\">Sign up for the Packard Health newsletter<\/p>\n<\/div>\n<\/div>\n<\/div>\n<\/div>","protected":false},"excerpt":{"rendered":"<p>Healthcare is a Right, Not a Privilege DONOR SPOTLIGHT Deb and Chris VandenBroek Born and raised in Ann Arbor, Deb and Chris VandenBroek have come full circle. After leaving home following college, marrying in 1971, and spending time out of state, they eventually returned to Ann Arbor to raise their family. Their lifelong ties to [&hellip;]<\/p>\n","protected":false},"author":2,"featured_media":10377,"parent":0,"menu_order":0,"comment_status":"closed","ping_status":"closed","template":"","meta":{"_acf_changed":false,"footnotes":"","_links_to":"","_links_to_target":""},"class_list":["post-11025","page","type-page","status-publish","has-post-thumbnail","hentry"],"acf":[],"yoast_head":"<!-- This site is optimized with the Yoast SEO plugin v27.5 - https:\/\/yoast.com\/product\/yoast-seo-wordpress\/ -->\n<title>Donor Spotlight - Packard Health<\/title>\n<meta name=\"robots\" content=\"index, follow, max-snippet:-1, max-image-preview:large, max-video-preview:-1\" \/>\n<link rel=\"canonical\" href=\"https:\/\/packardhealth.org\/es\/donor-spotlight\/\" \/>\n<meta property=\"og:locale\" content=\"es_MX\" \/>\n<meta property=\"og:type\" content=\"article\" \/>\n<meta property=\"og:title\" content=\"Donor Spotlight - Packard Health\" \/>\n<meta property=\"og:description\" content=\"Healthcare is a Right, Not a Privilege DONOR SPOTLIGHT Deb and Chris VandenBroek Born and raised in Ann Arbor, Deb and Chris VandenBroek have come full circle. After leaving home following college, marrying in 1971, and spending time out of state, they eventually returned to Ann Arbor to raise their family. Their lifelong ties to [&hellip;]\" \/>\n<meta property=\"og:url\" content=\"https:\/\/packardhealth.org\/es\/donor-spotlight\/\" \/>\n<meta property=\"og:site_name\" content=\"Packard Health\" \/>\n<meta property=\"article:modified_time\" content=\"2026-05-06T01:49:54+00:00\" \/>\n<meta property=\"og:image\" content=\"https:\/\/packardhealth.org\/wp-content\/uploads\/2026\/04\/hands-2560X1440.jpg\" \/>\n\t<meta property=\"og:image:width\" content=\"2560\" \/>\n\t<meta property=\"og:image:height\" content=\"1440\" \/>\n\t<meta property=\"og:image:type\" content=\"image\/jpeg\" \/>\n<meta name=\"twitter:card\" content=\"summary_large_image\" \/>\n<meta name=\"twitter:label1\" content=\"Tiempo de lectura\" \/>\n\t<meta name=\"twitter:data1\" content=\"3 minutos\" \/>\n<script type=\"application\/ld+json\" class=\"yoast-schema-graph\">{\"@context\":\"https:\\\/\\\/schema.org\",\"@graph\":[{\"@type\":\"WebPage\",\"@id\":\"https:\\\/\\\/packardhealth.org\\\/donor-spotlight\\\/\",\"url\":\"https:\\\/\\\/packardhealth.org\\\/donor-spotlight\\\/\",\"name\":\"Donor Spotlight - Packard Health\",\"isPartOf\":{\"@id\":\"https:\\\/\\\/packardhealth.org\\\/#website\"},\"primaryImageOfPage\":{\"@id\":\"https:\\\/\\\/packardhealth.org\\\/donor-spotlight\\\/#primaryimage\"},\"image\":{\"@id\":\"https:\\\/\\\/packardhealth.org\\\/donor-spotlight\\\/#primaryimage\"},\"thumbnailUrl\":\"https:\\\/\\\/packardhealth.org\\\/wp-content\\\/uploads\\\/2026\\\/04\\\/hands-2560X1440.jpg\",\"datePublished\":\"2026-04-30T14:11:04+00:00\",\"dateModified\":\"2026-05-06T01:49:54+00:00\",\"breadcrumb\":{\"@id\":\"https:\\\/\\\/packardhealth.org\\\/donor-spotlight\\\/#breadcrumb\"},\"inLanguage\":\"es\",\"potentialAction\":[{\"@type\":\"ReadAction\",\"target\":[\"https:\\\/\\\/packardhealth.org\\\/donor-spotlight\\\/\"]}]},{\"@type\":\"ImageObject\",\"inLanguage\":\"es\",\"@id\":\"https:\\\/\\\/packardhealth.org\\\/donor-spotlight\\\/#primaryimage\",\"url\":\"https:\\\/\\\/packardhealth.org\\\/wp-content\\\/uploads\\\/2026\\\/04\\\/hands-2560X1440.jpg\",\"contentUrl\":\"https:\\\/\\\/packardhealth.org\\\/wp-content\\\/uploads\\\/2026\\\/04\\\/hands-2560X1440.jpg\",\"width\":2560,\"height\":1440,\"caption\":\"patient and caregiver hands\"},{\"@type\":\"BreadcrumbList\",\"@id\":\"https:\\\/\\\/packardhealth.org\\\/donor-spotlight\\\/#breadcrumb\",\"itemListElement\":[{\"@type\":\"ListItem\",\"position\":1,\"name\":\"\",\"item\":\"https:\\\/\\\/packardhealth.org\\\/\"},{\"@type\":\"ListItem\",\"position\":2,\"name\":\"Donor Spotlight\"}]},{\"@type\":\"WebSite\",\"@id\":\"https:\\\/\\\/packardhealth.org\\\/#website\",\"url\":\"https:\\\/\\\/packardhealth.org\\\/\",\"name\":\"Packard Health\",\"description\":\"Health care for everyone.\",\"potentialAction\":[{\"@type\":\"SearchAction\",\"target\":{\"@type\":\"EntryPoint\",\"urlTemplate\":\"https:\\\/\\\/packardhealth.org\\\/?s={search_term_string}\"},\"query-input\":{\"@type\":\"PropertyValueSpecification\",\"valueRequired\":true,\"valueName\":\"search_term_string\"}}],\"inLanguage\":\"es\"}]}<\/script>\n<!-- \/ Yoast SEO plugin. -->","yoast_head_json":{"title":"Donor Spotlight - Packard Health","robots":{"index":"index","follow":"follow","max-snippet":"max-snippet:-1","max-image-preview":"max-image-preview:large","max-video-preview":"max-video-preview:-1"},"canonical":"https:\/\/packardhealth.org\/es\/donor-spotlight\/","og_locale":"es_MX","og_type":"article","og_title":"Donor Spotlight - Packard Health","og_description":"Healthcare is a Right, Not a Privilege DONOR SPOTLIGHT Deb and Chris VandenBroek Born and raised in Ann Arbor, Deb and Chris VandenBroek have come full circle. After leaving home following college, marrying in 1971, and spending time out of state, they eventually returned to Ann Arbor to raise their family. Their lifelong ties to [&hellip;]","og_url":"https:\/\/packardhealth.org\/es\/donor-spotlight\/","og_site_name":"Packard Health","article_modified_time":"2026-05-06T01:49:54+00:00","og_image":[{"width":2560,"height":1440,"url":"https:\/\/packardhealth.org\/wp-content\/uploads\/2026\/04\/hands-2560X1440.jpg","type":"image\/jpeg"}],"twitter_card":"summary_large_image","twitter_misc":{"Tiempo de lectura":"3 minutos"},"schema":{"@context":"https:\/\/schema.org","@graph":[{"@type":"WebPage","@id":"https:\/\/packardhealth.org\/donor-spotlight\/","url":"https:\/\/packardhealth.org\/donor-spotlight\/","name":"Donor Spotlight - Packard Health","isPartOf":{"@id":"https:\/\/packardhealth.org\/#website"},"primaryImageOfPage":{"@id":"https:\/\/packardhealth.org\/donor-spotlight\/#primaryimage"},"image":{"@id":"https:\/\/packardhealth.org\/donor-spotlight\/#primaryimage"},"thumbnailUrl":"https:\/\/packardhealth.org\/wp-content\/uploads\/2026\/04\/hands-2560X1440.jpg","datePublished":"2026-04-30T14:11:04+00:00","dateModified":"2026-05-06T01:49:54+00:00","breadcrumb":{"@id":"https:\/\/packardhealth.org\/donor-spotlight\/#breadcrumb"},"inLanguage":"es","potentialAction":[{"@type":"ReadAction","target":["https:\/\/packardhealth.org\/donor-spotlight\/"]}]},{"@type":"ImageObject","inLanguage":"es","@id":"https:\/\/packardhealth.org\/donor-spotlight\/#primaryimage","url":"https:\/\/packardhealth.org\/wp-content\/uploads\/2026\/04\/hands-2560X1440.jpg","contentUrl":"https:\/\/packardhealth.org\/wp-content\/uploads\/2026\/04\/hands-2560X1440.jpg","width":2560,"height":1440,"caption":"patient and caregiver hands"},{"@type":"BreadcrumbList","@id":"https:\/\/packardhealth.org\/donor-spotlight\/#breadcrumb","itemListElement":[{"@type":"ListItem","position":1,"name":"","item":"https:\/\/packardhealth.org\/"},{"@type":"ListItem","position":2,"name":"Donor Spotlight"}]},{"@type":"WebSite","@id":"https:\/\/packardhealth.org\/#website","url":"https:\/\/packardhealth.org\/","name":"Packard Health","description":"Health care for everyone.","potentialAction":[{"@type":"SearchAction","target":{"@type":"EntryPoint","urlTemplate":"https:\/\/packardhealth.org\/?s={search_term_string}"},"query-input":{"@type":"PropertyValueSpecification","valueRequired":true,"valueName":"search_term_string"}}],"inLanguage":"es"}]}},"_links":{"self":[{"href":"https:\/\/packardhealth.org\/es\/wp-json\/wp\/v2\/pages\/11025","targetHints":{"allow":["GET"]}}],"collection":[{"href":"https:\/\/packardhealth.org\/es\/wp-json\/wp\/v2\/pages"}],"about":[{"href":"https:\/\/packardhealth.org\/es\/wp-json\/wp\/v2\/types\/page"}],"author":[{"embeddable":true,"href":"https:\/\/packardhealth.org\/es\/wp-json\/wp\/v2\/users\/2"}],"replies":[{"embeddable":true,"href":"https:\/\/packardhealth.org\/es\/wp-json\/wp\/v2\/comments?post=11025"}],"version-history":[{"count":9,"href":"https:\/\/packardhealth.org\/es\/wp-json\/wp\/v2\/pages\/11025\/revisions"}],"predecessor-version":[{"id":11286,"href":"https:\/\/packardhealth.org\/es\/wp-json\/wp\/v2\/pages\/11025\/revisions\/11286"}],"wp:featuredmedia":[{"embeddable":true,"href":"https:\/\/packardhealth.org\/es\/wp-json\/wp\/v2\/media\/10377"}],"wp:attachment":[{"href":"https:\/\/packardhealth.org\/es\/wp-json\/wp\/v2\/media?parent=11025"}],"curies":[{"name":"wp","href":"https:\/\/api.w.org\/{rel}","templated":true}]}}