{"id":2415,"date":"2018-11-11T14:59:54","date_gmt":"2018-11-11T14:59:54","guid":{"rendered":"https:\/\/packardhealth.org\/?page_id=2415"},"modified":"2026-05-06T01:41:17","modified_gmt":"2026-05-06T01:41:17","slug":"addiction-treatment-team","status":"publish","type":"page","link":"https:\/\/packardhealth.org\/es\/health-care-team\/addiction-treatment-team\/","title":{"rendered":"Equipo de Tratamiento de Adicciones"},"content":{"rendered":"<div class=\"wp-block-cover alignfull is-light has-custom-content-position is-position-bottom-center\" style=\"min-height:200px;aspect-ratio:unset;\"><span aria-hidden=\"true\" class=\"wp-block-cover__background has-blue-400-background-color has-background-dim-0 has-background-dim\"><\/span><img loading=\"lazy\" decoding=\"async\" width=\"1024\" height=\"576\" src=\"https:\/\/packardhealth.org\/wp-content\/uploads\/2026\/04\/provider-2560X1440-1024x576.jpg\" class=\"wp-block-cover__image-background wp-post-image\" alt=\"health provider at laptop\" data-object-fit=\"cover\" srcset=\"https:\/\/packardhealth.org\/wp-content\/uploads\/2026\/04\/provider-2560X1440-1024x576.jpg 1024w, https:\/\/packardhealth.org\/wp-content\/uploads\/2026\/04\/provider-2560X1440-300x169.jpg 300w, https:\/\/packardhealth.org\/wp-content\/uploads\/2026\/04\/provider-2560X1440-768x432.jpg 768w, https:\/\/packardhealth.org\/wp-content\/uploads\/2026\/04\/provider-2560X1440-1536x864.jpg 1536w, https:\/\/packardhealth.org\/wp-content\/uploads\/2026\/04\/provider-2560X1440-2048x1152.jpg 2048w, https:\/\/packardhealth.org\/wp-content\/uploads\/2026\/04\/provider-2560X1440-1080x608.jpg 1080w\" sizes=\"auto, (max-width: 1024px) 100vw, 1024px\" \/><div class=\"wp-block-cover__inner-container has-global-padding is-layout-constrained wp-block-cover-is-layout-constrained\">\n<p class=\"has-text-align-left\"><\/p>\n<\/div><\/div>\n\n\n\n<div style=\"height:50px\" aria-hidden=\"true\" class=\"wp-block-spacer\"><\/div>\n\n\n\n<h1 class=\"wp-block-heading\"><strong>Equipo de Tratamiento de Adicciones<\/strong><\/h1>\n\n\n\n<div class=\"wp-block-columns is-layout-flex wp-container-core-columns-is-layout-28f84493 wp-block-columns-is-layout-flex\">\n<div class=\"wp-block-column is-layout-flow wp-block-column-is-layout-flow\" style=\"flex-basis:75%\">\n<p class=\"has-paragraph-large-font-size\" style=\"padding-top:20px;padding-bottom:20px\">Si usted o un ser querido est\u00e1 luchando contra un trastorno por uso de sustancias, Packard Health est\u00e1 aqu\u00ed para ayudar. Nuestro equipo certificado y experimentado brinda atenci\u00f3n integrada basada en evidencia \u2014 combinando tratamiento asistido por medicamentos, apoyo de salud conductual y s\u00f3lidas alianzas comunitarias \u2014 con compasi\u00f3n y respeto.<\/p>\n\n\n\n<p>\u00bfTienes una cita de telemedicina?&nbsp;<a href=\"\/es\/telehealth\/#video-waiting-rooms\">Encuentra la sala de espera de tu proveedor.<\/a><\/p>\n<\/div>\n\n\n\n<div class=\"wp-block-column is-layout-flow wp-block-column-is-layout-flow\" style=\"flex-basis:25%\"><\/div>\n<\/div>\n\n\n\n<div class=\"wp-block-query packard-team-query is-layout-flow wp-block-query-is-layout-flow\"><ul class=\"columns-4 wp-block-post-template is-layout-grid wp-container-core-post-template-is-layout-e7fd85f5 wp-block-post-template-is-layout-grid\"><li class=\"wp-block-post post-8285 people type-people status-publish has-post-thumbnail hentry team-addiction-treatment-team team-primary-care\">\n\n<div class=\"wp-block-group is-layout-flow wp-block-group-is-layout-flow\"><figure class=\"wp-block-post-featured-image\"><img loading=\"lazy\" decoding=\"async\" width=\"300\" height=\"350\" src=\"https:\/\/packardhealth.org\/wp-content\/uploads\/2023\/12\/danielle-dubois.png\" class=\"attachment-post-thumbnail size-post-thumbnail wp-post-image\" alt=\"Danielle Dubois\" style=\"object-fit:cover;\" srcset=\"https:\/\/packardhealth.org\/wp-content\/uploads\/2023\/12\/danielle-dubois.png 300w, https:\/\/packardhealth.org\/wp-content\/uploads\/2023\/12\/danielle-dubois-257x300.png 257w, https:\/\/packardhealth.org\/wp-content\/uploads\/2023\/12\/danielle-dubois-216x252.png 216w\" sizes=\"auto, (max-width: 300px) 100vw, 300px\" \/><\/figure>\n\n\r\n<div class=\"people-meta wp-block-acf-people-meta\">\r\n    <h3>Danielle DuBois, PA-C<\/h3>    \r\n\r\n            <p class=\"job-title\">Asistente M\u00e9dico<\/p>  \r\n    \r\n    <a href=\"https:\/\/packardhealth.org\/es\/people\/danielle-dubois-2\/\" class=\"read-more\">Read Bio<\/a>\r\n<\/div><\/div>\n\n<\/li><li class=\"wp-block-post post-7660 people type-people status-publish has-post-thumbnail hentry team-addiction-treatment-team team-primary-care\">\n\n<div class=\"wp-block-group is-layout-flow wp-block-group-is-layout-flow\"><figure class=\"wp-block-post-featured-image\"><img loading=\"lazy\" decoding=\"async\" width=\"300\" height=\"350\" src=\"https:\/\/packardhealth.org\/wp-content\/uploads\/2023\/11\/amanda-hartwell.png\" class=\"attachment-post-thumbnail size-post-thumbnail wp-post-image\" alt=\"\" style=\"object-fit:cover;\" srcset=\"https:\/\/packardhealth.org\/wp-content\/uploads\/2023\/11\/amanda-hartwell.png 300w, https:\/\/packardhealth.org\/wp-content\/uploads\/2023\/11\/amanda-hartwell-257x300.png 257w, https:\/\/packardhealth.org\/wp-content\/uploads\/2023\/11\/amanda-hartwell-216x252.png 216w\" sizes=\"auto, (max-width: 300px) 100vw, 300px\" \/><\/figure>\n\n\r\n<div class=\"people-meta wp-block-acf-people-meta\">\r\n    <h3>Amanda Hartwell, FNP<\/h3>    \r\n\r\n            <p class=\"job-title\">Enfermero(a) de pr\u00e1ctica avanzada familiar<\/p>  \r\n    \r\n    <a href=\"https:\/\/packardhealth.org\/es\/people\/amanda-hartwell-2\/\" class=\"read-more\">Read Bio<\/a>\r\n<\/div><\/div>\n\n<\/li><li class=\"wp-block-post post-7673 people type-people status-publish has-post-thumbnail hentry team-addiction-treatment-team team-behavioral-health-team\">\n\n<div class=\"wp-block-group is-layout-flow wp-block-group-is-layout-flow\"><figure class=\"wp-block-post-featured-image\"><img loading=\"lazy\" decoding=\"async\" width=\"299\" height=\"353\" src=\"https:\/\/packardhealth.org\/wp-content\/uploads\/2021\/05\/Jessica-Heichel-Resized-1.png\" class=\"attachment-post-thumbnail size-post-thumbnail wp-post-image\" alt=\"\" style=\"object-fit:cover;\" srcset=\"https:\/\/packardhealth.org\/wp-content\/uploads\/2021\/05\/Jessica-Heichel-Resized-1.png 299w, https:\/\/packardhealth.org\/wp-content\/uploads\/2021\/05\/Jessica-Heichel-Resized-1-254x300.png 254w, https:\/\/packardhealth.org\/wp-content\/uploads\/2021\/05\/Jessica-Heichel-Resized-1-216x255.png 216w\" sizes=\"auto, (max-width: 299px) 100vw, 299px\" \/><\/figure>\n\n\r\n<div class=\"people-meta wp-block-acf-people-meta\">\r\n    <h3>Jessica Heichel, DNP, CPNP-PC, PMHNP<\/h3>    \r\n\r\n            <p class=\"job-title\">Enfermero\/a psiqui\u00e1trico\/a practicante<\/p>  \r\n    \r\n    <a href=\"https:\/\/packardhealth.org\/es\/people\/jessica-heichel\/\" class=\"read-more\">Read Bio<\/a>\r\n<\/div><\/div>\n\n<\/li><li class=\"wp-block-post post-6750 people type-people status-publish has-post-thumbnail hentry team-addiction-treatment-team team-behavioral-health-team\">\n\n<div class=\"wp-block-group is-layout-flow wp-block-group-is-layout-flow\"><figure class=\"wp-block-post-featured-image\"><img loading=\"lazy\" decoding=\"async\" width=\"299\" height=\"350\" src=\"https:\/\/packardhealth.org\/wp-content\/uploads\/2022\/01\/Humbarger300x350.jpg\" class=\"attachment-post-thumbnail size-post-thumbnail wp-post-image\" alt=\"Humbarger photo\" style=\"object-fit:cover;\" srcset=\"https:\/\/packardhealth.org\/wp-content\/uploads\/2022\/01\/Humbarger300x350.jpg 299w, https:\/\/packardhealth.org\/wp-content\/uploads\/2022\/01\/Humbarger300x350-256x300.jpg 256w, https:\/\/packardhealth.org\/wp-content\/uploads\/2022\/01\/Humbarger300x350-216x253.jpg 216w\" sizes=\"auto, (max-width: 299px) 100vw, 299px\" \/><\/figure>\n\n\r\n<div class=\"people-meta wp-block-acf-people-meta\">\r\n    <h3>Alison Humbarger, LMSW<\/h3>    \r\n\r\n            <p class=\"job-title\">Coordinador de Reingreso MAT<\/p>  \r\n    \r\n    <a href=\"https:\/\/packardhealth.org\/es\/people\/alison-humbarger\/\" class=\"read-more\">Read Bio<\/a>\r\n<\/div><\/div>\n\n<\/li><li class=\"wp-block-post post-7031 people type-people status-publish has-post-thumbnail hentry team-addiction-treatment-team\">\n\n<div class=\"wp-block-group is-layout-flow wp-block-group-is-layout-flow\"><figure class=\"wp-block-post-featured-image\"><img loading=\"lazy\" decoding=\"async\" width=\"300\" height=\"350\" src=\"https:\/\/packardhealth.org\/wp-content\/uploads\/2022\/11\/eliza_hutchinson.png\" class=\"attachment-post-thumbnail size-post-thumbnail wp-post-image\" alt=\"\" style=\"object-fit:cover;\" srcset=\"https:\/\/packardhealth.org\/wp-content\/uploads\/2022\/11\/eliza_hutchinson.png 300w, https:\/\/packardhealth.org\/wp-content\/uploads\/2022\/11\/eliza_hutchinson-257x300.png 257w, https:\/\/packardhealth.org\/wp-content\/uploads\/2022\/11\/eliza_hutchinson-216x252.png 216w\" sizes=\"auto, (max-width: 300px) 100vw, 300px\" \/><\/figure>\n\n\r\n<div class=\"people-meta wp-block-acf-people-meta\">\r\n    <h3>Eliza Hutchinson, MD<\/h3>    \r\n\r\n            <p class=\"job-title\">M\u00e9dico de Familia, Director M\u00e9dico MAT<\/p>  \r\n    \r\n    <a href=\"https:\/\/packardhealth.org\/es\/people\/eliza-hutchinson\/\" class=\"read-more\">Read Bio<\/a>\r\n<\/div><\/div>\n\n<\/li><li class=\"wp-block-post post-8345 people type-people status-publish has-post-thumbnail hentry team-addiction-treatment-team\">\n\n<div class=\"wp-block-group is-layout-flow wp-block-group-is-layout-flow\"><figure class=\"wp-block-post-featured-image\"><img loading=\"lazy\" decoding=\"async\" width=\"300\" height=\"350\" src=\"https:\/\/packardhealth.org\/wp-content\/uploads\/2025\/07\/Enriqueta-Leon.png\" class=\"attachment-post-thumbnail size-post-thumbnail wp-post-image\" alt=\"\" style=\"object-fit:cover;\" srcset=\"https:\/\/packardhealth.org\/wp-content\/uploads\/2025\/07\/Enriqueta-Leon.png 300w, https:\/\/packardhealth.org\/wp-content\/uploads\/2025\/07\/Enriqueta-Leon-257x300.png 257w, https:\/\/packardhealth.org\/wp-content\/uploads\/2025\/07\/Enriqueta-Leon-216x252.png 216w\" sizes=\"auto, (max-width: 300px) 100vw, 300px\" \/><\/figure>\n\n\r\n<div class=\"people-meta wp-block-acf-people-meta\">\r\n    <h3>Enriqueta Leon, CCAR, CNA, CFP<\/h3>    \r\n\r\n            <p class=\"job-title\">Entrenador de Recuperaci\u00f3n entre Pares<\/p>  \r\n    \r\n    <a href=\"https:\/\/packardhealth.org\/es\/people\/enriqueta-leon\/\" class=\"read-more\">Read Bio<\/a>\r\n<\/div><\/div>\n\n<\/li><li class=\"wp-block-post post-5714 people type-people status-publish has-post-thumbnail hentry team-addiction-treatment-team team-primary-care\">\n\n<div class=\"wp-block-group is-layout-flow wp-block-group-is-layout-flow\"><figure class=\"wp-block-post-featured-image\"><img loading=\"lazy\" decoding=\"async\" width=\"300\" height=\"350\" src=\"https:\/\/packardhealth.org\/wp-content\/uploads\/2020\/10\/Daniel-Oram.png\" class=\"attachment-post-thumbnail size-post-thumbnail wp-post-image\" alt=\"\" style=\"object-fit:cover;\" srcset=\"https:\/\/packardhealth.org\/wp-content\/uploads\/2020\/10\/Daniel-Oram.png 300w, https:\/\/packardhealth.org\/wp-content\/uploads\/2020\/10\/Daniel-Oram-257x300.png 257w, https:\/\/packardhealth.org\/wp-content\/uploads\/2020\/10\/Daniel-Oram-216x252.png 216w\" sizes=\"auto, (max-width: 300px) 100vw, 300px\" \/><\/figure>\n\n\r\n<div class=\"people-meta wp-block-acf-people-meta\">\r\n    <h3>Daniel Oram, MD<\/h3>    \r\n\r\n            <p class=\"job-title\">M\u00e9dico de Familia, Equipo de Atenci\u00f3n Prenatal<\/p>  \r\n    \r\n    <a href=\"https:\/\/packardhealth.org\/es\/people\/daniel-oram-2\/\" class=\"read-more\">Read Bio<\/a>\r\n<\/div><\/div>\n\n<\/li><li class=\"wp-block-post post-2411 people type-people status-publish has-post-thumbnail hentry team-addiction-treatment-team team-primary-care\">\n\n<div class=\"wp-block-group is-layout-flow wp-block-group-is-layout-flow\"><figure class=\"wp-block-post-featured-image\"><img loading=\"lazy\" decoding=\"async\" width=\"300\" height=\"350\" src=\"https:\/\/packardhealth.org\/wp-content\/uploads\/2016\/10\/SoniAnkoor.jpg\" class=\"attachment-post-thumbnail size-post-thumbnail wp-post-image\" alt=\"soni_ankoor\" style=\"object-fit:cover;\" srcset=\"https:\/\/packardhealth.org\/wp-content\/uploads\/2016\/10\/SoniAnkoor.jpg 300w, https:\/\/packardhealth.org\/wp-content\/uploads\/2016\/10\/SoniAnkoor-257x300.jpg 257w, https:\/\/packardhealth.org\/wp-content\/uploads\/2016\/10\/SoniAnkoor-216x252.jpg 216w\" sizes=\"auto, (max-width: 300px) 100vw, 300px\" \/><\/figure>\n\n\r\n<div class=\"people-meta wp-block-acf-people-meta\">\r\n    <h3>Ankoor Soni, MD<\/h3>    \r\n\r\n            <p class=\"job-title\">Director M\u00e9dico, M\u00e9dico de Familia<\/p>  \r\n    \r\n    <a href=\"https:\/\/packardhealth.org\/es\/people\/ankoor-soni\/\" class=\"read-more\">Read Bio<\/a>\r\n<\/div><\/div>\n\n<\/li><li class=\"wp-block-post post-4769 people type-people status-publish has-post-thumbnail hentry team-addiction-treatment-team team-behavioral-health-team\">\n\n<div class=\"wp-block-group is-layout-flow wp-block-group-is-layout-flow\"><figure class=\"wp-block-post-featured-image\"><img loading=\"lazy\" decoding=\"async\" width=\"300\" height=\"350\" src=\"https:\/\/packardhealth.org\/wp-content\/uploads\/2020\/09\/Corey-Telin.png\" class=\"attachment-post-thumbnail size-post-thumbnail wp-post-image\" alt=\"\" style=\"object-fit:cover;\" srcset=\"https:\/\/packardhealth.org\/wp-content\/uploads\/2020\/09\/Corey-Telin.png 300w, https:\/\/packardhealth.org\/wp-content\/uploads\/2020\/09\/Corey-Telin-257x300.png 257w, https:\/\/packardhealth.org\/wp-content\/uploads\/2020\/09\/Corey-Telin-216x252.png 216w\" sizes=\"auto, (max-width: 300px) 100vw, 300px\" \/><\/figure>\n\n\r\n<div class=\"people-meta wp-block-acf-people-meta\">\r\n    <h3>Corey Telin, LMSW, MHSA<\/h3>    \r\n\r\n            <p class=\"job-title\">Director de Salud Conductual<\/p>  \r\n    \r\n    <a href=\"https:\/\/packardhealth.org\/es\/people\/corey-telin\/\" class=\"read-more\">Read Bio<\/a>\r\n<\/div><\/div>\n\n<\/li><\/ul><\/div>\n\n\n\n<p><\/p>","protected":false},"excerpt":{"rendered":"<p>Addiction Treatment Team If you or someone you love is struggling with substance use disorder, Packard Health is here to help. Our certified, experienced team provides evidence-based, integrated care \u2014 combining medication-assisted treatment, behavioral health support, and strong community partnerships \u2014 with compassion and respect. Do you have a telehealth appointment?&nbsp;Find your provider&#8217;s waiting room.<\/p>","protected":false},"author":5,"featured_media":10504,"parent":40,"menu_order":0,"comment_status":"closed","ping_status":"closed","template":"","meta":{"_acf_changed":false,"footnotes":"","_links_to":"","_links_to_target":""},"class_list":["post-2415","page","type-page","status-publish","has-post-thumbnail","hentry"],"acf":[],"yoast_head":"<!-- This site is optimized with the Yoast SEO plugin v27.5 - https:\/\/yoast.com\/product\/yoast-seo-wordpress\/ -->\n<title>Addiction Treatment Team - Packard Health<\/title>\n<meta name=\"description\" content=\"If you or someone you love is struggling with substance use disorder, Packard Health is here to help.\" \/>\n<meta name=\"robots\" content=\"index, follow, max-snippet:-1, max-image-preview:large, max-video-preview:-1\" \/>\n<link rel=\"canonical\" href=\"https:\/\/packardhealth.org\/es\/health-care-team\/addiction-treatment-team\/\" \/>\n<meta property=\"og:locale\" content=\"es_MX\" \/>\n<meta property=\"og:type\" content=\"article\" \/>\n<meta property=\"og:title\" content=\"Addiction Treatment Team - Packard Health\" \/>\n<meta property=\"og:description\" content=\"If you or someone you love is struggling with substance use disorder, Packard Health is here to help.\" \/>\n<meta property=\"og:url\" content=\"https:\/\/packardhealth.org\/es\/health-care-team\/addiction-treatment-team\/\" \/>\n<meta property=\"og:site_name\" content=\"Packard Health\" \/>\n<meta property=\"article:modified_time\" content=\"2026-05-06T01:41:17+00:00\" \/>\n<meta property=\"og:image\" content=\"https:\/\/packardhealth.org\/wp-content\/uploads\/2026\/04\/addiction-treatment.jpg\" \/>\n\t<meta property=\"og:image:width\" content=\"1500\" \/>\n\t<meta property=\"og:image:height\" content=\"1000\" \/>\n\t<meta property=\"og:image:type\" content=\"image\/jpeg\" \/>\n<meta name=\"twitter:card\" content=\"summary_large_image\" \/>\n<meta name=\"twitter:label1\" content=\"Tiempo de lectura\" \/>\n\t<meta name=\"twitter:data1\" content=\"1 minuto\" \/>\n<script type=\"application\/ld+json\" class=\"yoast-schema-graph\">{\"@context\":\"https:\\\/\\\/schema.org\",\"@graph\":[{\"@type\":\"WebPage\",\"@id\":\"https:\\\/\\\/packardhealth.org\\\/health-care-team\\\/addiction-treatment-team\\\/\",\"url\":\"https:\\\/\\\/packardhealth.org\\\/health-care-team\\\/addiction-treatment-team\\\/\",\"name\":\"Addiction Treatment Team - Packard Health\",\"isPartOf\":{\"@id\":\"https:\\\/\\\/packardhealth.org\\\/#website\"},\"primaryImageOfPage\":{\"@id\":\"https:\\\/\\\/packardhealth.org\\\/health-care-team\\\/addiction-treatment-team\\\/#primaryimage\"},\"image\":{\"@id\":\"https:\\\/\\\/packardhealth.org\\\/health-care-team\\\/addiction-treatment-team\\\/#primaryimage\"},\"thumbnailUrl\":\"https:\\\/\\\/packardhealth.org\\\/wp-content\\\/uploads\\\/2026\\\/04\\\/provider-2560X1440.jpg\",\"datePublished\":\"2018-11-11T14:59:54+00:00\",\"dateModified\":\"2026-05-06T01:41:17+00:00\",\"description\":\"If you or someone you love is struggling with substance use disorder, Packard Health is here to help.\",\"breadcrumb\":{\"@id\":\"https:\\\/\\\/packardhealth.org\\\/health-care-team\\\/addiction-treatment-team\\\/#breadcrumb\"},\"inLanguage\":\"es\",\"potentialAction\":[{\"@type\":\"ReadAction\",\"target\":[\"https:\\\/\\\/packardhealth.org\\\/health-care-team\\\/addiction-treatment-team\\\/\"]}]},{\"@type\":\"ImageObject\",\"inLanguage\":\"es\",\"@id\":\"https:\\\/\\\/packardhealth.org\\\/health-care-team\\\/addiction-treatment-team\\\/#primaryimage\",\"url\":\"https:\\\/\\\/packardhealth.org\\\/wp-content\\\/uploads\\\/2026\\\/04\\\/provider-2560X1440.jpg\",\"contentUrl\":\"https:\\\/\\\/packardhealth.org\\\/wp-content\\\/uploads\\\/2026\\\/04\\\/provider-2560X1440.jpg\",\"width\":2560,\"height\":1440,\"caption\":\"health provider at laptop\"},{\"@type\":\"BreadcrumbList\",\"@id\":\"https:\\\/\\\/packardhealth.org\\\/health-care-team\\\/addiction-treatment-team\\\/#breadcrumb\",\"itemListElement\":[{\"@type\":\"ListItem\",\"position\":1,\"name\":\"\",\"item\":\"https:\\\/\\\/packardhealth.org\\\/\"},{\"@type\":\"ListItem\",\"position\":2,\"name\":\"Health Care Team\",\"item\":\"https:\\\/\\\/packardhealth.org\\\/health-care-team\\\/\"},{\"@type\":\"ListItem\",\"position\":3,\"name\":\"Addiction Treatment Team\"}]},{\"@type\":\"WebSite\",\"@id\":\"https:\\\/\\\/packardhealth.org\\\/#website\",\"url\":\"https:\\\/\\\/packardhealth.org\\\/\",\"name\":\"Packard Health\",\"description\":\"Health care for everyone.\",\"potentialAction\":[{\"@type\":\"SearchAction\",\"target\":{\"@type\":\"EntryPoint\",\"urlTemplate\":\"https:\\\/\\\/packardhealth.org\\\/?s={search_term_string}\"},\"query-input\":{\"@type\":\"PropertyValueSpecification\",\"valueRequired\":true,\"valueName\":\"search_term_string\"}}],\"inLanguage\":\"es\"}]}<\/script>\n<!-- \/ Yoast SEO plugin. -->","yoast_head_json":{"title":"Addiction Treatment Team - Packard Health","description":"If you or someone you love is struggling with substance use disorder, Packard Health is here to help.","robots":{"index":"index","follow":"follow","max-snippet":"max-snippet:-1","max-image-preview":"max-image-preview:large","max-video-preview":"max-video-preview:-1"},"canonical":"https:\/\/packardhealth.org\/es\/health-care-team\/addiction-treatment-team\/","og_locale":"es_MX","og_type":"article","og_title":"Addiction Treatment Team - Packard Health","og_description":"If you or someone you love is struggling with substance use disorder, Packard Health is here to help.","og_url":"https:\/\/packardhealth.org\/es\/health-care-team\/addiction-treatment-team\/","og_site_name":"Packard Health","article_modified_time":"2026-05-06T01:41:17+00:00","og_image":[{"width":1500,"height":1000,"url":"https:\/\/packardhealth.org\/wp-content\/uploads\/2026\/04\/addiction-treatment.jpg","type":"image\/jpeg"}],"twitter_card":"summary_large_image","twitter_misc":{"Tiempo de lectura":"1 minuto"},"schema":{"@context":"https:\/\/schema.org","@graph":[{"@type":"WebPage","@id":"https:\/\/packardhealth.org\/health-care-team\/addiction-treatment-team\/","url":"https:\/\/packardhealth.org\/health-care-team\/addiction-treatment-team\/","name":"Addiction Treatment Team - Packard Health","isPartOf":{"@id":"https:\/\/packardhealth.org\/#website"},"primaryImageOfPage":{"@id":"https:\/\/packardhealth.org\/health-care-team\/addiction-treatment-team\/#primaryimage"},"image":{"@id":"https:\/\/packardhealth.org\/health-care-team\/addiction-treatment-team\/#primaryimage"},"thumbnailUrl":"https:\/\/packardhealth.org\/wp-content\/uploads\/2026\/04\/provider-2560X1440.jpg","datePublished":"2018-11-11T14:59:54+00:00","dateModified":"2026-05-06T01:41:17+00:00","description":"If you or someone you love is struggling with substance use disorder, Packard Health is here to help.","breadcrumb":{"@id":"https:\/\/packardhealth.org\/health-care-team\/addiction-treatment-team\/#breadcrumb"},"inLanguage":"es","potentialAction":[{"@type":"ReadAction","target":["https:\/\/packardhealth.org\/health-care-team\/addiction-treatment-team\/"]}]},{"@type":"ImageObject","inLanguage":"es","@id":"https:\/\/packardhealth.org\/health-care-team\/addiction-treatment-team\/#primaryimage","url":"https:\/\/packardhealth.org\/wp-content\/uploads\/2026\/04\/provider-2560X1440.jpg","contentUrl":"https:\/\/packardhealth.org\/wp-content\/uploads\/2026\/04\/provider-2560X1440.jpg","width":2560,"height":1440,"caption":"health provider at laptop"},{"@type":"BreadcrumbList","@id":"https:\/\/packardhealth.org\/health-care-team\/addiction-treatment-team\/#breadcrumb","itemListElement":[{"@type":"ListItem","position":1,"name":"","item":"https:\/\/packardhealth.org\/"},{"@type":"ListItem","position":2,"name":"Health Care Team","item":"https:\/\/packardhealth.org\/health-care-team\/"},{"@type":"ListItem","position":3,"name":"Addiction Treatment Team"}]},{"@type":"WebSite","@id":"https:\/\/packardhealth.org\/#website","url":"https:\/\/packardhealth.org\/","name":"Packard Health","description":"Health care for everyone.","potentialAction":[{"@type":"SearchAction","target":{"@type":"EntryPoint","urlTemplate":"https:\/\/packardhealth.org\/?s={search_term_string}"},"query-input":{"@type":"PropertyValueSpecification","valueRequired":true,"valueName":"search_term_string"}}],"inLanguage":"es"}]}},"_links":{"self":[{"href":"https:\/\/packardhealth.org\/es\/wp-json\/wp\/v2\/pages\/2415","targetHints":{"allow":["GET"]}}],"collection":[{"href":"https:\/\/packardhealth.org\/es\/wp-json\/wp\/v2\/pages"}],"about":[{"href":"https:\/\/packardhealth.org\/es\/wp-json\/wp\/v2\/types\/page"}],"author":[{"embeddable":true,"href":"https:\/\/packardhealth.org\/es\/wp-json\/wp\/v2\/users\/5"}],"replies":[{"embeddable":true,"href":"https:\/\/packardhealth.org\/es\/wp-json\/wp\/v2\/comments?post=2415"}],"version-history":[{"count":10,"href":"https:\/\/packardhealth.org\/es\/wp-json\/wp\/v2\/pages\/2415\/revisions"}],"predecessor-version":[{"id":11285,"href":"https:\/\/packardhealth.org\/es\/wp-json\/wp\/v2\/pages\/2415\/revisions\/11285"}],"up":[{"embeddable":true,"href":"https:\/\/packardhealth.org\/es\/wp-json\/wp\/v2\/pages\/40"}],"wp:featuredmedia":[{"embeddable":true,"href":"https:\/\/packardhealth.org\/es\/wp-json\/wp\/v2\/media\/10504"}],"wp:attachment":[{"href":"https:\/\/packardhealth.org\/es\/wp-json\/wp\/v2\/media?parent=2415"}],"curies":[{"name":"wp","href":"https:\/\/api.w.org\/{rel}","templated":true}]}}