{"id":256,"date":"2016-11-15T21:21:09","date_gmt":"2016-11-15T21:21:09","guid":{"rendered":"http:\/\/packardhealth.org\/?page_id=256"},"modified":"2026-05-06T01:32:48","modified_gmt":"2026-05-06T01:32:48","slug":"womens-health","status":"publish","type":"page","link":"https:\/\/packardhealth.org\/es\/services\/womens-health\/","title":{"rendered":"Salud de la mujer"},"content":{"rendered":"<div class=\"wp-block-cover alignfull is-light\" style=\"min-height:200px;aspect-ratio:unset;\"><span aria-hidden=\"true\" class=\"wp-block-cover__background has-blue-400-background-color has-background-dim-0 has-background-dim\"><\/span><img loading=\"lazy\" decoding=\"async\" width=\"1024\" height=\"576\" src=\"https:\/\/packardhealth.org\/wp-content\/uploads\/2026\/04\/patient-nurse-2560X1440-1024x576.jpg\" class=\"wp-block-cover__image-background wp-post-image\" alt=\"patient and nurse\" data-object-fit=\"cover\" data-object-position=\"50% 70%\" style=\"object-position:50% 70%;\" srcset=\"https:\/\/packardhealth.org\/wp-content\/uploads\/2026\/04\/patient-nurse-2560X1440-1024x576.jpg 1024w, https:\/\/packardhealth.org\/wp-content\/uploads\/2026\/04\/patient-nurse-2560X1440-300x169.jpg 300w, https:\/\/packardhealth.org\/wp-content\/uploads\/2026\/04\/patient-nurse-2560X1440-768x432.jpg 768w, https:\/\/packardhealth.org\/wp-content\/uploads\/2026\/04\/patient-nurse-2560X1440-1536x864.jpg 1536w, https:\/\/packardhealth.org\/wp-content\/uploads\/2026\/04\/patient-nurse-2560X1440-2048x1152.jpg 2048w, https:\/\/packardhealth.org\/wp-content\/uploads\/2026\/04\/patient-nurse-2560X1440-1080x608.jpg 1080w\" sizes=\"auto, (max-width: 1024px) 100vw, 1024px\" \/><div class=\"wp-block-cover__inner-container has-global-padding is-layout-constrained wp-block-cover-is-layout-constrained\">\n<p class=\"has-text-align-left\"><\/p>\n<\/div><\/div>\n\n\n\n<h1 class=\"wp-block-heading has-gray-900-color has-text-color has-link-color wp-elements-b3bac3dd242649f4c79e81576a44b9a8\" style=\"margin-top:64px\">Salud de la mujer<\/h1>\n\n\n\n<div class=\"wp-block-columns is-layout-flex wp-container-core-columns-is-layout-90caf18d wp-block-columns-is-layout-flex\" style=\"padding-top:50px;padding-bottom:50px\">\n<div class=\"wp-block-column is-layout-flow wp-block-column-is-layout-flow\" style=\"flex-basis:68%\">\n<div class=\"wp-block-columns is-layout-flex wp-container-core-columns-is-layout-500fc115 wp-block-columns-is-layout-flex\">\n<div class=\"wp-block-column is-layout-flow wp-block-column-is-layout-flow\">\n<figure class=\"wp-block-image size-large has-custom-border is-style-default\"><img loading=\"lazy\" decoding=\"async\" width=\"1024\" height=\"677\" src=\"https:\/\/packardhealth.org\/wp-content\/uploads\/2026\/04\/C4754-1500X1000-1024x677.jpg\" alt=\"Woman talking with care provider.\" class=\"wp-image-9787\" style=\"border-top-left-radius:20px;border-top-right-radius:20px;border-bottom-left-radius:20px;border-bottom-right-radius:20px;aspect-ratio:3\/2;object-fit:cover\" srcset=\"https:\/\/packardhealth.org\/wp-content\/uploads\/2026\/04\/C4754-1500X1000-1024x677.jpg 1024w, https:\/\/packardhealth.org\/wp-content\/uploads\/2026\/04\/C4754-1500X1000-300x198.jpg 300w, https:\/\/packardhealth.org\/wp-content\/uploads\/2026\/04\/C4754-1500X1000-768x508.jpg 768w, https:\/\/packardhealth.org\/wp-content\/uploads\/2026\/04\/C4754-1500X1000-1080x714.jpg 1080w, https:\/\/packardhealth.org\/wp-content\/uploads\/2026\/04\/C4754-1500X1000.jpg 1512w\" sizes=\"auto, (max-width: 1024px) 100vw, 1024px\" \/><\/figure>\n<\/div>\n\n\n\n<div class=\"wp-block-column is-layout-flow wp-block-column-is-layout-flow\">\n<p class=\"has-paragraph-large-font-size\">Las mujeres enfrentan desaf\u00edos de salud \u00fanicos \u2014 e incluso las condiciones que afectan a ambos sexos pueden impactar a las mujeres de maneras particulares. En Packard, nuestro equipo de atenci\u00f3n est\u00e1 equipado para satisfacer esas necesidades en cada etapa de la vida.<\/p>\n<\/div>\n<\/div>\n\n\n\n<div style=\"height:20px\" aria-hidden=\"true\" class=\"wp-block-spacer\"><\/div>\n\n\n\n<h2 class=\"wp-block-heading\">La salud de la mujer es diferente \u2013 tu atenci\u00f3n tambi\u00e9n deber\u00eda serlo<\/h2>\n\n\n\n<p>Desde los primeros cambios de la pubertad hasta el embarazo, la menopausia y m\u00e1s all\u00e1, los proveedores de Packard te acompa\u00f1an en cada paso del camino. Trabajando con compasi\u00f3n y colaboraci\u00f3n, se toman el tiempo para comprender realmente tus necesidades individuales y crear un plan de atenci\u00f3n dise\u00f1ado para ti.<\/p>\n\n\n\n<div class=\"wp-block-buttons is-layout-flex wp-block-buttons-is-layout-flex\">\n<div class=\"wp-block-button\"><a class=\"wp-block-button__link wp-element-button\" href=\"\/es\/primary-care\/\">Conozca a nuestros proveedores de atenci\u00f3n primaria<\/a><\/div>\n<\/div>\n\n\n\n<div style=\"height:20px\" aria-hidden=\"true\" class=\"wp-block-spacer\"><\/div>\n\n\n\n<h3 class=\"wp-block-heading\">Servicios incluyen:<\/h3>\n\n\n\n<ul class=\"wp-block-list\">\n<li>Anticonceptivos orales e inyecciones Depo<\/li>\n\n\n\n<li>Colocaci\u00f3n de DIU e implantes de brazo Nexplanon<\/li>\n\n\n\n<li>Programa de Atenci\u00f3n Materno Infantil (asesor\u00eda preconcepcional, todas las visitas prenatales, atenci\u00f3n posparto para la madre despu\u00e9s del parto y luego atenci\u00f3n pedi\u00e1trica para reci\u00e9n nacidos)<\/li>\n\n\n\n<li>Detecci\u00f3n de c\u00e1ncer de cuello uterino<\/li>\n\n\n\n<li>Examen de detecci\u00f3n de c\u00e1ncer de mama (referencias para mamograf\u00edas)<\/li>\n\n\n\n<li>Educaci\u00f3n, detecci\u00f3n y tratamiento de infecciones de transmisi\u00f3n sexual<\/li>\n<\/ul>\n\n\n\n<div style=\"height:8px\" aria-hidden=\"true\" class=\"wp-block-spacer\"><\/div>\n<\/div>\n\n\n\n<div class=\"wp-block-column is-layout-flow wp-block-column-is-layout-flow\" style=\"flex-basis:25%\">\n<div class=\"wp-block-columns is-layout-flex wp-container-core-columns-is-layout-28f84493 wp-block-columns-is-layout-flex\">\n<div class=\"wp-block-column has-blue-200-background-color has-background is-layout-flow wp-block-column-is-layout-flow\" style=\"border-top-left-radius:20px;border-top-right-radius:20px;border-bottom-left-radius:20px;border-bottom-right-radius:20px;padding-top:24px;padding-right:24px;padding-bottom:24px;padding-left:24px\"><div class=\"wp-block-safe-svg-svg-icon safe-svg-cover wp-elements-85f0f68652444d88155c4c6d87b16c8f\" style=\"text-align: left;\">\n\t\t\t\t<div class=\"safe-svg-inside safe-svg-inline wp-elements-85f0f68652444d88155c4c6d87b16c8f\" style=\"width: 55px; height: 55px; background-color: var(--wp--preset--color--); color: var(--wp--preset--color--blue-400); padding-top: 0; padding-right: ; padding-bottom: 0; padding-left: ; margin-top: 0; margin-right: ; margin-bottom: 0; margin-left: ;\"><?xml version=\"1.0\" encoding=\"UTF-8\"?> <svg xmlns=\"http:\/\/www.w3.org\/2000\/svg\" viewbox=\"0 0 640 640\"><path d=\"M498.8 250.5L541.3 208L576 208C593.7 208 608 193.7 608 176L608 112C608 94.3 593.7 80 576 80L255.6 80C226.6 80 198.3 89.3 174.9 106.5L48.3 199.8C30.5 212.9 26.7 237.9 39.8 255.7C52.9 273.5 77.9 277.3 95.7 264.2L215.4 176L328 176C341.3 176 352 186.7 352 200C352 213.3 341.3 224 328 224L256 224C238.3 224 224 238.3 224 256C224 273.7 238.3 288 256 288L408.2 288C442.1 288 474.7 274.5 498.7 250.5zM141.3 389.5L98.7 432L64 432C46.3 432 32 446.3 32 464L32 528C32 545.7 46.3 560 64 560L384.5 560C413.5 560 441.8 550.7 465.2 533.5L591.8 440.2C609.6 427.1 613.4 402.1 600.3 384.3C587.2 366.5 562.2 362.7 544.4 375.8L424.6 464L312 464C298.7 464 288 453.3 288 440C288 426.7 298.7 416 312 416L384 416C401.7 416 416 401.7 416 384C416 366.3 401.7 352 384 352L231.8 352C197.9 352 165.3 365.5 141.3 389.5z\"><\/path><\/svg> <\/div>\n\t\t\t<\/div>\n\n\n<h5 class=\"wp-block-heading has-gray-900-color has-text-color has-link-color wp-elements-0fe4eac83cfbb2c0edff140e7e33157b\" style=\"margin-top:var(--wp--preset--spacing--20)\"><a href=\"\/es\/patient-support\/\">Sobre los servicios de apoyo al paciente<\/a><\/h5>\n\n\n\n<p style=\"margin-top:var(--wp--preset--spacing--20);margin-bottom:var(--wp--preset--spacing--20)\">Obtenga ayuda con los gastos de comida, transporte y medicamentos.<\/p>\n<\/div>\n<\/div>\n\n\n\n<div class=\"wp-block-columns is-layout-flex wp-container-core-columns-is-layout-28f84493 wp-block-columns-is-layout-flex\">\n<div class=\"wp-block-column has-orange-200-background-color has-background is-layout-flow wp-block-column-is-layout-flow\" style=\"border-top-left-radius:20px;border-top-right-radius:20px;border-bottom-left-radius:20px;border-bottom-right-radius:20px;padding-top:24px;padding-right:24px;padding-bottom:24px;padding-left:24px\"><div class=\"wp-block-safe-svg-svg-icon safe-svg-cover wp-elements-9809d6c14ece2aa72669218e05e84774\" style=\"text-align: left;\">\n\t\t\t\t<div class=\"safe-svg-inside safe-svg-inline wp-elements-9809d6c14ece2aa72669218e05e84774\" style=\"width: 55px; height: 55px; background-color: var(--wp--preset--color--); color: var(--wp--preset--color--orange-400); padding-top: 0; padding-right: ; padding-bottom: 0; padding-left: ; margin-top: 0; margin-right: ; margin-bottom: 0; margin-left: ;\"><?xml version=\"1.0\" encoding=\"UTF-8\"?> <svg xmlns=\"http:\/\/www.w3.org\/2000\/svg\" viewbox=\"0 0 640 640\"><path d=\"M352 96C352 78.3 337.7 64 320 64C302.3 64 288 78.3 288 96L288 304C288 312.8 280.8 320 272 320C263.2 320 256 312.8 256 304L256 128C256 110.3 241.7 96 224 96C206.3 96 192 110.3 192 128L192 400C192 401.5 192 403.1 192.1 404.6L131.6 347C115.6 331.8 90.3 332.4 75 348.4C59.7 364.4 60.4 389.7 76.4 405L188.8 512C231.9 553.1 289.2 576 348.8 576L368 576C465.2 576 544 497.2 544 400L544 192C544 174.3 529.7 160 512 160C494.3 160 480 174.3 480 192L480 304C480 312.8 472.8 320 464 320C455.2 320 448 312.8 448 304L448 128C448 110.3 433.7 96 416 96C398.3 96 384 110.3 384 128L384 304C384 312.8 376.8 320 368 320C359.2 320 352 312.8 352 304L352 96z\"><\/path><\/svg> <\/div>\n\t\t\t<\/div>\n\n\n<h5 class=\"wp-block-heading has-gray-900-color has-text-color has-link-color wp-elements-76c57a0af539abed739a5cdd38cc7b16\" style=\"margin-top:var(--wp--preset--spacing--20)\"><a href=\"\/es\/community-resources\/\">Aprende sobre recursos comunitarios<\/a><\/h5>\n\n\n\n<p style=\"margin-top:var(--wp--preset--spacing--20);margin-bottom:var(--wp--preset--spacing--20)\">Tu red de apoyo en el condado de Washtenaw.<\/p>\n<\/div>\n<\/div>\n<\/div>\n<\/div>","protected":false},"excerpt":{"rendered":"<p>Women\u2019s Health Women face distinct health challenges \u2014 and even conditions that affect both sexes can impact women in unique ways. At Packard, our care team is equipped to meet those needs at every stage of life. Women&#8217;s Health Is Different &#8211; Your Care Should Be Too From the first changes of puberty through pregnancy, [&hellip;]<\/p>\n","protected":false},"author":12,"featured_media":10764,"parent":62,"menu_order":0,"comment_status":"closed","ping_status":"closed","template":"","meta":{"_acf_changed":false,"footnotes":"","_links_to":"","_links_to_target":""},"class_list":["post-256","page","type-page","status-publish","has-post-thumbnail","hentry"],"acf":[],"yoast_head":"<!-- This site is optimized with the Yoast SEO plugin v27.5 - https:\/\/yoast.com\/product\/yoast-seo-wordpress\/ -->\n<title>Women\u2019s Health - Packard Health<\/title>\n<meta name=\"description\" content=\"Packard\u2019s health care team understands the medical needs of women. They care for women of all ages.\" \/>\n<meta name=\"robots\" content=\"index, follow, max-snippet:-1, max-image-preview:large, max-video-preview:-1\" \/>\n<link rel=\"canonical\" href=\"https:\/\/packardhealth.org\/es\/services\/womens-health\/\" \/>\n<meta property=\"og:locale\" content=\"es_MX\" \/>\n<meta property=\"og:type\" content=\"article\" \/>\n<meta property=\"og:title\" content=\"Women\u2019s Health - Packard Health\" \/>\n<meta property=\"og:description\" content=\"Packard\u2019s health care team understands the medical needs of women. They care for women of all ages.\" \/>\n<meta property=\"og:url\" content=\"https:\/\/packardhealth.org\/es\/services\/womens-health\/\" \/>\n<meta property=\"og:site_name\" content=\"Packard Health\" \/>\n<meta property=\"article:modified_time\" content=\"2026-05-06T01:32:48+00:00\" \/>\n<meta property=\"og:image\" content=\"https:\/\/packardhealth.org\/wp-content\/uploads\/2026\/04\/patient-nurse-2560X1440.jpg\" \/>\n\t<meta property=\"og:image:width\" content=\"2560\" \/>\n\t<meta property=\"og:image:height\" content=\"1440\" \/>\n\t<meta property=\"og:image:type\" content=\"image\/jpeg\" \/>\n<meta name=\"twitter:card\" content=\"summary_large_image\" \/>\n<meta name=\"twitter:label1\" content=\"Tiempo de lectura\" \/>\n\t<meta name=\"twitter:data1\" content=\"2 minutos\" \/>\n<script type=\"application\/ld+json\" class=\"yoast-schema-graph\">{\"@context\":\"https:\\\/\\\/schema.org\",\"@graph\":[{\"@type\":\"WebPage\",\"@id\":\"https:\\\/\\\/packardhealth.org\\\/services\\\/womens-health\\\/\",\"url\":\"https:\\\/\\\/packardhealth.org\\\/services\\\/womens-health\\\/\",\"name\":\"Women\u2019s Health - Packard Health\",\"isPartOf\":{\"@id\":\"https:\\\/\\\/packardhealth.org\\\/#website\"},\"primaryImageOfPage\":{\"@id\":\"https:\\\/\\\/packardhealth.org\\\/services\\\/womens-health\\\/#primaryimage\"},\"image\":{\"@id\":\"https:\\\/\\\/packardhealth.org\\\/services\\\/womens-health\\\/#primaryimage\"},\"thumbnailUrl\":\"https:\\\/\\\/packardhealth.org\\\/wp-content\\\/uploads\\\/2026\\\/04\\\/patient-nurse-2560X1440.jpg\",\"datePublished\":\"2016-11-15T21:21:09+00:00\",\"dateModified\":\"2026-05-06T01:32:48+00:00\",\"description\":\"Packard\u2019s health care team understands the medical needs of women. They care for women of all ages.\",\"breadcrumb\":{\"@id\":\"https:\\\/\\\/packardhealth.org\\\/services\\\/womens-health\\\/#breadcrumb\"},\"inLanguage\":\"es\",\"potentialAction\":[{\"@type\":\"ReadAction\",\"target\":[\"https:\\\/\\\/packardhealth.org\\\/services\\\/womens-health\\\/\"]}]},{\"@type\":\"ImageObject\",\"inLanguage\":\"es\",\"@id\":\"https:\\\/\\\/packardhealth.org\\\/services\\\/womens-health\\\/#primaryimage\",\"url\":\"https:\\\/\\\/packardhealth.org\\\/wp-content\\\/uploads\\\/2026\\\/04\\\/patient-nurse-2560X1440.jpg\",\"contentUrl\":\"https:\\\/\\\/packardhealth.org\\\/wp-content\\\/uploads\\\/2026\\\/04\\\/patient-nurse-2560X1440.jpg\",\"width\":2560,\"height\":1440,\"caption\":\"patient and nurse\"},{\"@type\":\"BreadcrumbList\",\"@id\":\"https:\\\/\\\/packardhealth.org\\\/services\\\/womens-health\\\/#breadcrumb\",\"itemListElement\":[{\"@type\":\"ListItem\",\"position\":1,\"name\":\"\",\"item\":\"https:\\\/\\\/packardhealth.org\\\/\"},{\"@type\":\"ListItem\",\"position\":2,\"name\":\"Services\",\"item\":\"https:\\\/\\\/packardhealth.org\\\/services\\\/\"},{\"@type\":\"ListItem\",\"position\":3,\"name\":\"Women\u2019s Health\"}]},{\"@type\":\"WebSite\",\"@id\":\"https:\\\/\\\/packardhealth.org\\\/#website\",\"url\":\"https:\\\/\\\/packardhealth.org\\\/\",\"name\":\"Packard Health\",\"description\":\"Health care for everyone.\",\"potentialAction\":[{\"@type\":\"SearchAction\",\"target\":{\"@type\":\"EntryPoint\",\"urlTemplate\":\"https:\\\/\\\/packardhealth.org\\\/?s={search_term_string}\"},\"query-input\":{\"@type\":\"PropertyValueSpecification\",\"valueRequired\":true,\"valueName\":\"search_term_string\"}}],\"inLanguage\":\"es\"}]}<\/script>\n<!-- \/ Yoast SEO plugin. -->","yoast_head_json":{"title":"Women\u2019s Health - Packard Health","description":"Packard\u2019s health care team understands the medical needs of women. They care for women of all ages.","robots":{"index":"index","follow":"follow","max-snippet":"max-snippet:-1","max-image-preview":"max-image-preview:large","max-video-preview":"max-video-preview:-1"},"canonical":"https:\/\/packardhealth.org\/es\/services\/womens-health\/","og_locale":"es_MX","og_type":"article","og_title":"Women\u2019s Health - Packard Health","og_description":"Packard\u2019s health care team understands the medical needs of women. They care for women of all ages.","og_url":"https:\/\/packardhealth.org\/es\/services\/womens-health\/","og_site_name":"Packard Health","article_modified_time":"2026-05-06T01:32:48+00:00","og_image":[{"width":2560,"height":1440,"url":"https:\/\/packardhealth.org\/wp-content\/uploads\/2026\/04\/patient-nurse-2560X1440.jpg","type":"image\/jpeg"}],"twitter_card":"summary_large_image","twitter_misc":{"Tiempo de lectura":"2 minutos"},"schema":{"@context":"https:\/\/schema.org","@graph":[{"@type":"WebPage","@id":"https:\/\/packardhealth.org\/services\/womens-health\/","url":"https:\/\/packardhealth.org\/services\/womens-health\/","name":"Women\u2019s Health - Packard Health","isPartOf":{"@id":"https:\/\/packardhealth.org\/#website"},"primaryImageOfPage":{"@id":"https:\/\/packardhealth.org\/services\/womens-health\/#primaryimage"},"image":{"@id":"https:\/\/packardhealth.org\/services\/womens-health\/#primaryimage"},"thumbnailUrl":"https:\/\/packardhealth.org\/wp-content\/uploads\/2026\/04\/patient-nurse-2560X1440.jpg","datePublished":"2016-11-15T21:21:09+00:00","dateModified":"2026-05-06T01:32:48+00:00","description":"Packard\u2019s health care team understands the medical needs of women. They care for women of all ages.","breadcrumb":{"@id":"https:\/\/packardhealth.org\/services\/womens-health\/#breadcrumb"},"inLanguage":"es","potentialAction":[{"@type":"ReadAction","target":["https:\/\/packardhealth.org\/services\/womens-health\/"]}]},{"@type":"ImageObject","inLanguage":"es","@id":"https:\/\/packardhealth.org\/services\/womens-health\/#primaryimage","url":"https:\/\/packardhealth.org\/wp-content\/uploads\/2026\/04\/patient-nurse-2560X1440.jpg","contentUrl":"https:\/\/packardhealth.org\/wp-content\/uploads\/2026\/04\/patient-nurse-2560X1440.jpg","width":2560,"height":1440,"caption":"patient and nurse"},{"@type":"BreadcrumbList","@id":"https:\/\/packardhealth.org\/services\/womens-health\/#breadcrumb","itemListElement":[{"@type":"ListItem","position":1,"name":"","item":"https:\/\/packardhealth.org\/"},{"@type":"ListItem","position":2,"name":"Services","item":"https:\/\/packardhealth.org\/services\/"},{"@type":"ListItem","position":3,"name":"Women\u2019s Health"}]},{"@type":"WebSite","@id":"https:\/\/packardhealth.org\/#website","url":"https:\/\/packardhealth.org\/","name":"Packard Health","description":"Health care for everyone.","potentialAction":[{"@type":"SearchAction","target":{"@type":"EntryPoint","urlTemplate":"https:\/\/packardhealth.org\/?s={search_term_string}"},"query-input":{"@type":"PropertyValueSpecification","valueRequired":true,"valueName":"search_term_string"}}],"inLanguage":"es"}]}},"_links":{"self":[{"href":"https:\/\/packardhealth.org\/es\/wp-json\/wp\/v2\/pages\/256","targetHints":{"allow":["GET"]}}],"collection":[{"href":"https:\/\/packardhealth.org\/es\/wp-json\/wp\/v2\/pages"}],"about":[{"href":"https:\/\/packardhealth.org\/es\/wp-json\/wp\/v2\/types\/page"}],"author":[{"embeddable":true,"href":"https:\/\/packardhealth.org\/es\/wp-json\/wp\/v2\/users\/12"}],"replies":[{"embeddable":true,"href":"https:\/\/packardhealth.org\/es\/wp-json\/wp\/v2\/comments?post=256"}],"version-history":[{"count":24,"href":"https:\/\/packardhealth.org\/es\/wp-json\/wp\/v2\/pages\/256\/revisions"}],"predecessor-version":[{"id":11279,"href":"https:\/\/packardhealth.org\/es\/wp-json\/wp\/v2\/pages\/256\/revisions\/11279"}],"up":[{"embeddable":true,"href":"https:\/\/packardhealth.org\/es\/wp-json\/wp\/v2\/pages\/62"}],"wp:featuredmedia":[{"embeddable":true,"href":"https:\/\/packardhealth.org\/es\/wp-json\/wp\/v2\/media\/10764"}],"wp:attachment":[{"href":"https:\/\/packardhealth.org\/es\/wp-json\/wp\/v2\/media?parent=256"}],"curies":[{"name":"wp","href":"https:\/\/api.w.org\/{rel}","templated":true}]}}