{"id":330,"date":"2016-11-29T17:19:28","date_gmt":"2016-11-29T17:19:28","guid":{"rendered":"http:\/\/packardhealth.org\/?page_id=330"},"modified":"2026-05-04T18:57:33","modified_gmt":"2026-05-04T18:57:33","slug":"make-an-appointment","status":"publish","type":"page","link":"https:\/\/packardhealth.org\/es\/for-patients\/make-an-appointment\/","title":{"rendered":"Hacer una cita"},"content":{"rendered":"<div class=\"wp-block-cover alignfull is-light has-custom-content-position is-position-center-right\" style=\"min-height:200px;aspect-ratio:unset;\"><span aria-hidden=\"true\" class=\"wp-block-cover__background has-blue-400-background-color has-background-dim-0 has-background-dim\"><\/span><img loading=\"lazy\" decoding=\"async\" width=\"1024\" height=\"576\" src=\"https:\/\/packardhealth.org\/wp-content\/uploads\/2026\/04\/patient-doctor-2560X1440-1024x576.jpg\" class=\"wp-block-cover__image-background wp-post-image\" alt=\"patient doctor stethoscope\" data-object-fit=\"cover\" data-object-position=\"49% 13%\" style=\"object-position:49% 13%;\" srcset=\"https:\/\/packardhealth.org\/wp-content\/uploads\/2026\/04\/patient-doctor-2560X1440-1024x576.jpg 1024w, https:\/\/packardhealth.org\/wp-content\/uploads\/2026\/04\/patient-doctor-2560X1440-300x169.jpg 300w, https:\/\/packardhealth.org\/wp-content\/uploads\/2026\/04\/patient-doctor-2560X1440-768x432.jpg 768w, https:\/\/packardhealth.org\/wp-content\/uploads\/2026\/04\/patient-doctor-2560X1440-1536x864.jpg 1536w, https:\/\/packardhealth.org\/wp-content\/uploads\/2026\/04\/patient-doctor-2560X1440-2048x1152.jpg 2048w, https:\/\/packardhealth.org\/wp-content\/uploads\/2026\/04\/patient-doctor-2560X1440-1080x608.jpg 1080w\" sizes=\"auto, (max-width: 1024px) 100vw, 1024px\" \/><div class=\"wp-block-cover__inner-container has-global-padding is-layout-constrained wp-block-cover-is-layout-constrained\">\n<p class=\"has-text-align-left\"><\/p>\n<\/div><\/div>\n\n\n\n<h1 class=\"wp-block-heading\" style=\"margin-top:64px\">Hacer una cita<\/h1>\n\n\n\n<div style=\"height:10px\" aria-hidden=\"true\" class=\"wp-block-spacer\"><\/div>\n\n\n\n<p class=\"has-vivid-red-color has-text-color has-link-color wp-elements-36a3f4019c994b6d9a9020e07ad1c66c\"><strong>Si usted est\u00e1 experimentando una emergencia m\u00e9dica, llame al 9-1-1<\/strong>.<\/p>\n\n\n\n<div class=\"wp-block-columns is-layout-flex wp-container-core-columns-is-layout-eec792fa wp-block-columns-is-layout-flex\" style=\"padding-top:50px;padding-bottom:50px\">\n<div class=\"wp-block-column is-layout-flow wp-block-column-is-layout-flow\" style=\"flex-basis:70%\">\n<div class=\"wp-block-columns is-layout-flex wp-container-core-columns-is-layout-28f84493 wp-block-columns-is-layout-flex\">\n<div class=\"wp-block-column is-layout-flow wp-block-column-is-layout-flow\">\n<figure class=\"wp-block-image size-large has-custom-border\"><img loading=\"lazy\" decoding=\"async\" width=\"1024\" height=\"683\" src=\"https:\/\/packardhealth.org\/wp-content\/uploads\/2026\/04\/2024-37-1500X1000-1024x683.jpg\" alt=\"mother and children checking in at Packard Health Main front desk\" class=\"wp-image-10549\" style=\"border-top-left-radius:20px;border-top-right-radius:20px;border-bottom-left-radius:20px;border-bottom-right-radius:20px\" srcset=\"https:\/\/packardhealth.org\/wp-content\/uploads\/2026\/04\/2024-37-1500X1000-1024x683.jpg 1024w, https:\/\/packardhealth.org\/wp-content\/uploads\/2026\/04\/2024-37-1500X1000-300x200.jpg 300w, https:\/\/packardhealth.org\/wp-content\/uploads\/2026\/04\/2024-37-1500X1000-768x512.jpg 768w, https:\/\/packardhealth.org\/wp-content\/uploads\/2026\/04\/2024-37-1500X1000-1080x720.jpg 1080w, https:\/\/packardhealth.org\/wp-content\/uploads\/2026\/04\/2024-37-1500X1000.jpg 1500w\" sizes=\"auto, (max-width: 1024px) 100vw, 1024px\" \/><\/figure>\n<\/div>\n\n\n\n<div class=\"wp-block-column is-layout-flow wp-block-column-is-layout-flow\">\n<p class=\"has-paragraph-large-font-size\">Para todas las ubicaciones, por favor programe una cita antes de su llegada llamando al <a href=\"tel: 7349711073\">(734) 971-1073<\/a>. Si ya es paciente, puede agendar su cita a trav\u00e9s de <a href=\"\/es\/for-patients\/mychart-patient-portal\/\">Portal del Paciente MyChart<\/a>.<\/p>\n<\/div>\n<\/div>\n\n\n\n<div style=\"height:8px\" aria-hidden=\"true\" class=\"wp-block-spacer\"><\/div>\n\n\n\n<h2 class=\"wp-block-heading\"><strong>Visitas presenciales<\/strong><\/h2>\n\n\n\n<p>Packard Health tiene tres ubicaciones para citas presenciales de pacientes en el \u00e1rea de Ann Arbor-Ypsilanti.<\/p>\n\n\n\n<p><a href=\"\/es\/locations\/packard-main\/\">Packard Health Principal \u2013 Carpenter Rd.<\/a><br><a href=\"\/es\/locations\/packard-ypsilanti\/\">Packard Health Ypsilanti<\/a><br><a href=\"\/es\/locations\/packard-west\/\">Packard Health West<\/a><\/p>\n\n\n\n<p>Sigue los enlaces de arriba para ver la direcci\u00f3n, el horario y las rutas de autob\u00fas.<\/p>\n\n\n\n<div style=\"height:8px\" aria-hidden=\"true\" class=\"wp-block-spacer\"><\/div>\n\n\n\n<h2 class=\"wp-block-heading\"><strong>Consultas de telesalud<\/strong><\/h2>\n\n\n\n<p>Hay algunas citas disponibles por telemedicina. <a href=\"\/es\/for-patients\/telehealth\/\">Aprende m\u00e1s o encuentra la sala de espera de video de tu proveedor.<\/a><\/p>\n\n\n\n<div style=\"height:8px\" aria-hidden=\"true\" class=\"wp-block-spacer\"><\/div>\n\n\n\n<h2 class=\"wp-block-heading\"><strong>Cancelaciones<\/strong><\/h2>\n\n\n\n<p>Si no puede asistir a su cita programada, por favor, canc\u00e9lela con al menos 24 horas de anticipaci\u00f3n a la hora de su cita, siempre que sea posible, como cortes\u00eda para sus compa\u00f1eros pacientes y nuestro personal.<\/p>\n\n\n\n<div style=\"height:8px\" aria-hidden=\"true\" class=\"wp-block-spacer\"><\/div>\n\n\n\n<h2 class=\"wp-block-heading\"><strong>Vacunas contra la gripe y vacunas contra el COVID-19<\/strong><\/h2>\n\n\n\n<p>Llamar <strong> <a href=\"tel: 7349711073\">(734) 971-1073<\/a><\/strong> para programar una cita para la vacuna contra la gripe o el COVID-19.<\/p>\n\n\n\n<div style=\"height:8px\" aria-hidden=\"true\" class=\"wp-block-spacer\"><\/div>\n\n\n\n<h2 class=\"wp-block-heading\"><strong>Pautas para visitas presenciales<\/strong><\/h2>\n\n\n\n<p>Por la seguridad, protecci\u00f3n y salud de nuestros pacientes y personal, le pedimos su cooperaci\u00f3n con las siguientes pautas al acudir a nuestras cl\u00ednicas. Gracias.<\/p>\n\n\n\n<ul class=\"wp-block-list\">\n<li>Sin armas<\/li>\n\n\n\n<li>No fumar<\/li>\n\n\n\n<li>No grabar ni filmar<\/li>\n\n\n\n<li>No se admiten mascotas, excepto animales de servicio registrados<\/li>\n\n\n\n<li>Pol\u00edtica de enmascaramiento <em>(Vigente a partir del 22\/5\/2023)<\/em>\n<ul class=\"wp-block-list\">\n<li>Se requiere que los pacientes con cualquier s\u00edntoma respiratorio (nariz tapada, tos, dolor de garganta) usen mascarilla.<\/li>\n\n\n\n<li>El uso de mascarillas en el sitio es opcional para pacientes, visitantes y personal, y apoyamos la elecci\u00f3n individual de cada persona. Las mascarillas est\u00e1n disponibles en las entradas de la cl\u00ednica y bajo petici\u00f3n.<\/li>\n\n\n\n<li>Si el paciente lo solicita, el personal usar\u00e1 cubrebocas al brindar atenci\u00f3n.<\/li>\n\n\n\n<li>El personal debe usar mascarillas N95\/EPP al brindar atenci\u00f3n a pacientes con enfermedades respiratorias, si el COVID-19 no ha sido descartado con una prueba negativa.<\/li>\n<\/ul>\n<\/li>\n\n\n\n<li>Pacientes y visitantes con COVID-19 conocido no deben acudir a las cl\u00ednicas.<\/li>\n<\/ul>\n<\/div>\n\n\n\n<div class=\"wp-block-column is-layout-flow wp-block-column-is-layout-flow\" style=\"flex-basis:25%\">\n<div class=\"wp-block-columns is-layout-flex wp-container-core-columns-is-layout-28f84493 wp-block-columns-is-layout-flex\">\n<div class=\"wp-block-column has-green-200-background-color has-background is-layout-flow wp-block-column-is-layout-flow\" style=\"border-top-left-radius:20px;border-top-right-radius:20px;border-bottom-left-radius:20px;border-bottom-right-radius:20px;padding-top:24px;padding-right:24px;padding-bottom:24px;padding-left:24px\"><div class=\"wp-block-safe-svg-svg-icon safe-svg-cover wp-elements-8400851f7ddea9c267584f04dd58b7c3\" style=\"text-align: left;\">\n\t\t\t\t<div class=\"safe-svg-inside safe-svg-inline wp-elements-8400851f7ddea9c267584f04dd58b7c3\" style=\"width: 55px; height: 55px; background-color: var(--wp--preset--color--); color: var(--wp--preset--color--green-400); padding-top: 0; padding-right: ; padding-bottom: 0; padding-left: ; margin-top: 0; margin-right: ; margin-bottom: 0; margin-left: ;\"><?xml version=\"1.0\" encoding=\"UTF-8\"?> <svg xmlns=\"http:\/\/www.w3.org\/2000\/svg\" viewbox=\"0 0 640 640\"><path d=\"M64 112C64 85.5 85.5 64 112 64L160 64C177.7 64 192 78.3 192 96C192 113.7 177.7 128 160 128L128 128L128 256C128 309 171 352 224 352C277 352 320 309 320 256L320 128L288 128C270.3 128 256 113.7 256 96C256 78.3 270.3 64 288 64L336 64C362.5 64 384 85.5 384 112L384 256C384 333.4 329 398 256 412.8L256 432C256 493.9 306.1 544 368 544C429.9 544 480 493.9 480 432L480 346.5C442.7 333.3 416 297.8 416 256C416 203 459 160 512 160C565 160 608 203 608 256C608 297.8 581.3 333.4 544 346.5L544 432C544 529.2 465.2 608 368 608C270.8 608 192 529.2 192 432L192 412.8C119 398 64 333.4 64 256L64 112zM512 288C529.7 288 544 273.7 544 256C544 238.3 529.7 224 512 224C494.3 224 480 238.3 480 256C480 273.7 494.3 288 512 288z\"><\/path><\/svg> <\/div>\n\t\t\t<\/div>\n\n\n<h5 class=\"wp-block-heading has-gray-900-color has-text-color has-link-color wp-elements-3ffde639eb22ad6359a57217bc62b3f8\" style=\"margin-top:var(--wp--preset--spacing--20)\"><a href=\"\/es\/telehealth\/\">Programar una visita de telesalud<\/a><\/h5>\n\n\n\n<p style=\"margin-top:var(--wp--preset--spacing--20);margin-bottom:var(--wp--preset--spacing--20)\">Con\u00e9ctese con su proveedor o terapeuta de Packard Health en l\u00ednea desde la comodidad de su hogar.<\/p>\n<\/div>\n<\/div>\n\n\n\n<div class=\"wp-block-columns is-layout-flex wp-container-core-columns-is-layout-28f84493 wp-block-columns-is-layout-flex\">\n<div class=\"wp-block-column has-orange-200-background-color has-background is-layout-flow wp-block-column-is-layout-flow\" style=\"border-top-left-radius:20px;border-top-right-radius:20px;border-bottom-left-radius:20px;border-bottom-right-radius:20px;padding-top:24px;padding-right:24px;padding-bottom:24px;padding-left:24px\"><div class=\"wp-block-safe-svg-svg-icon safe-svg-cover wp-elements-29c198644305d12d8699caca9551de5b\" style=\"text-align: left;\">\n\t\t\t\t<div class=\"safe-svg-inside safe-svg-inline wp-elements-29c198644305d12d8699caca9551de5b\" style=\"width: 55px; height: 55px; background-color: var(--wp--preset--color--); color: var(--wp--preset--color--orange-400); padding-top: 0; padding-right: ; padding-bottom: 0; padding-left: ; margin-top: 0; margin-right: ; margin-bottom: 0; margin-left: ;\"><?xml version=\"1.0\" encoding=\"UTF-8\"?> <svg xmlns=\"http:\/\/www.w3.org\/2000\/svg\" viewbox=\"0 0 640 640\"><path d=\"M320 64C324.6 64 329.2 65 333.4 66.9L521.8 146.8C543.8 156.1 560.2 177.8 560.1 204C559.6 303.2 518.8 484.7 346.5 567.2C329.8 575.2 310.4 575.2 293.7 567.2C121.3 484.7 80.6 303.2 80.1 204C80 177.8 96.4 156.1 118.4 146.8L306.7 66.9C310.9 65 315.4 64 320 64zM320 130.8L320 508.9C458 442.1 495.1 294.1 496 205.5L320 130.9L320 130.9z\"><\/path><\/svg> <\/div>\n\t\t\t<\/div>\n\n\n<h5 class=\"wp-block-heading has-gray-900-color has-text-color has-link-color wp-elements-94271a4cdae8f91e6bc6020c2a010593\" style=\"margin-top:var(--wp--preset--spacing--20)\"><a href=\"\/es\/insurance\/\">Obtener ayuda con el seguro<\/a><\/h5>\n\n\n\n<p style=\"margin-top:var(--wp--preset--spacing--20);margin-bottom:var(--wp--preset--spacing--20)\">Damos la bienvenida a todas las personas, independientemente de su capacidad de pago.<\/p>\n<\/div>\n<\/div>\n\n\n\n<div class=\"wp-block-columns is-layout-flex wp-container-core-columns-is-layout-28f84493 wp-block-columns-is-layout-flex\">\n<div class=\"wp-block-column has-purple-200-background-color has-background is-layout-flow wp-block-column-is-layout-flow\" style=\"border-top-left-radius:20px;border-top-right-radius:20px;border-bottom-left-radius:20px;border-bottom-right-radius:20px;padding-top:24px;padding-right:24px;padding-bottom:24px;padding-left:24px\"><div class=\"wp-block-safe-svg-svg-icon safe-svg-cover wp-elements-cf1cf8adc9a56d9bcdbc64caa037bae5\" style=\"text-align: left;\">\n\t\t\t\t<div class=\"safe-svg-inside safe-svg-inline wp-elements-cf1cf8adc9a56d9bcdbc64caa037bae5\" style=\"width: 55px; height: 55px; background-color: var(--wp--preset--color--); color: var(--wp--preset--color--purple-400); padding-top: 0; padding-right: ; padding-bottom: 0; padding-left: ; margin-top: 0; margin-right: ; margin-bottom: 0; margin-left: ;\"><?xml version=\"1.0\" encoding=\"UTF-8\"?> <svg xmlns=\"http:\/\/www.w3.org\/2000\/svg\" viewbox=\"0 0 640 640\"><path d=\"M64 192L64 224L576 224L576 192C576 156.7 547.3 128 512 128L128 128C92.7 128 64 156.7 64 192zM64 272L64 448C64 483.3 92.7 512 128 512L512 512C547.3 512 576 483.3 576 448L576 272L64 272zM128 424C128 410.7 138.7 400 152 400L200 400C213.3 400 224 410.7 224 424C224 437.3 213.3 448 200 448L152 448C138.7 448 128 437.3 128 424zM272 424C272 410.7 282.7 400 296 400L360 400C373.3 400 384 410.7 384 424C384 437.3 373.3 448 360 448L296 448C282.7 448 272 437.3 272 424z\"><\/path><\/svg> <\/div>\n\t\t\t<\/div>\n\n\n<h5 class=\"wp-block-heading has-gray-900-color has-text-color has-link-color wp-elements-d951fe3270f3a4169cb241d0f0f88f3e\" style=\"margin-top:var(--wp--preset--spacing--20)\"><a href=\"\/es\/billing-and-payment\/\">Realizar un pago<\/a><\/h5>\n\n\n\n<p style=\"margin-top:var(--wp--preset--spacing--20);margin-bottom:var(--wp--preset--spacing--20)\">Paga tu factura en l\u00ednea.<\/p>\n<\/div>\n<\/div>\n<\/div>\n<\/div>","protected":false},"excerpt":{"rendered":"<p>Make an Appointment If you are experiencing a medical emergency, call 9-1-1. For all locations, please make an appointment prior to arrival by calling (734) 971-1073. If you are a current patient, you may make an appointment through the MyChart Patient Portal. In-Person Visits Packard Health has three locations for in-person patient appointments in the [&hellip;]<\/p>\n","protected":false},"author":12,"featured_media":10574,"parent":8559,"menu_order":0,"comment_status":"closed","ping_status":"closed","template":"","meta":{"_acf_changed":false,"footnotes":"","_links_to":"","_links_to_target":""},"class_list":["post-330","page","type-page","status-publish","has-post-thumbnail","hentry"],"acf":[],"yoast_head":"<!-- This site is optimized with the Yoast SEO plugin v27.5 - https:\/\/yoast.com\/product\/yoast-seo-wordpress\/ -->\n<title>Make an Appointment - Packard Health<\/title>\n<meta name=\"description\" content=\"For all locations, please make an appointment prior to arrival by calling (734) 971-1073.\" \/>\n<meta name=\"robots\" content=\"index, follow, max-snippet:-1, max-image-preview:large, max-video-preview:-1\" \/>\n<link rel=\"canonical\" href=\"https:\/\/packardhealth.org\/es\/for-patients\/make-an-appointment\/\" \/>\n<meta property=\"og:locale\" content=\"es_MX\" \/>\n<meta property=\"og:type\" content=\"article\" \/>\n<meta property=\"og:title\" content=\"Make an Appointment - Packard Health\" \/>\n<meta property=\"og:description\" content=\"For all locations, please make an appointment prior to arrival by calling (734) 971-1073.\" \/>\n<meta property=\"og:url\" content=\"https:\/\/packardhealth.org\/es\/for-patients\/make-an-appointment\/\" \/>\n<meta property=\"og:site_name\" content=\"Packard Health\" \/>\n<meta property=\"article:modified_time\" content=\"2026-05-04T18:57:33+00:00\" \/>\n<meta property=\"og:image\" content=\"https:\/\/packardhealth.org\/wp-content\/uploads\/2026\/04\/patient-doctor-2560X1440.jpg\" \/>\n\t<meta property=\"og:image:width\" content=\"2560\" \/>\n\t<meta property=\"og:image:height\" content=\"1440\" \/>\n\t<meta property=\"og:image:type\" content=\"image\/jpeg\" \/>\n<meta name=\"twitter:card\" content=\"summary_large_image\" \/>\n<meta name=\"twitter:label1\" content=\"Tiempo de lectura\" \/>\n\t<meta name=\"twitter:data1\" content=\"2 minutos\" \/>\n<script type=\"application\/ld+json\" class=\"yoast-schema-graph\">{\"@context\":\"https:\\\/\\\/schema.org\",\"@graph\":[{\"@type\":\"WebPage\",\"@id\":\"https:\\\/\\\/packardhealth.org\\\/for-patients\\\/make-an-appointment\\\/\",\"url\":\"https:\\\/\\\/packardhealth.org\\\/for-patients\\\/make-an-appointment\\\/\",\"name\":\"Make an Appointment - Packard Health\",\"isPartOf\":{\"@id\":\"https:\\\/\\\/packardhealth.org\\\/#website\"},\"primaryImageOfPage\":{\"@id\":\"https:\\\/\\\/packardhealth.org\\\/for-patients\\\/make-an-appointment\\\/#primaryimage\"},\"image\":{\"@id\":\"https:\\\/\\\/packardhealth.org\\\/for-patients\\\/make-an-appointment\\\/#primaryimage\"},\"thumbnailUrl\":\"https:\\\/\\\/packardhealth.org\\\/wp-content\\\/uploads\\\/2026\\\/04\\\/patient-doctor-2560X1440.jpg\",\"datePublished\":\"2016-11-29T17:19:28+00:00\",\"dateModified\":\"2026-05-04T18:57:33+00:00\",\"description\":\"For all locations, please make an appointment prior to arrival by calling (734) 971-1073.\",\"breadcrumb\":{\"@id\":\"https:\\\/\\\/packardhealth.org\\\/for-patients\\\/make-an-appointment\\\/#breadcrumb\"},\"inLanguage\":\"es\",\"potentialAction\":[{\"@type\":\"ReadAction\",\"target\":[\"https:\\\/\\\/packardhealth.org\\\/for-patients\\\/make-an-appointment\\\/\"]}]},{\"@type\":\"ImageObject\",\"inLanguage\":\"es\",\"@id\":\"https:\\\/\\\/packardhealth.org\\\/for-patients\\\/make-an-appointment\\\/#primaryimage\",\"url\":\"https:\\\/\\\/packardhealth.org\\\/wp-content\\\/uploads\\\/2026\\\/04\\\/patient-doctor-2560X1440.jpg\",\"contentUrl\":\"https:\\\/\\\/packardhealth.org\\\/wp-content\\\/uploads\\\/2026\\\/04\\\/patient-doctor-2560X1440.jpg\",\"width\":2560,\"height\":1440,\"caption\":\"patient doctor stethoscope\"},{\"@type\":\"BreadcrumbList\",\"@id\":\"https:\\\/\\\/packardhealth.org\\\/for-patients\\\/make-an-appointment\\\/#breadcrumb\",\"itemListElement\":[{\"@type\":\"ListItem\",\"position\":1,\"name\":\"\",\"item\":\"https:\\\/\\\/packardhealth.org\\\/\"},{\"@type\":\"ListItem\",\"position\":2,\"name\":\"For Patients\",\"item\":\"https:\\\/\\\/packardhealth.org\\\/for-patients\\\/\"},{\"@type\":\"ListItem\",\"position\":3,\"name\":\"Make an Appointment\"}]},{\"@type\":\"WebSite\",\"@id\":\"https:\\\/\\\/packardhealth.org\\\/#website\",\"url\":\"https:\\\/\\\/packardhealth.org\\\/\",\"name\":\"Packard Health\",\"description\":\"Health care for everyone.\",\"potentialAction\":[{\"@type\":\"SearchAction\",\"target\":{\"@type\":\"EntryPoint\",\"urlTemplate\":\"https:\\\/\\\/packardhealth.org\\\/?s={search_term_string}\"},\"query-input\":{\"@type\":\"PropertyValueSpecification\",\"valueRequired\":true,\"valueName\":\"search_term_string\"}}],\"inLanguage\":\"es\"}]}<\/script>\n<!-- \/ Yoast SEO plugin. -->","yoast_head_json":{"title":"Make an Appointment - Packard Health","description":"For all locations, please make an appointment prior to arrival by calling (734) 971-1073.","robots":{"index":"index","follow":"follow","max-snippet":"max-snippet:-1","max-image-preview":"max-image-preview:large","max-video-preview":"max-video-preview:-1"},"canonical":"https:\/\/packardhealth.org\/es\/for-patients\/make-an-appointment\/","og_locale":"es_MX","og_type":"article","og_title":"Make an Appointment - Packard Health","og_description":"For all locations, please make an appointment prior to arrival by calling (734) 971-1073.","og_url":"https:\/\/packardhealth.org\/es\/for-patients\/make-an-appointment\/","og_site_name":"Packard Health","article_modified_time":"2026-05-04T18:57:33+00:00","og_image":[{"width":2560,"height":1440,"url":"https:\/\/packardhealth.org\/wp-content\/uploads\/2026\/04\/patient-doctor-2560X1440.jpg","type":"image\/jpeg"}],"twitter_card":"summary_large_image","twitter_misc":{"Tiempo de lectura":"2 minutos"},"schema":{"@context":"https:\/\/schema.org","@graph":[{"@type":"WebPage","@id":"https:\/\/packardhealth.org\/for-patients\/make-an-appointment\/","url":"https:\/\/packardhealth.org\/for-patients\/make-an-appointment\/","name":"Make an Appointment - Packard Health","isPartOf":{"@id":"https:\/\/packardhealth.org\/#website"},"primaryImageOfPage":{"@id":"https:\/\/packardhealth.org\/for-patients\/make-an-appointment\/#primaryimage"},"image":{"@id":"https:\/\/packardhealth.org\/for-patients\/make-an-appointment\/#primaryimage"},"thumbnailUrl":"https:\/\/packardhealth.org\/wp-content\/uploads\/2026\/04\/patient-doctor-2560X1440.jpg","datePublished":"2016-11-29T17:19:28+00:00","dateModified":"2026-05-04T18:57:33+00:00","description":"For all locations, please make an appointment prior to arrival by calling (734) 971-1073.","breadcrumb":{"@id":"https:\/\/packardhealth.org\/for-patients\/make-an-appointment\/#breadcrumb"},"inLanguage":"es","potentialAction":[{"@type":"ReadAction","target":["https:\/\/packardhealth.org\/for-patients\/make-an-appointment\/"]}]},{"@type":"ImageObject","inLanguage":"es","@id":"https:\/\/packardhealth.org\/for-patients\/make-an-appointment\/#primaryimage","url":"https:\/\/packardhealth.org\/wp-content\/uploads\/2026\/04\/patient-doctor-2560X1440.jpg","contentUrl":"https:\/\/packardhealth.org\/wp-content\/uploads\/2026\/04\/patient-doctor-2560X1440.jpg","width":2560,"height":1440,"caption":"patient doctor stethoscope"},{"@type":"BreadcrumbList","@id":"https:\/\/packardhealth.org\/for-patients\/make-an-appointment\/#breadcrumb","itemListElement":[{"@type":"ListItem","position":1,"name":"","item":"https:\/\/packardhealth.org\/"},{"@type":"ListItem","position":2,"name":"For Patients","item":"https:\/\/packardhealth.org\/for-patients\/"},{"@type":"ListItem","position":3,"name":"Make an Appointment"}]},{"@type":"WebSite","@id":"https:\/\/packardhealth.org\/#website","url":"https:\/\/packardhealth.org\/","name":"Packard Health","description":"Health care for everyone.","potentialAction":[{"@type":"SearchAction","target":{"@type":"EntryPoint","urlTemplate":"https:\/\/packardhealth.org\/?s={search_term_string}"},"query-input":{"@type":"PropertyValueSpecification","valueRequired":true,"valueName":"search_term_string"}}],"inLanguage":"es"}]}},"_links":{"self":[{"href":"https:\/\/packardhealth.org\/es\/wp-json\/wp\/v2\/pages\/330","targetHints":{"allow":["GET"]}}],"collection":[{"href":"https:\/\/packardhealth.org\/es\/wp-json\/wp\/v2\/pages"}],"about":[{"href":"https:\/\/packardhealth.org\/es\/wp-json\/wp\/v2\/types\/page"}],"author":[{"embeddable":true,"href":"https:\/\/packardhealth.org\/es\/wp-json\/wp\/v2\/users\/12"}],"replies":[{"embeddable":true,"href":"https:\/\/packardhealth.org\/es\/wp-json\/wp\/v2\/comments?post=330"}],"version-history":[{"count":66,"href":"https:\/\/packardhealth.org\/es\/wp-json\/wp\/v2\/pages\/330\/revisions"}],"predecessor-version":[{"id":11218,"href":"https:\/\/packardhealth.org\/es\/wp-json\/wp\/v2\/pages\/330\/revisions\/11218"}],"up":[{"embeddable":true,"href":"https:\/\/packardhealth.org\/es\/wp-json\/wp\/v2\/pages\/8559"}],"wp:featuredmedia":[{"embeddable":true,"href":"https:\/\/packardhealth.org\/es\/wp-json\/wp\/v2\/media\/10574"}],"wp:attachment":[{"href":"https:\/\/packardhealth.org\/es\/wp-json\/wp\/v2\/media?parent=330"}],"curies":[{"name":"wp","href":"https:\/\/api.w.org\/{rel}","templated":true}]}}