{"id":7779,"date":"2024-04-01T14:52:23","date_gmt":"2024-04-01T14:52:23","guid":{"rendered":"https:\/\/packardhealth.org\/?page_id=7779"},"modified":"2026-05-04T19:53:06","modified_gmt":"2026-05-04T19:53:06","slug":"mychart-patient-portal","status":"publish","type":"page","link":"https:\/\/packardhealth.org\/es\/for-patients\/mychart-patient-portal\/","title":{"rendered":"Portal del Paciente MyChart"},"content":{"rendered":"<div class=\"wp-block-cover alignfull is-light has-custom-content-position is-position-center-right\" style=\"min-height:200px;aspect-ratio:unset;\"><span aria-hidden=\"true\" class=\"wp-block-cover__background has-blue-400-background-color has-background-dim-0 has-background-dim\"><\/span><img loading=\"lazy\" decoding=\"async\" width=\"1024\" height=\"576\" src=\"https:\/\/packardhealth.org\/wp-content\/uploads\/2026\/04\/patient-doctor-2560X1440-1024x576.jpg\" class=\"wp-block-cover__image-background wp-post-image\" alt=\"patient doctor stethoscope\" data-object-fit=\"cover\" srcset=\"https:\/\/packardhealth.org\/wp-content\/uploads\/2026\/04\/patient-doctor-2560X1440-1024x576.jpg 1024w, https:\/\/packardhealth.org\/wp-content\/uploads\/2026\/04\/patient-doctor-2560X1440-300x169.jpg 300w, https:\/\/packardhealth.org\/wp-content\/uploads\/2026\/04\/patient-doctor-2560X1440-768x432.jpg 768w, https:\/\/packardhealth.org\/wp-content\/uploads\/2026\/04\/patient-doctor-2560X1440-1536x864.jpg 1536w, https:\/\/packardhealth.org\/wp-content\/uploads\/2026\/04\/patient-doctor-2560X1440-2048x1152.jpg 2048w, https:\/\/packardhealth.org\/wp-content\/uploads\/2026\/04\/patient-doctor-2560X1440-1080x608.jpg 1080w\" sizes=\"auto, (max-width: 1024px) 100vw, 1024px\" \/><div class=\"wp-block-cover__inner-container has-global-padding is-layout-constrained wp-block-cover-is-layout-constrained\">\n<p class=\"has-text-align-left\"><\/p>\n<\/div><\/div>\n\n\n\n<div class=\"wp-block-columns is-layout-flex wp-container-core-columns-is-layout-ce1361ee wp-block-columns-is-layout-flex\" style=\"padding-top:64px;padding-bottom:64px\">\n<div class=\"wp-block-column is-layout-flow wp-block-column-is-layout-flow\" style=\"flex-basis:30%\">\n<!-- Copyright (c) Epic Systems Corporation 2014-2020\n \nloginbox.html: MyChart's login widget -->\n \n<!--PLEASE GLOBALLY REPLACE https:\/\/mychartdomain\/MyChart WITH https:\/\/{server name}\/{site name}-->\n<!--THEN, COPY AND PASTE THE CONTENT OF THIS ENTIRE FILE TO USE THE LOGIN BOX-->\n<div style=\"border-radius: 30px; background-color: #E0F3FB;\"><h2 style=\"padding: 24px 24px 0px 24px;\">Iniciar sesi\u00f3n en tu portal MyChart<\/h2><iframe loading=\"lazy\" src=\"https:\/\/mychart.metrohealth.net\/packardhealth\/Authentication\/Login\/LoginWidget\" width=\"100%\" height=\"380px\" allowtransparency=\"true\" target=\"_parent\" scrolling=\"no\" style=\"overflow:hidden; padding: 15px; background-color: #E0F3FB; border: none; border-radius: 30px;\"><\/iframe><\/div>\n<\/div>\n\n\n\n<div class=\"wp-block-column is-layout-flow wp-block-column-is-layout-flow\" style=\"flex-basis:65%\">\n<h1 class=\"wp-block-heading\"><strong>Portal del Paciente MyChart<\/strong><\/h1>\n\n\n\n<p class=\"has-paragraph-large-font-size\">MyChart es la mejor manera de administrar tu atenci\u00f3n m\u00e9dica. Accede a tu portal de paciente para comunicarte con tu equipo de atenci\u00f3n m\u00e9dica, ver resultados de pruebas y m\u00e1s.<\/p>\n\n\n\n<p class=\"has-paragraph-large-font-size\"><strong>Si tienes un nombre de usuario y contrase\u00f1a de MyChart, inicia sesi\u00f3n usando el recuadro de esta p\u00e1gina. Si no, sigue las instrucciones a continuaci\u00f3n para registrarte.<\/strong><\/p>\n\n\n\n<details class=\"wp-block-details is-layout-flow wp-block-details-is-layout-flow\"><summary>Registrarse en MyChart<\/summary>\n<p>Si NO tiene un nombre de usuario y contrase\u00f1a, siga estas instrucciones para registrarse en su portal para pacientes MyChart:<\/p>\n\n\n\n<ul class=\"wp-block-list\">\n<li>NO hagas clic en el bot\u00f3n \u201cRegistrarse\u201d en el cuadro de inicio de sesi\u00f3n, en cambio, inicia el proceso enviando un correo electr\u00f3nico a <a href=\"mailto:MyChart_Help@packardhealth.org\">MyChart_Help@packardhealth.org<\/a> con la siguiente informaci\u00f3n:\n<ul class=\"wp-block-list\">\n<li><strong>Tu nombre completo<\/strong><\/li>\n\n\n\n<li><strong>Fecha de nacimiento<\/strong><\/li>\n\n\n\n<li><strong>N\u00famero de tel\u00e9fono<\/strong><\/li>\n\n\n\n<li><strong>Ya sea que quieras activar por correo electr\u00f3nico o por mensaje de texto<\/strong><\/li>\n\n\n\n<li><strong>El nombre de tu proveedor de atenci\u00f3n primaria de Packard Health<\/strong><\/li>\n<\/ul>\n<\/li>\n\n\n\n<li>Una vez que recibamos tu correo electr\u00f3nico, nuestro personal activar\u00e1 tu cuenta lo antes posible. Recibir\u00e1s un mensaje de texto o correo electr\u00f3nico dentro de 3 a 5 d\u00edas h\u00e1biles con instrucciones para completar tu activaci\u00f3n.<\/li>\n\n\n\n<li>Tambi\u00e9n puede activar su portal MyChart en su pr\u00f3xima visita a la consulta.<\/li>\n\n\n\n<li>Si necesita acceso urgente de inmediato, ll\u00e1menos al <a href=\"\/es\/tel: 7349711073\/\">(734) 971-1073<\/a>.<\/li>\n<\/ul>\n<\/details>\n\n\n\n<ul class=\"wp-block-list\"><\/ul>\n\n\n\n<div style=\"height:12px\" aria-hidden=\"true\" class=\"wp-block-spacer\"><\/div>\n\n\n\n<h2 class=\"wp-block-heading\"><strong>\u00bfQu\u00e9 puedes hacer en MyChart?<\/strong><\/h2>\n\n\n\n<ul class=\"wp-block-list\">\n<li><strong>Comun\u00edcate con tu doctor.<\/strong> Obt\u00e9n respuestas a tus preguntas m\u00e9dicas desde la comodidad de tu hogar. <em>Por favor, permita hasta 72 horas para recibir respuesta a los mensajes de MyChart. El env\u00edo de m\u00faltiples mensajes puede ralentizar nuestra capacidad de responder.<\/em><\/li>\n\n\n\n<li><strong>Accede a los resultados de tu examen.<\/strong> No m\u00e1s esperas de llamadas telef\u00f3nicas o cartas; consulta tus resultados y los comentarios de tu m\u00e9dico en cuesti\u00f3n de d\u00edas.<\/li>\n\n\n\n<li><strong>Solicitar resurtido de recetas. <\/strong>Env\u00eda una solicitud de resurtido para cualquiera de tus medicamentos recargables. <em>Las solicitudes de resurtido de recetas pueden tardar hasta 7 d\u00edas h\u00e1biles.<\/em><\/li>\n\n\n\n<li><strong>Administra tus citas.<\/strong> Programa tu pr\u00f3xima cita, o ve los detalles de tus citas pasadas y futuras. \u00a1Pr\u00f3ximamente!<\/li>\n\n\n\n<li><strong>Ver tu cuenta de facturaci\u00f3n.<\/strong> Ver detalles de la cuenta, ver estados de cuenta, inscribirse en facturaci\u00f3n sin papel y pagar su factura<\/li>\n\n\n\n<li><strong>eRegistro <\/strong>\u00a1Pr\u00f3ximamente!<\/li>\n\n\n\n<li><strong>Asistencia de MyChart<\/strong> <a href=\"https:\/\/uofmhealthwest.org\/contact\/?type=MyChart%20Technical%20Support#contactform\">Haz clic aqu\u00ed<\/a><span class=\"wp-rich-text-font-awesome-icon wp-font-awesome-icon\"><svg aria-hidden=\"true\" focusable=\"false\" data-prefix=\"fas\" data-icon=\"arrow-up-right-from-square\" class=\"svg-inline--fa fa-arrow-up-right-from-square\" role=\"img\" xmlns=\"http:\/\/www.w3.org\/2000\/svg\" viewbox=\"0 0 512 512\" color=\"#007db3\"><path fill=\"currentColor\" d=\"M320 0c-17.7 0-32 14.3-32 32s14.3 32 32 32l82.7 0-201.4 201.4c-12.5 12.5-12.5 32.8 0 45.3s32.8 12.5 45.3 0L448 109.3 448 192c0 17.7 14.3 32 32 32s32-14.3 32-32l0-160c0-17.7-14.3-32-32-32L320 0zM80 96C35.8 96 0 131.8 0 176L0 432c0 44.2 35.8 80 80 80l256 0c44.2 0 80-35.8 80-80l0-80c0-17.7-14.3-32-32-32s-32 14.3-32 32l0 80c0 8.8-7.2 16-16 16L80 448c-8.8 0-16-7.2-16-16l0-256c0-8.8 7.2-16 16-16l80 0c17.7 0 32-14.3 32-32s-14.3-32-32-32L80 96z\"><\/path><\/svg><\/span> para enviar una solicitud de soporte de MyChart. El soporte t\u00e9cnico para MyChart es proporcionado por University of Michigan Health-West.<\/li>\n<\/ul>\n\n\n\n<p style=\"font-size:14px\">Nota: El software Epic de Packard Health es alojado por University of Michigan Health-West. Packard Health sigue siendo una entidad separada y no forma parte de UM Health-West ni de Michigan Medicine. Su expediente m\u00e9dico seguir\u00e1 siendo conservado por Packard Health, pero ocasionalmente podr\u00eda recibir mensajes o soporte t\u00e9cnico de UM Health-West con respecto a su cuenta de MyChart.<\/p>\n<\/div>\n<\/div>","protected":false},"excerpt":{"rendered":"<p>Login to Your MyChart Portal MyChart Patient Portal MyChart is the best way to manage your health care. Log in to your patient portal to communicate with your health care team, view test results and more. If you have a MyChart username and password, please log in using the box on this page. If not, [&hellip;]<\/p>\n","protected":false},"author":12,"featured_media":10574,"parent":8559,"menu_order":0,"comment_status":"closed","ping_status":"closed","template":"","meta":{"_acf_changed":false,"footnotes":"","_links_to":"","_links_to_target":""},"class_list":["post-7779","page","type-page","status-publish","has-post-thumbnail","hentry"],"acf":[],"yoast_head":"<!-- This site is optimized with the Yoast SEO plugin v27.5 - https:\/\/yoast.com\/product\/yoast-seo-wordpress\/ -->\n<title>MyChart Patient Portal - Packard Health<\/title>\n<meta name=\"robots\" content=\"index, follow, max-snippet:-1, max-image-preview:large, max-video-preview:-1\" \/>\n<link rel=\"canonical\" href=\"https:\/\/packardhealth.org\/es\/for-patients\/mychart-patient-portal\/\" \/>\n<meta property=\"og:locale\" content=\"es_MX\" \/>\n<meta property=\"og:type\" content=\"article\" \/>\n<meta property=\"og:title\" content=\"MyChart Patient Portal - Packard Health\" \/>\n<meta property=\"og:description\" content=\"Login to Your MyChart Portal MyChart Patient Portal MyChart is the best way to manage your health care. Log in to your patient portal to communicate with your health care team, view test results and more. If you have a MyChart username and password, please log in using the box on this page. If not, [&hellip;]\" \/>\n<meta property=\"og:url\" content=\"https:\/\/packardhealth.org\/es\/for-patients\/mychart-patient-portal\/\" \/>\n<meta property=\"og:site_name\" content=\"Packard Health\" \/>\n<meta property=\"article:modified_time\" content=\"2026-05-04T19:53:06+00:00\" \/>\n<meta property=\"og:image\" content=\"https:\/\/packardhealth.org\/wp-content\/uploads\/2026\/04\/patient-doctor-2560X1440.jpg\" \/>\n\t<meta property=\"og:image:width\" content=\"2560\" \/>\n\t<meta property=\"og:image:height\" content=\"1440\" \/>\n\t<meta property=\"og:image:type\" content=\"image\/jpeg\" \/>\n<meta name=\"twitter:card\" content=\"summary_large_image\" \/>\n<meta name=\"twitter:label1\" content=\"Tiempo de lectura\" \/>\n\t<meta name=\"twitter:data1\" content=\"2 minutos\" \/>\n<script type=\"application\/ld+json\" class=\"yoast-schema-graph\">{\"@context\":\"https:\\\/\\\/schema.org\",\"@graph\":[{\"@type\":\"WebPage\",\"@id\":\"https:\\\/\\\/packardhealth.org\\\/for-patients\\\/mychart-patient-portal\\\/\",\"url\":\"https:\\\/\\\/packardhealth.org\\\/for-patients\\\/mychart-patient-portal\\\/\",\"name\":\"MyChart Patient Portal - Packard Health\",\"isPartOf\":{\"@id\":\"https:\\\/\\\/packardhealth.org\\\/#website\"},\"primaryImageOfPage\":{\"@id\":\"https:\\\/\\\/packardhealth.org\\\/for-patients\\\/mychart-patient-portal\\\/#primaryimage\"},\"image\":{\"@id\":\"https:\\\/\\\/packardhealth.org\\\/for-patients\\\/mychart-patient-portal\\\/#primaryimage\"},\"thumbnailUrl\":\"https:\\\/\\\/packardhealth.org\\\/wp-content\\\/uploads\\\/2026\\\/04\\\/patient-doctor-2560X1440.jpg\",\"datePublished\":\"2024-04-01T14:52:23+00:00\",\"dateModified\":\"2026-05-04T19:53:06+00:00\",\"breadcrumb\":{\"@id\":\"https:\\\/\\\/packardhealth.org\\\/for-patients\\\/mychart-patient-portal\\\/#breadcrumb\"},\"inLanguage\":\"es\",\"potentialAction\":[{\"@type\":\"ReadAction\",\"target\":[\"https:\\\/\\\/packardhealth.org\\\/for-patients\\\/mychart-patient-portal\\\/\"]}]},{\"@type\":\"ImageObject\",\"inLanguage\":\"es\",\"@id\":\"https:\\\/\\\/packardhealth.org\\\/for-patients\\\/mychart-patient-portal\\\/#primaryimage\",\"url\":\"https:\\\/\\\/packardhealth.org\\\/wp-content\\\/uploads\\\/2026\\\/04\\\/patient-doctor-2560X1440.jpg\",\"contentUrl\":\"https:\\\/\\\/packardhealth.org\\\/wp-content\\\/uploads\\\/2026\\\/04\\\/patient-doctor-2560X1440.jpg\",\"width\":2560,\"height\":1440,\"caption\":\"patient doctor stethoscope\"},{\"@type\":\"BreadcrumbList\",\"@id\":\"https:\\\/\\\/packardhealth.org\\\/for-patients\\\/mychart-patient-portal\\\/#breadcrumb\",\"itemListElement\":[{\"@type\":\"ListItem\",\"position\":1,\"name\":\"\",\"item\":\"https:\\\/\\\/packardhealth.org\\\/\"},{\"@type\":\"ListItem\",\"position\":2,\"name\":\"For Patients\",\"item\":\"https:\\\/\\\/packardhealth.org\\\/for-patients\\\/\"},{\"@type\":\"ListItem\",\"position\":3,\"name\":\"MyChart Patient Portal\"}]},{\"@type\":\"WebSite\",\"@id\":\"https:\\\/\\\/packardhealth.org\\\/#website\",\"url\":\"https:\\\/\\\/packardhealth.org\\\/\",\"name\":\"Packard Health\",\"description\":\"Health care for everyone.\",\"potentialAction\":[{\"@type\":\"SearchAction\",\"target\":{\"@type\":\"EntryPoint\",\"urlTemplate\":\"https:\\\/\\\/packardhealth.org\\\/?s={search_term_string}\"},\"query-input\":{\"@type\":\"PropertyValueSpecification\",\"valueRequired\":true,\"valueName\":\"search_term_string\"}}],\"inLanguage\":\"es\"}]}<\/script>\n<!-- \/ Yoast SEO plugin. -->","yoast_head_json":{"title":"MyChart Patient Portal - Packard Health","robots":{"index":"index","follow":"follow","max-snippet":"max-snippet:-1","max-image-preview":"max-image-preview:large","max-video-preview":"max-video-preview:-1"},"canonical":"https:\/\/packardhealth.org\/es\/for-patients\/mychart-patient-portal\/","og_locale":"es_MX","og_type":"article","og_title":"MyChart Patient Portal - Packard Health","og_description":"Login to Your MyChart Portal MyChart Patient Portal MyChart is the best way to manage your health care. Log in to your patient portal to communicate with your health care team, view test results and more. If you have a MyChart username and password, please log in using the box on this page. If not, [&hellip;]","og_url":"https:\/\/packardhealth.org\/es\/for-patients\/mychart-patient-portal\/","og_site_name":"Packard Health","article_modified_time":"2026-05-04T19:53:06+00:00","og_image":[{"width":2560,"height":1440,"url":"https:\/\/packardhealth.org\/wp-content\/uploads\/2026\/04\/patient-doctor-2560X1440.jpg","type":"image\/jpeg"}],"twitter_card":"summary_large_image","twitter_misc":{"Tiempo de lectura":"2 minutos"},"schema":{"@context":"https:\/\/schema.org","@graph":[{"@type":"WebPage","@id":"https:\/\/packardhealth.org\/for-patients\/mychart-patient-portal\/","url":"https:\/\/packardhealth.org\/for-patients\/mychart-patient-portal\/","name":"MyChart Patient Portal - Packard Health","isPartOf":{"@id":"https:\/\/packardhealth.org\/#website"},"primaryImageOfPage":{"@id":"https:\/\/packardhealth.org\/for-patients\/mychart-patient-portal\/#primaryimage"},"image":{"@id":"https:\/\/packardhealth.org\/for-patients\/mychart-patient-portal\/#primaryimage"},"thumbnailUrl":"https:\/\/packardhealth.org\/wp-content\/uploads\/2026\/04\/patient-doctor-2560X1440.jpg","datePublished":"2024-04-01T14:52:23+00:00","dateModified":"2026-05-04T19:53:06+00:00","breadcrumb":{"@id":"https:\/\/packardhealth.org\/for-patients\/mychart-patient-portal\/#breadcrumb"},"inLanguage":"es","potentialAction":[{"@type":"ReadAction","target":["https:\/\/packardhealth.org\/for-patients\/mychart-patient-portal\/"]}]},{"@type":"ImageObject","inLanguage":"es","@id":"https:\/\/packardhealth.org\/for-patients\/mychart-patient-portal\/#primaryimage","url":"https:\/\/packardhealth.org\/wp-content\/uploads\/2026\/04\/patient-doctor-2560X1440.jpg","contentUrl":"https:\/\/packardhealth.org\/wp-content\/uploads\/2026\/04\/patient-doctor-2560X1440.jpg","width":2560,"height":1440,"caption":"patient doctor stethoscope"},{"@type":"BreadcrumbList","@id":"https:\/\/packardhealth.org\/for-patients\/mychart-patient-portal\/#breadcrumb","itemListElement":[{"@type":"ListItem","position":1,"name":"","item":"https:\/\/packardhealth.org\/"},{"@type":"ListItem","position":2,"name":"For Patients","item":"https:\/\/packardhealth.org\/for-patients\/"},{"@type":"ListItem","position":3,"name":"MyChart Patient Portal"}]},{"@type":"WebSite","@id":"https:\/\/packardhealth.org\/#website","url":"https:\/\/packardhealth.org\/","name":"Packard Health","description":"Health care for everyone.","potentialAction":[{"@type":"SearchAction","target":{"@type":"EntryPoint","urlTemplate":"https:\/\/packardhealth.org\/?s={search_term_string}"},"query-input":{"@type":"PropertyValueSpecification","valueRequired":true,"valueName":"search_term_string"}}],"inLanguage":"es"}]}},"_links":{"self":[{"href":"https:\/\/packardhealth.org\/es\/wp-json\/wp\/v2\/pages\/7779","targetHints":{"allow":["GET"]}}],"collection":[{"href":"https:\/\/packardhealth.org\/es\/wp-json\/wp\/v2\/pages"}],"about":[{"href":"https:\/\/packardhealth.org\/es\/wp-json\/wp\/v2\/types\/page"}],"author":[{"embeddable":true,"href":"https:\/\/packardhealth.org\/es\/wp-json\/wp\/v2\/users\/12"}],"replies":[{"embeddable":true,"href":"https:\/\/packardhealth.org\/es\/wp-json\/wp\/v2\/comments?post=7779"}],"version-history":[{"count":29,"href":"https:\/\/packardhealth.org\/es\/wp-json\/wp\/v2\/pages\/7779\/revisions"}],"predecessor-version":[{"id":11227,"href":"https:\/\/packardhealth.org\/es\/wp-json\/wp\/v2\/pages\/7779\/revisions\/11227"}],"up":[{"embeddable":true,"href":"https:\/\/packardhealth.org\/es\/wp-json\/wp\/v2\/pages\/8559"}],"wp:featuredmedia":[{"embeddable":true,"href":"https:\/\/packardhealth.org\/es\/wp-json\/wp\/v2\/media\/10574"}],"wp:attachment":[{"href":"https:\/\/packardhealth.org\/es\/wp-json\/wp\/v2\/media?parent=7779"}],"curies":[{"name":"wp","href":"https:\/\/api.w.org\/{rel}","templated":true}]}}