{"id":8568,"date":"2026-03-03T16:27:57","date_gmt":"2026-03-03T16:27:57","guid":{"rendered":"https:\/\/packardhealth.org\/?page_id=8568"},"modified":"2026-05-04T19:38:47","modified_gmt":"2026-05-04T19:38:47","slug":"for-new-patients","status":"publish","type":"page","link":"https:\/\/packardhealth.org\/es\/for-patients\/for-new-patients\/","title":{"rendered":"Para Pacientes Nuevos"},"content":{"rendered":"<div class=\"wp-block-cover alignfull is-light has-custom-content-position is-position-center-right\" style=\"min-height:200px;aspect-ratio:unset;\"><span aria-hidden=\"true\" class=\"wp-block-cover__background has-blue-400-background-color has-background-dim-0 has-background-dim\"><\/span><img loading=\"lazy\" decoding=\"async\" width=\"1024\" height=\"576\" src=\"https:\/\/packardhealth.org\/wp-content\/uploads\/2026\/04\/patient-doctor-2560X1440-1024x576.jpg\" class=\"wp-block-cover__image-background wp-post-image\" alt=\"patient doctor stethoscope\" data-object-fit=\"cover\" srcset=\"https:\/\/packardhealth.org\/wp-content\/uploads\/2026\/04\/patient-doctor-2560X1440-1024x576.jpg 1024w, https:\/\/packardhealth.org\/wp-content\/uploads\/2026\/04\/patient-doctor-2560X1440-300x169.jpg 300w, https:\/\/packardhealth.org\/wp-content\/uploads\/2026\/04\/patient-doctor-2560X1440-768x432.jpg 768w, https:\/\/packardhealth.org\/wp-content\/uploads\/2026\/04\/patient-doctor-2560X1440-1536x864.jpg 1536w, https:\/\/packardhealth.org\/wp-content\/uploads\/2026\/04\/patient-doctor-2560X1440-2048x1152.jpg 2048w, https:\/\/packardhealth.org\/wp-content\/uploads\/2026\/04\/patient-doctor-2560X1440-1080x608.jpg 1080w\" sizes=\"auto, (max-width: 1024px) 100vw, 1024px\" \/><div class=\"wp-block-cover__inner-container has-global-padding is-layout-constrained wp-block-cover-is-layout-constrained\">\n<p class=\"has-text-align-left\"><\/p>\n<\/div><\/div>\n\n\n\n<h1 class=\"wp-block-heading\" style=\"margin-top:64px\">Para Pacientes Nuevos<\/h1>\n\n\n\n<div class=\"wp-block-columns is-layout-flex wp-container-core-columns-is-layout-eec792fa wp-block-columns-is-layout-flex\" style=\"padding-top:50px;padding-bottom:50px\">\n<div class=\"wp-block-column is-layout-flow wp-block-column-is-layout-flow\" style=\"flex-basis:70%\">\n<div class=\"wp-block-columns is-layout-flex wp-container-core-columns-is-layout-500fc115 wp-block-columns-is-layout-flex\">\n<div class=\"wp-block-column is-layout-flow wp-block-column-is-layout-flow\">\n<figure class=\"wp-block-image size-large has-custom-border is-style-default\"><img loading=\"lazy\" decoding=\"async\" width=\"1024\" height=\"683\" src=\"https:\/\/packardhealth.org\/wp-content\/uploads\/2026\/04\/2024-41-2-patient-check-in-1024x683.jpg\" alt=\"\" class=\"wp-image-9922\" style=\"border-top-left-radius:20px;border-top-right-radius:20px;border-bottom-left-radius:20px;border-bottom-right-radius:20px;aspect-ratio:3\/2;object-fit:cover\" srcset=\"https:\/\/packardhealth.org\/wp-content\/uploads\/2026\/04\/2024-41-2-patient-check-in-1024x683.jpg 1024w, https:\/\/packardhealth.org\/wp-content\/uploads\/2026\/04\/2024-41-2-patient-check-in-300x200.jpg 300w, https:\/\/packardhealth.org\/wp-content\/uploads\/2026\/04\/2024-41-2-patient-check-in-768x512.jpg 768w, https:\/\/packardhealth.org\/wp-content\/uploads\/2026\/04\/2024-41-2-patient-check-in-1080x720.jpg 1080w, https:\/\/packardhealth.org\/wp-content\/uploads\/2026\/04\/2024-41-2-patient-check-in.jpg 1500w\" sizes=\"auto, (max-width: 1024px) 100vw, 1024px\" \/><\/figure>\n<\/div>\n\n\n\n<div class=\"wp-block-column is-layout-flow wp-block-column-is-layout-flow\">\n<p class=\"has-paragraph-large-font-size\">Actualmente estamos aceptando pacientes nuevos, con o sin seguro. Llama al <a href=\"tel: 7349711073\">(734) 971-1073<\/a> para encontrar a su nuevo proveedor de Packard Health.<\/p>\n<\/div>\n<\/div>\n\n\n\n<div style=\"height:24px\" aria-hidden=\"true\" class=\"wp-block-spacer\"><\/div>\n\n\n\n<h2 class=\"wp-block-heading\"><strong><strong>\u00bfPor qu\u00e9 Packard Health?<\/strong><\/strong><\/h2>\n\n\n\n<p>La atenci\u00f3n al paciente en Packard Health es personal, \u00fanica, efectiva y compasiva. Somos reconocidos a nivel nacional por la forma en que cuidamos a nuestros pacientes.<\/p>\n\n\n\n<ul class=\"wp-block-list\">\n<li><strong>Su atenci\u00f3n es integrada y coordinada bajo un mismo techo. <\/strong>La atenci\u00f3n primaria y de salud mental se ofrecen en un mismo consultorio de medicina familiar. Tu consejero de salud mental est\u00e1 justo al final del pasillo. M\u00e1s all\u00e1 de nuestras puertas, tienes referencias a atenci\u00f3n especializada, hospitales, servicios de atenci\u00f3n m\u00e9dica a domicilio, servicios comunitarios y apoyos.<\/li>\n\n\n\n<li><strong>Su atenci\u00f3n es en equipo. <\/strong>Con todos los servicios de atenci\u00f3n m\u00e9dica bajo un mismo techo, tu equipo m\u00e9dico trabaja en conjunto a la perfecci\u00f3n. Se comunican y colaboran f\u00e1cilmente entre s\u00ed, y contigo. Somos todos un equipo.<\/li>\n\n\n\n<li><strong>Tu cuidado se centra en el paciente. <\/strong>Usted y sus proveedores construyen una relaci\u00f3n s\u00f3lida para ayudarle a alcanzar su m\u00e1ximo potencial de salud. Su equipo de atenci\u00f3n lo conoce a usted, a su familia, a su historial de salud y lo apoyan mientras aprende a manejar y organizar su atenci\u00f3n seg\u00fan lo elija. En Packard Health decimos: \u201cEl paciente es la estrella\u201d.<\/li>\n\n\n\n<li><strong>Tu cuidado es para el paciente completo: t\u00fa. <\/strong>La atenci\u00f3n que recibe en Packard Health no se centra en una enfermedad o afecci\u00f3n. Su equipo de atenci\u00f3n m\u00e9dica considera un panorama m\u00e1s amplio: sus afecciones cr\u00f3nicas, su bienestar mental, su estilo de vida y los factores de su vida que le impiden alcanzar el mejor nivel de salud para usted.<\/li>\n\n\n\n<li><strong>Tu Historia Cl\u00ednica Electr\u00f3nica \u00c9pica <\/strong>asegura que tu equipo de Packard Health pueda coordinar la atenci\u00f3n entre departamentos de especialistas o de urgencias en los principales sistemas de salud de nuestra \u00e1rea, como Michigan Medicine y Trinity Health.<\/li>\n\n\n\n<li><strong>Piensa en Packard Health como tu hogar m\u00e9dico<\/strong>, donde todo el mundo, desde el personal de recepci\u00f3n hasta el de llamadas, desde el de referencias hasta el departamento de facturaci\u00f3n, es como una familia: amigable, servicial y comprometido.<\/li>\n<\/ul>\n\n\n\n<div style=\"height:8px\" aria-hidden=\"true\" class=\"wp-block-spacer\"><\/div>\n\n\n\n<h2 class=\"wp-block-heading\"><strong>Cosas importantes que debes saber<\/strong><\/h2>\n\n\n\n<h3 class=\"wp-block-heading\">Antes de llamar<\/h3>\n\n\n\n<ul class=\"wp-block-list\">\n<li>Packard Health es <strong>no<\/strong> una cl\u00ednica ambulatoria o de atenci\u00f3n de urgencia. Todas las visitas requieren cita previa. <\/li>\n\n\n\n<li>Aceptamos la mayor\u00eda de las principales compa\u00f1\u00edas de seguros. Por favor, confirme que Packard Health est\u00e1 dentro de la red antes de llamar para registrarse como paciente nuevo. <\/li>\n\n\n\n<li><a href=\"\/es\/insurance\/\">Si actualmente no tienes seguro<\/a>, un representante de servicios al paciente puede ayudarte a explorar tus opciones y guiarte a trav\u00e9s del proceso de solicitud. Hay una escala de tarifas variables disponible para pacientes que califiquen. <\/li>\n\n\n\n<li>Las citas de telesalud solo est\u00e1n disponibles para pacientes en Michigan.<\/li>\n<\/ul>\n\n\n\n<h3 class=\"wp-block-heading\">Medicamentos y recetas<\/h3>\n\n\n\n<ul class=\"wp-block-list\">\n<li>Packard Health no receta benzodiazepinas, narc\u00f3ticos ni estimulantes. <\/li>\n\n\n\n<li>Los medicamentos controlados no pueden ser recetados ni enviados fuera del estado. <\/li>\n\n\n\n<li>Las solicitudes de resurtido de recetas pueden tardar hasta 7 d\u00edas h\u00e1biles.<\/li>\n<\/ul>\n\n\n\n<h3 class=\"wp-block-heading\">Tr\u00e1mites y Comunicaci\u00f3n con el Proveedor<\/h3>\n\n\n\n<ul class=\"wp-block-list\">\n<li>Se requiere una cita para completar cualquier tr\u00e1mite. <\/li>\n\n\n\n<li>Nuestros proveedores no pueden recibir llamadas telef\u00f3nicas directas. Para contactar a tu proveedor, env\u00eda un mensaje a trav\u00e9s de tu <a href=\"\/es\/for-patients\/mychart-patient-portal\/\">Portal para pacientes MyChart<\/a>, o deje un mensaje en <a href=\"tel:7349711073\">(734) 971-1073<\/a>.<\/li>\n\n\n\n<li>Los mensajes enviados a trav\u00e9s de MyChart no se responden de inmediato; por favor, espere hasta 72 horas para recibir una respuesta.<\/li>\n<\/ul>\n\n\n\n<div style=\"height:8px\" aria-hidden=\"true\" class=\"wp-block-spacer\"><\/div>\n\n\n\n<details class=\"wp-block-details has-green-200-background-color has-background is-layout-flow wp-block-details-is-layout-flow\"><summary>C\u00f3digo de Responsabilidad del Paciente<\/summary>\n<p><strong>Eres responsable de:<\/strong><\/p>\n\n\n\n<ul class=\"wp-block-list\">\n<li>Dar informaci\u00f3n veraz y completa a tu equipo de atenci\u00f3n m\u00e9dica.<\/li>\n\n\n\n<li>Informar a tu doctor sobre cualquier cambio en tu salud.<\/li>\n\n\n\n<li>Hacer preguntas cuando no entiendes lo que te dicen el doctor o la enfermera.<\/li>\n\n\n\n<li>Firmar un formulario de consentimiento para su atenci\u00f3n, excepto en emergencias.<\/li>\n\n\n\n<li>Siguiendo tu plan de cuidados. Si no puedes seguirlo, dile a tu doctor o enfermera por qu\u00e9.<\/li>\n\n\n\n<li>Cancelar citas a las que no puedes asistir.<\/li>\n\n\n\n<li>No portar ning\u00fan tipo de arma a la oficina.<\/li>\n\n\n\n<li>Trabajar con su cl\u00ednica si no puede pagar su factura.<\/li>\n\n\n\n<li>Expr\u00e9sale tus pensamientos y preocupaciones a las personas adecuadas de manera \u00fatil. Esto significa d\u00edselo a tu m\u00e9dico, enfermero(a) o terapeuta.<\/li>\n\n\n\n<li>Tratar con respeto a otros pacientes, al personal de la cl\u00ednica y a las pertenencias de otras personas.<\/li>\n\n\n\n<li>Siguiendo las reglas de la oficina.<\/li>\n<\/ul>\n<\/details>\n<\/div>\n\n\n\n<div class=\"wp-block-column is-layout-flow wp-block-column-is-layout-flow\" style=\"flex-basis:25%\">\n<div class=\"wp-block-columns is-layout-flex wp-container-core-columns-is-layout-28f84493 wp-block-columns-is-layout-flex\">\n<div class=\"wp-block-column has-green-200-background-color has-background is-layout-flow wp-block-column-is-layout-flow\" style=\"border-top-left-radius:20px;border-top-right-radius:20px;border-bottom-left-radius:20px;border-bottom-right-radius:20px;padding-top:24px;padding-right:24px;padding-bottom:24px;padding-left:24px\"><div class=\"wp-block-safe-svg-svg-icon safe-svg-cover wp-elements-8400851f7ddea9c267584f04dd58b7c3\" style=\"text-align: left;\">\n\t\t\t\t<div class=\"safe-svg-inside safe-svg-inline wp-elements-8400851f7ddea9c267584f04dd58b7c3\" style=\"width: 55px; height: 55px; background-color: var(--wp--preset--color--); color: var(--wp--preset--color--green-400); padding-top: 0; padding-right: ; padding-bottom: 0; padding-left: ; margin-top: 0; margin-right: ; margin-bottom: 0; margin-left: ;\"><?xml version=\"1.0\" encoding=\"UTF-8\"?> <svg xmlns=\"http:\/\/www.w3.org\/2000\/svg\" viewbox=\"0 0 640 640\"><path d=\"M64 112C64 85.5 85.5 64 112 64L160 64C177.7 64 192 78.3 192 96C192 113.7 177.7 128 160 128L128 128L128 256C128 309 171 352 224 352C277 352 320 309 320 256L320 128L288 128C270.3 128 256 113.7 256 96C256 78.3 270.3 64 288 64L336 64C362.5 64 384 85.5 384 112L384 256C384 333.4 329 398 256 412.8L256 432C256 493.9 306.1 544 368 544C429.9 544 480 493.9 480 432L480 346.5C442.7 333.3 416 297.8 416 256C416 203 459 160 512 160C565 160 608 203 608 256C608 297.8 581.3 333.4 544 346.5L544 432C544 529.2 465.2 608 368 608C270.8 608 192 529.2 192 432L192 412.8C119 398 64 333.4 64 256L64 112zM512 288C529.7 288 544 273.7 544 256C544 238.3 529.7 224 512 224C494.3 224 480 238.3 480 256C480 273.7 494.3 288 512 288z\"><\/path><\/svg> <\/div>\n\t\t\t<\/div>\n\n\n<h5 class=\"wp-block-heading has-gray-900-color has-text-color has-link-color wp-elements-3ffde639eb22ad6359a57217bc62b3f8\" style=\"margin-top:var(--wp--preset--spacing--20)\"><a href=\"\/es\/telehealth\/\">Programar una visita de telesalud<\/a><\/h5>\n\n\n\n<p style=\"margin-top:var(--wp--preset--spacing--20);margin-bottom:var(--wp--preset--spacing--20)\">Con\u00e9ctese con su proveedor o terapeuta de Packard Health en l\u00ednea desde la comodidad de su hogar.<\/p>\n<\/div>\n<\/div>\n\n\n\n<div class=\"wp-block-columns is-layout-flex wp-container-core-columns-is-layout-28f84493 wp-block-columns-is-layout-flex\">\n<div class=\"wp-block-column has-orange-200-background-color has-background is-layout-flow wp-block-column-is-layout-flow\" style=\"border-top-left-radius:20px;border-top-right-radius:20px;border-bottom-left-radius:20px;border-bottom-right-radius:20px;padding-top:24px;padding-right:24px;padding-bottom:24px;padding-left:24px\"><div class=\"wp-block-safe-svg-svg-icon safe-svg-cover wp-elements-29c198644305d12d8699caca9551de5b\" style=\"text-align: left;\">\n\t\t\t\t<div class=\"safe-svg-inside safe-svg-inline wp-elements-29c198644305d12d8699caca9551de5b\" style=\"width: 55px; height: 55px; background-color: var(--wp--preset--color--); color: var(--wp--preset--color--orange-400); padding-top: 0; padding-right: ; padding-bottom: 0; padding-left: ; margin-top: 0; margin-right: ; margin-bottom: 0; margin-left: ;\"><?xml version=\"1.0\" encoding=\"UTF-8\"?> <svg xmlns=\"http:\/\/www.w3.org\/2000\/svg\" viewbox=\"0 0 640 640\"><path d=\"M320 64C324.6 64 329.2 65 333.4 66.9L521.8 146.8C543.8 156.1 560.2 177.8 560.1 204C559.6 303.2 518.8 484.7 346.5 567.2C329.8 575.2 310.4 575.2 293.7 567.2C121.3 484.7 80.6 303.2 80.1 204C80 177.8 96.4 156.1 118.4 146.8L306.7 66.9C310.9 65 315.4 64 320 64zM320 130.8L320 508.9C458 442.1 495.1 294.1 496 205.5L320 130.9L320 130.9z\"><\/path><\/svg> <\/div>\n\t\t\t<\/div>\n\n\n<h5 class=\"wp-block-heading has-gray-900-color has-text-color has-link-color wp-elements-94271a4cdae8f91e6bc6020c2a010593\" style=\"margin-top:var(--wp--preset--spacing--20)\"><a href=\"\/es\/insurance\/\">Obtener ayuda con el seguro<\/a><\/h5>\n\n\n\n<p style=\"margin-top:var(--wp--preset--spacing--20);margin-bottom:var(--wp--preset--spacing--20)\">Damos la bienvenida a todas las personas, independientemente de su capacidad de pago.<\/p>\n<\/div>\n<\/div>\n\n\n\n<div class=\"wp-block-columns is-layout-flex wp-container-core-columns-is-layout-28f84493 wp-block-columns-is-layout-flex\">\n<div class=\"wp-block-column has-purple-200-background-color has-background is-layout-flow wp-block-column-is-layout-flow\" style=\"border-top-left-radius:20px;border-top-right-radius:20px;border-bottom-left-radius:20px;border-bottom-right-radius:20px;padding-top:24px;padding-right:24px;padding-bottom:24px;padding-left:24px\"><div class=\"wp-block-safe-svg-svg-icon safe-svg-cover wp-elements-cf1cf8adc9a56d9bcdbc64caa037bae5\" style=\"text-align: left;\">\n\t\t\t\t<div class=\"safe-svg-inside safe-svg-inline wp-elements-cf1cf8adc9a56d9bcdbc64caa037bae5\" style=\"width: 55px; height: 55px; background-color: var(--wp--preset--color--); color: var(--wp--preset--color--purple-400); padding-top: 0; padding-right: ; padding-bottom: 0; padding-left: ; margin-top: 0; margin-right: ; margin-bottom: 0; margin-left: ;\"><?xml version=\"1.0\" encoding=\"UTF-8\"?> <svg xmlns=\"http:\/\/www.w3.org\/2000\/svg\" viewbox=\"0 0 640 640\"><path d=\"M64 192L64 224L576 224L576 192C576 156.7 547.3 128 512 128L128 128C92.7 128 64 156.7 64 192zM64 272L64 448C64 483.3 92.7 512 128 512L512 512C547.3 512 576 483.3 576 448L576 272L64 272zM128 424C128 410.7 138.7 400 152 400L200 400C213.3 400 224 410.7 224 424C224 437.3 213.3 448 200 448L152 448C138.7 448 128 437.3 128 424zM272 424C272 410.7 282.7 400 296 400L360 400C373.3 400 384 410.7 384 424C384 437.3 373.3 448 360 448L296 448C282.7 448 272 437.3 272 424z\"><\/path><\/svg> <\/div>\n\t\t\t<\/div>\n\n\n<h5 class=\"wp-block-heading has-gray-900-color has-text-color has-link-color wp-elements-d951fe3270f3a4169cb241d0f0f88f3e\" style=\"margin-top:var(--wp--preset--spacing--20)\"><a href=\"\/es\/billing-and-payment\/\">Realizar un pago<\/a><\/h5>\n\n\n\n<p style=\"margin-top:var(--wp--preset--spacing--20);margin-bottom:var(--wp--preset--spacing--20)\">Paga tu factura en l\u00ednea.<\/p>\n<\/div>\n<\/div>\n<\/div>\n<\/div>","protected":false},"excerpt":{"rendered":"<p>For New Patients We are currently accepting new patients with or without insurance. Call (734) 971-1073 to find your new Packard Health provider. Why Packard Health? Patient care at Packard Health is personal\u2014and unique, effective, compassionate. We are nationally recognized for the way we care for our patients. Important Things to Know Before You Call [&hellip;]<\/p>\n","protected":false},"author":2,"featured_media":10574,"parent":8559,"menu_order":0,"comment_status":"closed","ping_status":"closed","template":"","meta":{"_acf_changed":false,"footnotes":"","_links_to":"","_links_to_target":""},"class_list":["post-8568","page","type-page","status-publish","has-post-thumbnail","hentry"],"acf":[],"yoast_head":"<!-- This site is optimized with the Yoast SEO plugin v27.5 - https:\/\/yoast.com\/product\/yoast-seo-wordpress\/ -->\n<title>For New Patients - Packard Health<\/title>\n<meta name=\"robots\" content=\"index, follow, max-snippet:-1, max-image-preview:large, max-video-preview:-1\" \/>\n<link rel=\"canonical\" href=\"https:\/\/packardhealth.org\/es\/for-patients\/for-new-patients\/\" \/>\n<meta property=\"og:locale\" content=\"es_MX\" \/>\n<meta property=\"og:type\" content=\"article\" \/>\n<meta property=\"og:title\" content=\"For New Patients - Packard Health\" \/>\n<meta property=\"og:description\" content=\"For New Patients We are currently accepting new patients with or without insurance. Call (734) 971-1073 to find your new Packard Health provider. Why Packard Health? Patient care at Packard Health is personal\u2014and unique, effective, compassionate. We are nationally recognized for the way we care for our patients. Important Things to Know Before You Call [&hellip;]\" \/>\n<meta property=\"og:url\" content=\"https:\/\/packardhealth.org\/es\/for-patients\/for-new-patients\/\" \/>\n<meta property=\"og:site_name\" content=\"Packard Health\" \/>\n<meta property=\"article:modified_time\" content=\"2026-05-04T19:38:47+00:00\" \/>\n<meta property=\"og:image\" content=\"https:\/\/packardhealth.org\/wp-content\/uploads\/2026\/04\/patient-doctor-2560X1440.jpg\" \/>\n\t<meta property=\"og:image:width\" content=\"2560\" \/>\n\t<meta property=\"og:image:height\" content=\"1440\" \/>\n\t<meta property=\"og:image:type\" content=\"image\/jpeg\" \/>\n<meta name=\"twitter:card\" content=\"summary_large_image\" \/>\n<meta name=\"twitter:label1\" content=\"Tiempo de lectura\" \/>\n\t<meta name=\"twitter:data1\" content=\"4 minutos\" \/>\n<script type=\"application\/ld+json\" class=\"yoast-schema-graph\">{\"@context\":\"https:\\\/\\\/schema.org\",\"@graph\":[{\"@type\":\"WebPage\",\"@id\":\"https:\\\/\\\/packardhealth.org\\\/for-patients\\\/for-new-patients\\\/\",\"url\":\"https:\\\/\\\/packardhealth.org\\\/for-patients\\\/for-new-patients\\\/\",\"name\":\"For New Patients - Packard Health\",\"isPartOf\":{\"@id\":\"https:\\\/\\\/packardhealth.org\\\/#website\"},\"primaryImageOfPage\":{\"@id\":\"https:\\\/\\\/packardhealth.org\\\/for-patients\\\/for-new-patients\\\/#primaryimage\"},\"image\":{\"@id\":\"https:\\\/\\\/packardhealth.org\\\/for-patients\\\/for-new-patients\\\/#primaryimage\"},\"thumbnailUrl\":\"https:\\\/\\\/packardhealth.org\\\/wp-content\\\/uploads\\\/2026\\\/04\\\/patient-doctor-2560X1440.jpg\",\"datePublished\":\"2026-03-03T16:27:57+00:00\",\"dateModified\":\"2026-05-04T19:38:47+00:00\",\"breadcrumb\":{\"@id\":\"https:\\\/\\\/packardhealth.org\\\/for-patients\\\/for-new-patients\\\/#breadcrumb\"},\"inLanguage\":\"es\",\"potentialAction\":[{\"@type\":\"ReadAction\",\"target\":[\"https:\\\/\\\/packardhealth.org\\\/for-patients\\\/for-new-patients\\\/\"]}]},{\"@type\":\"ImageObject\",\"inLanguage\":\"es\",\"@id\":\"https:\\\/\\\/packardhealth.org\\\/for-patients\\\/for-new-patients\\\/#primaryimage\",\"url\":\"https:\\\/\\\/packardhealth.org\\\/wp-content\\\/uploads\\\/2026\\\/04\\\/patient-doctor-2560X1440.jpg\",\"contentUrl\":\"https:\\\/\\\/packardhealth.org\\\/wp-content\\\/uploads\\\/2026\\\/04\\\/patient-doctor-2560X1440.jpg\",\"width\":2560,\"height\":1440,\"caption\":\"patient doctor stethoscope\"},{\"@type\":\"BreadcrumbList\",\"@id\":\"https:\\\/\\\/packardhealth.org\\\/for-patients\\\/for-new-patients\\\/#breadcrumb\",\"itemListElement\":[{\"@type\":\"ListItem\",\"position\":1,\"name\":\"\",\"item\":\"https:\\\/\\\/packardhealth.org\\\/\"},{\"@type\":\"ListItem\",\"position\":2,\"name\":\"For Patients\",\"item\":\"https:\\\/\\\/packardhealth.org\\\/for-patients\\\/\"},{\"@type\":\"ListItem\",\"position\":3,\"name\":\"For New Patients\"}]},{\"@type\":\"WebSite\",\"@id\":\"https:\\\/\\\/packardhealth.org\\\/#website\",\"url\":\"https:\\\/\\\/packardhealth.org\\\/\",\"name\":\"Packard Health\",\"description\":\"Health care for everyone.\",\"potentialAction\":[{\"@type\":\"SearchAction\",\"target\":{\"@type\":\"EntryPoint\",\"urlTemplate\":\"https:\\\/\\\/packardhealth.org\\\/?s={search_term_string}\"},\"query-input\":{\"@type\":\"PropertyValueSpecification\",\"valueRequired\":true,\"valueName\":\"search_term_string\"}}],\"inLanguage\":\"es\"}]}<\/script>\n<!-- \/ Yoast SEO plugin. -->","yoast_head_json":{"title":"For New Patients - Packard Health","robots":{"index":"index","follow":"follow","max-snippet":"max-snippet:-1","max-image-preview":"max-image-preview:large","max-video-preview":"max-video-preview:-1"},"canonical":"https:\/\/packardhealth.org\/es\/for-patients\/for-new-patients\/","og_locale":"es_MX","og_type":"article","og_title":"For New Patients - Packard Health","og_description":"For New Patients We are currently accepting new patients with or without insurance. Call (734) 971-1073 to find your new Packard Health provider. Why Packard Health? Patient care at Packard Health is personal\u2014and unique, effective, compassionate. We are nationally recognized for the way we care for our patients. Important Things to Know Before You Call [&hellip;]","og_url":"https:\/\/packardhealth.org\/es\/for-patients\/for-new-patients\/","og_site_name":"Packard Health","article_modified_time":"2026-05-04T19:38:47+00:00","og_image":[{"width":2560,"height":1440,"url":"https:\/\/packardhealth.org\/wp-content\/uploads\/2026\/04\/patient-doctor-2560X1440.jpg","type":"image\/jpeg"}],"twitter_card":"summary_large_image","twitter_misc":{"Tiempo de lectura":"4 minutos"},"schema":{"@context":"https:\/\/schema.org","@graph":[{"@type":"WebPage","@id":"https:\/\/packardhealth.org\/for-patients\/for-new-patients\/","url":"https:\/\/packardhealth.org\/for-patients\/for-new-patients\/","name":"For New Patients - Packard Health","isPartOf":{"@id":"https:\/\/packardhealth.org\/#website"},"primaryImageOfPage":{"@id":"https:\/\/packardhealth.org\/for-patients\/for-new-patients\/#primaryimage"},"image":{"@id":"https:\/\/packardhealth.org\/for-patients\/for-new-patients\/#primaryimage"},"thumbnailUrl":"https:\/\/packardhealth.org\/wp-content\/uploads\/2026\/04\/patient-doctor-2560X1440.jpg","datePublished":"2026-03-03T16:27:57+00:00","dateModified":"2026-05-04T19:38:47+00:00","breadcrumb":{"@id":"https:\/\/packardhealth.org\/for-patients\/for-new-patients\/#breadcrumb"},"inLanguage":"es","potentialAction":[{"@type":"ReadAction","target":["https:\/\/packardhealth.org\/for-patients\/for-new-patients\/"]}]},{"@type":"ImageObject","inLanguage":"es","@id":"https:\/\/packardhealth.org\/for-patients\/for-new-patients\/#primaryimage","url":"https:\/\/packardhealth.org\/wp-content\/uploads\/2026\/04\/patient-doctor-2560X1440.jpg","contentUrl":"https:\/\/packardhealth.org\/wp-content\/uploads\/2026\/04\/patient-doctor-2560X1440.jpg","width":2560,"height":1440,"caption":"patient doctor stethoscope"},{"@type":"BreadcrumbList","@id":"https:\/\/packardhealth.org\/for-patients\/for-new-patients\/#breadcrumb","itemListElement":[{"@type":"ListItem","position":1,"name":"","item":"https:\/\/packardhealth.org\/"},{"@type":"ListItem","position":2,"name":"For Patients","item":"https:\/\/packardhealth.org\/for-patients\/"},{"@type":"ListItem","position":3,"name":"For New Patients"}]},{"@type":"WebSite","@id":"https:\/\/packardhealth.org\/#website","url":"https:\/\/packardhealth.org\/","name":"Packard Health","description":"Health care for everyone.","potentialAction":[{"@type":"SearchAction","target":{"@type":"EntryPoint","urlTemplate":"https:\/\/packardhealth.org\/?s={search_term_string}"},"query-input":{"@type":"PropertyValueSpecification","valueRequired":true,"valueName":"search_term_string"}}],"inLanguage":"es"}]}},"_links":{"self":[{"href":"https:\/\/packardhealth.org\/es\/wp-json\/wp\/v2\/pages\/8568","targetHints":{"allow":["GET"]}}],"collection":[{"href":"https:\/\/packardhealth.org\/es\/wp-json\/wp\/v2\/pages"}],"about":[{"href":"https:\/\/packardhealth.org\/es\/wp-json\/wp\/v2\/types\/page"}],"author":[{"embeddable":true,"href":"https:\/\/packardhealth.org\/es\/wp-json\/wp\/v2\/users\/2"}],"replies":[{"embeddable":true,"href":"https:\/\/packardhealth.org\/es\/wp-json\/wp\/v2\/comments?post=8568"}],"version-history":[{"count":34,"href":"https:\/\/packardhealth.org\/es\/wp-json\/wp\/v2\/pages\/8568\/revisions"}],"predecessor-version":[{"id":11236,"href":"https:\/\/packardhealth.org\/es\/wp-json\/wp\/v2\/pages\/8568\/revisions\/11236"}],"up":[{"embeddable":true,"href":"https:\/\/packardhealth.org\/es\/wp-json\/wp\/v2\/pages\/8559"}],"wp:featuredmedia":[{"embeddable":true,"href":"https:\/\/packardhealth.org\/es\/wp-json\/wp\/v2\/media\/10574"}],"wp:attachment":[{"href":"https:\/\/packardhealth.org\/es\/wp-json\/wp\/v2\/media?parent=8568"}],"curies":[{"name":"wp","href":"https:\/\/api.w.org\/{rel}","templated":true}]}}