{"id":8573,"date":"2026-03-03T16:31:38","date_gmt":"2026-03-03T16:31:38","guid":{"rendered":"https:\/\/packardhealth.org\/?page_id=8573"},"modified":"2026-05-06T14:30:37","modified_gmt":"2026-05-06T14:30:37","slug":"billing-and-payment","status":"publish","type":"page","link":"https:\/\/packardhealth.org\/es\/for-patients\/billing-and-payment\/","title":{"rendered":"Facturaci\u00f3n y pago"},"content":{"rendered":"<div class=\"wp-block-cover alignfull is-light has-custom-content-position is-position-center-right\" style=\"min-height:200px;aspect-ratio:unset;\"><span aria-hidden=\"true\" class=\"wp-block-cover__background has-blue-400-background-color has-background-dim-0 has-background-dim\"><\/span><img loading=\"lazy\" decoding=\"async\" width=\"1024\" height=\"576\" src=\"https:\/\/packardhealth.org\/wp-content\/uploads\/2026\/04\/patient-doctor-2560X1440-1024x576.jpg\" class=\"wp-block-cover__image-background wp-post-image\" alt=\"patient doctor stethoscope\" data-object-fit=\"cover\" srcset=\"https:\/\/packardhealth.org\/wp-content\/uploads\/2026\/04\/patient-doctor-2560X1440-1024x576.jpg 1024w, https:\/\/packardhealth.org\/wp-content\/uploads\/2026\/04\/patient-doctor-2560X1440-300x169.jpg 300w, https:\/\/packardhealth.org\/wp-content\/uploads\/2026\/04\/patient-doctor-2560X1440-768x432.jpg 768w, https:\/\/packardhealth.org\/wp-content\/uploads\/2026\/04\/patient-doctor-2560X1440-1536x864.jpg 1536w, https:\/\/packardhealth.org\/wp-content\/uploads\/2026\/04\/patient-doctor-2560X1440-2048x1152.jpg 2048w, https:\/\/packardhealth.org\/wp-content\/uploads\/2026\/04\/patient-doctor-2560X1440-1080x608.jpg 1080w\" sizes=\"auto, (max-width: 1024px) 100vw, 1024px\" \/><div class=\"wp-block-cover__inner-container has-global-padding is-layout-constrained wp-block-cover-is-layout-constrained\">\n<p class=\"has-text-align-left\"><\/p>\n<\/div><\/div>\n\n\n\n<h1 class=\"wp-block-heading\" style=\"margin-top:64px\">Facturaci\u00f3n y pago<\/h1>\n\n\n\n<div class=\"wp-block-columns is-layout-flex wp-container-core-columns-is-layout-eec792fa wp-block-columns-is-layout-flex\" style=\"padding-top:50px;padding-bottom:50px\">\n<div class=\"wp-block-column is-layout-flow wp-block-column-is-layout-flow\" style=\"flex-basis:70%\">\n<div class=\"wp-block-columns is-layout-flex wp-container-core-columns-is-layout-500fc115 wp-block-columns-is-layout-flex\">\n<div class=\"wp-block-column is-layout-flow wp-block-column-is-layout-flow\">\n<figure class=\"wp-block-image size-large has-custom-border is-style-default\"><img loading=\"lazy\" decoding=\"async\" width=\"1024\" height=\"683\" src=\"https:\/\/packardhealth.org\/wp-content\/uploads\/2026\/03\/ismail-patient-1024x683.jpg\" alt=\"Family nurse practitioner with patient\" class=\"wp-image-8759\" style=\"border-top-left-radius:20px;border-top-right-radius:20px;border-bottom-left-radius:20px;border-bottom-right-radius:20px;aspect-ratio:3\/2;object-fit:cover\" srcset=\"https:\/\/packardhealth.org\/wp-content\/uploads\/2026\/03\/ismail-patient-1024x683.jpg 1024w, https:\/\/packardhealth.org\/wp-content\/uploads\/2026\/03\/ismail-patient-300x200.jpg 300w, https:\/\/packardhealth.org\/wp-content\/uploads\/2026\/03\/ismail-patient-768x512.jpg 768w, https:\/\/packardhealth.org\/wp-content\/uploads\/2026\/03\/ismail-patient-1080x720.jpg 1080w, https:\/\/packardhealth.org\/wp-content\/uploads\/2026\/03\/ismail-patient.jpg 1275w\" sizes=\"auto, (max-width: 1024px) 100vw, 1024px\" \/><\/figure>\n<\/div>\n\n\n\n<div class=\"wp-block-column is-layout-flow wp-block-column-is-layout-flow\">\n<p class=\"has-paragraph-large-font-size\">Nadie ser\u00e1 negado atenci\u00f3n m\u00e9dica bas\u00e1ndose en la incapacidad de pago en el momento del servicio.<\/p>\n<\/div>\n<\/div>\n\n\n\n<div style=\"height:24px\" aria-hidden=\"true\" class=\"wp-block-spacer\"><\/div>\n\n\n\n<h2 class=\"wp-block-heading\"><strong>Pol\u00edticas de Pago y Soporte<\/strong><\/h2>\n\n\n\n<ul class=\"wp-block-list\">\n<li>Packard Health acepta una amplia gama de seguros comerciales y planes de salud p\u00fablica.<\/li>\n\n\n\n<li>Se espera el pago al momento del servicio por (1) cualquier coseguro requerido por su plan de seguro, (2) cualquier porci\u00f3n no cubierta de su factura.<\/li>\n\n\n\n<li>Es posible que califique para la escala de tarifas variables de Packard Health. Los pagos por servicios de atenci\u00f3n m\u00e9dica se determinar\u00e1n seg\u00fan su capacidad de pago. Por favor, traiga a su cita un documento de identificaci\u00f3n y un comprobante de ingresos del hogar de los \u00faltimos 30 d\u00edas. Los comprobantes pueden incluir talones de pago o de beneficios. Si no tiene ingresos en absoluto, por favor d\u00edganos c\u00f3mo se sustenta d\u00eda a d\u00eda.<\/li>\n\n\n\n<li>Aunque no cumpla los requisitos para acogerse a la escala de tarifas variable, podr\u00e1 beneficiarse del descuento 20% si abona el importe total en el momento de recibir el servicio.<\/li>\n\n\n\n<li>Bajo la Ley Federal \u201cNo Sorpresas\u201d (No Surprises Act), los pacientes que no tienen seguro m\u00e9dico o que no est\u00e1n utilizando seguro tienen derecho a recibir un \"Estimado de Buena Fe\" que explica cu\u00e1nto costar\u00e1 su atenci\u00f3n m\u00e9dica.<\/li>\n\n\n\n<li>Packard Health acepta efectivo, cheques, Visa y MasterCard.<\/li>\n<\/ul>\n\n\n\n<div class=\"wp-block-buttons is-layout-flex wp-block-buttons-is-layout-flex\">\n<div class=\"wp-block-button\"><a class=\"wp-block-button__link wp-element-button\" href=\"\/es\/mychart-patient-portal\/\">Paga tu factura<\/a><\/div>\n<\/div>\n\n\n\n<div style=\"height:24px\" aria-hidden=\"true\" class=\"wp-block-spacer\"><\/div>\n\n\n\n<details class=\"wp-block-details is-layout-flow wp-block-details-is-layout-flow\"><summary>Prot\u00e9gete del fraude<\/summary>\n<p class=\"has-gray-900-color has-text-color has-link-color wp-elements-c568c4937e5d34d4c3a89be89dd1c91c\">Recientemente, han surgido sitios web fraudulentos en l\u00ednea que intentan solicitar pagos a los pacientes de atenci\u00f3n m\u00e9dica. Algunos de estos sitios web buscan imitar nuestro portal de pagos. Nuestro portal de pagos MyChart es seguro; sin embargo, han comenzado a aparecer sitios web fraudulentos de aspecto similar con nombres parecidos en los resultados de b\u00fasqueda de internet. Los pacientes solo deben realizar pagos en l\u00ednea utilizando la URL proporcionada en sus facturas de pacientes.<\/p>\n\n\n\n<p class=\"has-gray-900-color has-text-color has-link-color wp-elements-bc3775d90d8a64599740787ad46c9e11\"><strong>Aqu\u00ed hay algunas se\u00f1ales de advertencia de que han llegado a un sitio impostor:<\/strong><\/p>\n\n\n\n<ul class=\"wp-block-list\">\n<li class=\"has-gray-900-color has-text-color has-link-color wp-elements-7fb8fc22397f75bc94f854cefb947b23\">El sitio solicita informaci\u00f3n personal (por ejemplo, nombre o direcci\u00f3n) o saldo de pago.<\/li>\n\n\n\n<li>Te dicen que llames a una l\u00ednea de atenci\u00f3n al cliente para procesar un pago.<\/li>\n\n\n\n<li>Recibir mensajes de error como \u201cpago en espera\u201d, \u201ctransacci\u00f3n pendiente\u201d, \u201cerror al procesar tu pago\u201d, \u201cups\u201d, etc.<\/li>\n\n\n\n<li>Texto mal traducido e instrucciones para usar el sitio.<\/li>\n\n\n\n<li>Enlaces a otros sitios no afiliados.<\/li>\n\n\n\n<li class=\"has-gray-900-color has-text-color has-link-color wp-elements-2930c61093a04ec6258bf167b3f76ecc\">Anuncios: algunos sitios no recopilan informaci\u00f3n de los visitantes, pero reciben ingresos publicitarios por cada visita. Nuestro portal de pago no tiene ning\u00fan anuncio.<\/li>\n<\/ul>\n<\/details>\n\n\n\n<div style=\"height:8px\" aria-hidden=\"true\" class=\"wp-block-spacer\"><\/div>\n\n\n\n<details class=\"wp-block-details is-layout-flow wp-block-details-is-layout-flow\"><summary>Estimaci\u00f3n de buena fe<\/summary>\n<p>Tiene derecho a recibir una \u201cEstimaci\u00f3n de Buena Fe\u201d que explique cu\u00e1nto costar\u00e1 su atenci\u00f3n m\u00e9dica.<\/p>\n\n\n\n<p>Bajo la Ley Federal de No Sorpresas, los proveedores de atenci\u00f3n m\u00e9dica deben entregar a los pacientes que no tienen seguro m\u00e9dico o que no lo usan una estimaci\u00f3n de la factura de art\u00edculos y servicios m\u00e9dicos.<\/p>\n\n\n\n<ul class=\"wp-block-list\">\n<li class=\"has-gray-900-color has-text-color has-link-color wp-elements-35a1d6e2959d8121a5c92f97c1a2f38a\">Tienes derecho a recibir una Estimaci\u00f3n de Buena Fe del costo total esperado de cualquier art\u00edculo o servicio no de emergencia. Esto incluye costos relacionados como pruebas m\u00e9dicas, medicamentos recetados, equipos y tarifas hospitalarias.<\/li>\n\n\n\n<li>Aseg\u00farate de que tu proveedor de atenci\u00f3n m\u00e9dica te entregue una Estimaci\u00f3n de Buena Fe por escrito al menos 1 d\u00eda h\u00e1bil antes de tu servicio o art\u00edculo m\u00e9dico. Tambi\u00e9n puedes solicitarle a tu proveedor de atenci\u00f3n m\u00e9dica, y a cualquier otro proveedor que elijas, una Estimaci\u00f3n de Buena Fe antes de programar un art\u00edculo o servicio.<\/li>\n\n\n\n<li>Si recibe una factura que supera en al menos $400 el importe de su estimaci\u00f3n de buena fe, puede impugnarla.<\/li>\n\n\n\n<li class=\"has-gray-900-color has-text-color has-link-color wp-elements-4425e58f40117103a137416a7674465a\">Aseg\u00farate de guardar una copia o una foto de tu Estimaci\u00f3n de Buena Fe.<\/li>\n<\/ul>\n\n\n\n<p><strong>La Estimaci\u00f3n de Buena Fe NO es una factura.<\/strong><\/p>\n\n\n\n<p>Para preguntas o m\u00e1s informaci\u00f3n sobre tu derecho a una Estimaci\u00f3n de Buena Fe, visita <a href=\"http:\/\/www.cms.gov\/nosurprises\">www.cms.gov\/nosurprises<\/a><span class=\"wp-rich-text-font-awesome-icon wp-font-awesome-icon\"><svg aria-hidden=\"true\" focusable=\"false\" data-prefix=\"fas\" data-icon=\"arrow-up-right-from-square\" class=\"svg-inline--fa fa-arrow-up-right-from-square\" role=\"img\" xmlns=\"http:\/\/www.w3.org\/2000\/svg\" viewbox=\"0 0 512 512\" color=\"#007db3\"><path fill=\"currentColor\" d=\"M320 0c-17.7 0-32 14.3-32 32s14.3 32 32 32l82.7 0-201.4 201.4c-12.5 12.5-12.5 32.8 0 45.3s32.8 12.5 45.3 0L448 109.3 448 192c0 17.7 14.3 32 32 32s32-14.3 32-32l0-160c0-17.7-14.3-32-32-32L320 0zM80 96C35.8 96 0 131.8 0 176L0 432c0 44.2 35.8 80 80 80l256 0c44.2 0 80-35.8 80-80l0-80c0-17.7-14.3-32-32-32s-32 14.3-32 32l0 80c0 8.8-7.2 16-16 16L80 448c-8.8 0-16-7.2-16-16l0-256c0-8.8 7.2-16 16-16l80 0c17.7 0 32-14.3 32-32s-14.3-32-32-32L80 96z\"><\/path><\/svg><\/span>, o llame <a href=\"tel: 7349299911\">(734) 929-9911<\/a>.<\/p>\n\n\n\n<p><a href=\"https:\/\/packardhealth.org\/wp-content\/uploads\/2023\/01\/disclosure_notice_regarding_patient_protections_against_surprise_billing-IHA.pdf\">Aprende m\u00e1s sobre tus derechos y protecciones contra facturas m\u00e9dicas inesperadas.<\/a><\/p>\n<\/details>\n\n\n\n<div style=\"height:8px\" aria-hidden=\"true\" class=\"wp-block-spacer\"><\/div>\n<\/div>\n\n\n\n<div class=\"wp-block-column is-layout-flow wp-block-column-is-layout-flow\" style=\"flex-basis:25%\">\n<div class=\"wp-block-columns is-layout-flex wp-container-core-columns-is-layout-28f84493 wp-block-columns-is-layout-flex\">\n<div class=\"wp-block-column has-green-200-background-color has-background is-layout-flow wp-block-column-is-layout-flow\" style=\"border-top-left-radius:20px;border-top-right-radius:20px;border-bottom-left-radius:20px;border-bottom-right-radius:20px;padding-top:24px;padding-right:24px;padding-bottom:24px;padding-left:24px\"><div class=\"wp-block-safe-svg-svg-icon safe-svg-cover wp-elements-8400851f7ddea9c267584f04dd58b7c3\" style=\"text-align: left;\">\n\t\t\t\t<div class=\"safe-svg-inside safe-svg-inline wp-elements-8400851f7ddea9c267584f04dd58b7c3\" style=\"width: 55px; height: 55px; background-color: var(--wp--preset--color--); color: var(--wp--preset--color--green-400); padding-top: 0; padding-right: ; padding-bottom: 0; padding-left: ; margin-top: 0; margin-right: ; margin-bottom: 0; margin-left: ;\"><?xml version=\"1.0\" encoding=\"UTF-8\"?> <svg xmlns=\"http:\/\/www.w3.org\/2000\/svg\" viewbox=\"0 0 640 640\"><path d=\"M64 112C64 85.5 85.5 64 112 64L160 64C177.7 64 192 78.3 192 96C192 113.7 177.7 128 160 128L128 128L128 256C128 309 171 352 224 352C277 352 320 309 320 256L320 128L288 128C270.3 128 256 113.7 256 96C256 78.3 270.3 64 288 64L336 64C362.5 64 384 85.5 384 112L384 256C384 333.4 329 398 256 412.8L256 432C256 493.9 306.1 544 368 544C429.9 544 480 493.9 480 432L480 346.5C442.7 333.3 416 297.8 416 256C416 203 459 160 512 160C565 160 608 203 608 256C608 297.8 581.3 333.4 544 346.5L544 432C544 529.2 465.2 608 368 608C270.8 608 192 529.2 192 432L192 412.8C119 398 64 333.4 64 256L64 112zM512 288C529.7 288 544 273.7 544 256C544 238.3 529.7 224 512 224C494.3 224 480 238.3 480 256C480 273.7 494.3 288 512 288z\"><\/path><\/svg> <\/div>\n\t\t\t<\/div>\n\n\n<h5 class=\"wp-block-heading has-gray-900-color has-text-color has-link-color wp-elements-3ffde639eb22ad6359a57217bc62b3f8\" style=\"margin-top:var(--wp--preset--spacing--20)\"><a href=\"\/es\/telehealth\/\">Programar una visita de telesalud<\/a><\/h5>\n\n\n\n<p style=\"margin-top:var(--wp--preset--spacing--20);margin-bottom:var(--wp--preset--spacing--20)\">Con\u00e9ctese con su proveedor o terapeuta de Packard Health en l\u00ednea desde la comodidad de su hogar.<\/p>\n<\/div>\n<\/div>\n\n\n\n<div class=\"wp-block-columns is-layout-flex wp-container-core-columns-is-layout-28f84493 wp-block-columns-is-layout-flex\">\n<div class=\"wp-block-column has-orange-200-background-color has-background is-layout-flow wp-block-column-is-layout-flow\" style=\"border-top-left-radius:20px;border-top-right-radius:20px;border-bottom-left-radius:20px;border-bottom-right-radius:20px;padding-top:24px;padding-right:24px;padding-bottom:24px;padding-left:24px\"><div class=\"wp-block-safe-svg-svg-icon safe-svg-cover wp-elements-29c198644305d12d8699caca9551de5b\" style=\"text-align: left;\">\n\t\t\t\t<div class=\"safe-svg-inside safe-svg-inline wp-elements-29c198644305d12d8699caca9551de5b\" style=\"width: 55px; height: 55px; background-color: var(--wp--preset--color--); color: var(--wp--preset--color--orange-400); padding-top: 0; padding-right: ; padding-bottom: 0; padding-left: ; margin-top: 0; margin-right: ; margin-bottom: 0; margin-left: ;\"><?xml version=\"1.0\" encoding=\"UTF-8\"?> <svg xmlns=\"http:\/\/www.w3.org\/2000\/svg\" viewbox=\"0 0 640 640\"><path d=\"M320 64C324.6 64 329.2 65 333.4 66.9L521.8 146.8C543.8 156.1 560.2 177.8 560.1 204C559.6 303.2 518.8 484.7 346.5 567.2C329.8 575.2 310.4 575.2 293.7 567.2C121.3 484.7 80.6 303.2 80.1 204C80 177.8 96.4 156.1 118.4 146.8L306.7 66.9C310.9 65 315.4 64 320 64zM320 130.8L320 508.9C458 442.1 495.1 294.1 496 205.5L320 130.9L320 130.9z\"><\/path><\/svg> <\/div>\n\t\t\t<\/div>\n\n\n<h5 class=\"wp-block-heading has-gray-900-color has-text-color has-link-color wp-elements-94271a4cdae8f91e6bc6020c2a010593\" style=\"margin-top:var(--wp--preset--spacing--20)\"><a href=\"\/es\/insurance\/\">Obtener ayuda con el seguro<\/a><\/h5>\n\n\n\n<p style=\"margin-top:var(--wp--preset--spacing--20);margin-bottom:var(--wp--preset--spacing--20)\">Damos la bienvenida a todas las personas, independientemente de su capacidad de pago.<\/p>\n<\/div>\n<\/div>\n<\/div>\n<\/div>","protected":false},"excerpt":{"rendered":"<p>Billing and Payment No one will be denied medical care based on inability to pay at the time of service. Payment Policies and Support Schedule a telehealth visit Connect with your Packard Health provider or therapist online from the comfort of your home. Get help with insurance We welcome everyone regardless of ability to pay.<\/p>","protected":false},"author":2,"featured_media":10574,"parent":8559,"menu_order":0,"comment_status":"closed","ping_status":"closed","template":"","meta":{"_acf_changed":false,"footnotes":"","_links_to":"","_links_to_target":""},"class_list":["post-8573","page","type-page","status-publish","has-post-thumbnail","hentry"],"acf":[],"yoast_head":"<!-- This site is optimized with the Yoast SEO plugin v27.5 - https:\/\/yoast.com\/product\/yoast-seo-wordpress\/ -->\n<title>Billing and Payment - Packard Health<\/title>\n<meta name=\"description\" content=\"No one will be denied medical care based on inability to pay at the time of service.\" \/>\n<meta name=\"robots\" content=\"index, follow, max-snippet:-1, max-image-preview:large, max-video-preview:-1\" \/>\n<link rel=\"canonical\" href=\"https:\/\/packardhealth.org\/es\/for-patients\/billing-and-payment\/\" \/>\n<meta property=\"og:locale\" content=\"es_MX\" \/>\n<meta property=\"og:type\" content=\"article\" \/>\n<meta property=\"og:title\" content=\"Billing and Payment - Packard Health\" \/>\n<meta property=\"og:description\" content=\"No one will be denied medical care based on inability to pay at the time of service.\" \/>\n<meta property=\"og:url\" content=\"https:\/\/packardhealth.org\/es\/for-patients\/billing-and-payment\/\" \/>\n<meta property=\"og:site_name\" content=\"Packard Health\" \/>\n<meta property=\"article:modified_time\" content=\"2026-05-06T14:30:37+00:00\" \/>\n<meta property=\"og:image\" content=\"https:\/\/packardhealth.org\/wp-content\/uploads\/2026\/04\/patient-doctor-2560X1440.jpg\" \/>\n\t<meta property=\"og:image:width\" content=\"2560\" \/>\n\t<meta property=\"og:image:height\" content=\"1440\" \/>\n\t<meta property=\"og:image:type\" content=\"image\/jpeg\" \/>\n<meta name=\"twitter:card\" content=\"summary_large_image\" \/>\n<meta name=\"twitter:label1\" content=\"Tiempo de lectura\" \/>\n\t<meta name=\"twitter:data1\" content=\"4 minutos\" \/>\n<script type=\"application\/ld+json\" class=\"yoast-schema-graph\">{\"@context\":\"https:\\\/\\\/schema.org\",\"@graph\":[{\"@type\":\"WebPage\",\"@id\":\"https:\\\/\\\/packardhealth.org\\\/for-patients\\\/billing-and-payment\\\/\",\"url\":\"https:\\\/\\\/packardhealth.org\\\/for-patients\\\/billing-and-payment\\\/\",\"name\":\"Billing and Payment - Packard Health\",\"isPartOf\":{\"@id\":\"https:\\\/\\\/packardhealth.org\\\/#website\"},\"primaryImageOfPage\":{\"@id\":\"https:\\\/\\\/packardhealth.org\\\/for-patients\\\/billing-and-payment\\\/#primaryimage\"},\"image\":{\"@id\":\"https:\\\/\\\/packardhealth.org\\\/for-patients\\\/billing-and-payment\\\/#primaryimage\"},\"thumbnailUrl\":\"https:\\\/\\\/packardhealth.org\\\/wp-content\\\/uploads\\\/2026\\\/04\\\/patient-doctor-2560X1440.jpg\",\"datePublished\":\"2026-03-03T16:31:38+00:00\",\"dateModified\":\"2026-05-06T14:30:37+00:00\",\"description\":\"No one will be denied medical care based on inability to pay at the time of service.\",\"breadcrumb\":{\"@id\":\"https:\\\/\\\/packardhealth.org\\\/for-patients\\\/billing-and-payment\\\/#breadcrumb\"},\"inLanguage\":\"es\",\"potentialAction\":[{\"@type\":\"ReadAction\",\"target\":[\"https:\\\/\\\/packardhealth.org\\\/for-patients\\\/billing-and-payment\\\/\"]}]},{\"@type\":\"ImageObject\",\"inLanguage\":\"es\",\"@id\":\"https:\\\/\\\/packardhealth.org\\\/for-patients\\\/billing-and-payment\\\/#primaryimage\",\"url\":\"https:\\\/\\\/packardhealth.org\\\/wp-content\\\/uploads\\\/2026\\\/04\\\/patient-doctor-2560X1440.jpg\",\"contentUrl\":\"https:\\\/\\\/packardhealth.org\\\/wp-content\\\/uploads\\\/2026\\\/04\\\/patient-doctor-2560X1440.jpg\",\"width\":2560,\"height\":1440,\"caption\":\"patient doctor stethoscope\"},{\"@type\":\"BreadcrumbList\",\"@id\":\"https:\\\/\\\/packardhealth.org\\\/for-patients\\\/billing-and-payment\\\/#breadcrumb\",\"itemListElement\":[{\"@type\":\"ListItem\",\"position\":1,\"name\":\"\",\"item\":\"https:\\\/\\\/packardhealth.org\\\/\"},{\"@type\":\"ListItem\",\"position\":2,\"name\":\"For Patients\",\"item\":\"https:\\\/\\\/packardhealth.org\\\/for-patients\\\/\"},{\"@type\":\"ListItem\",\"position\":3,\"name\":\"Billing and Payment\"}]},{\"@type\":\"WebSite\",\"@id\":\"https:\\\/\\\/packardhealth.org\\\/#website\",\"url\":\"https:\\\/\\\/packardhealth.org\\\/\",\"name\":\"Packard Health\",\"description\":\"Health care for everyone.\",\"potentialAction\":[{\"@type\":\"SearchAction\",\"target\":{\"@type\":\"EntryPoint\",\"urlTemplate\":\"https:\\\/\\\/packardhealth.org\\\/?s={search_term_string}\"},\"query-input\":{\"@type\":\"PropertyValueSpecification\",\"valueRequired\":true,\"valueName\":\"search_term_string\"}}],\"inLanguage\":\"es\"}]}<\/script>\n<!-- \/ Yoast SEO plugin. -->","yoast_head_json":{"title":"Billing and Payment - Packard Health","description":"Nadie ser\u00e1 negado atenci\u00f3n m\u00e9dica bas\u00e1ndose en la incapacidad de pago en el momento del servicio.","robots":{"index":"index","follow":"follow","max-snippet":"max-snippet:-1","max-image-preview":"max-image-preview:large","max-video-preview":"max-video-preview:-1"},"canonical":"https:\/\/packardhealth.org\/es\/for-patients\/billing-and-payment\/","og_locale":"es_MX","og_type":"article","og_title":"Billing and Payment - Packard Health","og_description":"No one will be denied medical care based on inability to pay at the time of service.","og_url":"https:\/\/packardhealth.org\/es\/for-patients\/billing-and-payment\/","og_site_name":"Packard Health","article_modified_time":"2026-05-06T14:30:37+00:00","og_image":[{"width":2560,"height":1440,"url":"https:\/\/packardhealth.org\/wp-content\/uploads\/2026\/04\/patient-doctor-2560X1440.jpg","type":"image\/jpeg"}],"twitter_card":"summary_large_image","twitter_misc":{"Tiempo de lectura":"4 minutos"},"schema":{"@context":"https:\/\/schema.org","@graph":[{"@type":"WebPage","@id":"https:\/\/packardhealth.org\/for-patients\/billing-and-payment\/","url":"https:\/\/packardhealth.org\/for-patients\/billing-and-payment\/","name":"Billing and Payment - Packard Health","isPartOf":{"@id":"https:\/\/packardhealth.org\/#website"},"primaryImageOfPage":{"@id":"https:\/\/packardhealth.org\/for-patients\/billing-and-payment\/#primaryimage"},"image":{"@id":"https:\/\/packardhealth.org\/for-patients\/billing-and-payment\/#primaryimage"},"thumbnailUrl":"https:\/\/packardhealth.org\/wp-content\/uploads\/2026\/04\/patient-doctor-2560X1440.jpg","datePublished":"2026-03-03T16:31:38+00:00","dateModified":"2026-05-06T14:30:37+00:00","description":"Nadie ser\u00e1 negado atenci\u00f3n m\u00e9dica bas\u00e1ndose en la incapacidad de pago en el momento del servicio.","breadcrumb":{"@id":"https:\/\/packardhealth.org\/for-patients\/billing-and-payment\/#breadcrumb"},"inLanguage":"es","potentialAction":[{"@type":"ReadAction","target":["https:\/\/packardhealth.org\/for-patients\/billing-and-payment\/"]}]},{"@type":"ImageObject","inLanguage":"es","@id":"https:\/\/packardhealth.org\/for-patients\/billing-and-payment\/#primaryimage","url":"https:\/\/packardhealth.org\/wp-content\/uploads\/2026\/04\/patient-doctor-2560X1440.jpg","contentUrl":"https:\/\/packardhealth.org\/wp-content\/uploads\/2026\/04\/patient-doctor-2560X1440.jpg","width":2560,"height":1440,"caption":"patient doctor stethoscope"},{"@type":"BreadcrumbList","@id":"https:\/\/packardhealth.org\/for-patients\/billing-and-payment\/#breadcrumb","itemListElement":[{"@type":"ListItem","position":1,"name":"","item":"https:\/\/packardhealth.org\/"},{"@type":"ListItem","position":2,"name":"For Patients","item":"https:\/\/packardhealth.org\/for-patients\/"},{"@type":"ListItem","position":3,"name":"Billing and Payment"}]},{"@type":"WebSite","@id":"https:\/\/packardhealth.org\/#website","url":"https:\/\/packardhealth.org\/","name":"Packard Health","description":"Health care for everyone.","potentialAction":[{"@type":"SearchAction","target":{"@type":"EntryPoint","urlTemplate":"https:\/\/packardhealth.org\/?s={search_term_string}"},"query-input":{"@type":"PropertyValueSpecification","valueRequired":true,"valueName":"search_term_string"}}],"inLanguage":"es"}]}},"_links":{"self":[{"href":"https:\/\/packardhealth.org\/es\/wp-json\/wp\/v2\/pages\/8573","targetHints":{"allow":["GET"]}}],"collection":[{"href":"https:\/\/packardhealth.org\/es\/wp-json\/wp\/v2\/pages"}],"about":[{"href":"https:\/\/packardhealth.org\/es\/wp-json\/wp\/v2\/types\/page"}],"author":[{"embeddable":true,"href":"https:\/\/packardhealth.org\/es\/wp-json\/wp\/v2\/users\/2"}],"replies":[{"embeddable":true,"href":"https:\/\/packardhealth.org\/es\/wp-json\/wp\/v2\/comments?post=8573"}],"version-history":[{"count":23,"href":"https:\/\/packardhealth.org\/es\/wp-json\/wp\/v2\/pages\/8573\/revisions"}],"predecessor-version":[{"id":11291,"href":"https:\/\/packardhealth.org\/es\/wp-json\/wp\/v2\/pages\/8573\/revisions\/11291"}],"up":[{"embeddable":true,"href":"https:\/\/packardhealth.org\/es\/wp-json\/wp\/v2\/pages\/8559"}],"wp:featuredmedia":[{"embeddable":true,"href":"https:\/\/packardhealth.org\/es\/wp-json\/wp\/v2\/media\/10574"}],"wp:attachment":[{"href":"https:\/\/packardhealth.org\/es\/wp-json\/wp\/v2\/media?parent=8573"}],"curies":[{"name":"wp","href":"https:\/\/api.w.org\/{rel}","templated":true}]}}