{"id":8592,"date":"2026-03-03T16:46:57","date_gmt":"2026-03-03T16:46:57","guid":{"rendered":"https:\/\/packardhealth.org\/?page_id=8592"},"modified":"2026-05-06T14:36:30","modified_gmt":"2026-05-06T14:36:30","slug":"locations","status":"publish","type":"page","link":"https:\/\/packardhealth.org\/es\/locations\/","title":{"rendered":"Ubicaciones"},"content":{"rendered":"<div class=\"wp-block-cover alignfull is-light has-custom-content-position is-position-bottom-center\" style=\"min-height:200px;aspect-ratio:unset;\"><span aria-hidden=\"true\" class=\"wp-block-cover__background has-blue-400-background-color has-background-dim-0 has-background-dim\"><\/span><img loading=\"lazy\" decoding=\"async\" width=\"1024\" height=\"576\" src=\"https:\/\/packardhealth.org\/wp-content\/uploads\/2026\/04\/mobile-phone-2560X1440-1024x576.jpg\" class=\"wp-block-cover__image-background wp-post-image\" alt=\"hands and mobile phone\" data-object-fit=\"cover\" data-object-position=\"50% 52%\" style=\"object-position:50% 52%;\" srcset=\"https:\/\/packardhealth.org\/wp-content\/uploads\/2026\/04\/mobile-phone-2560X1440-1024x576.jpg 1024w, https:\/\/packardhealth.org\/wp-content\/uploads\/2026\/04\/mobile-phone-2560X1440-300x169.jpg 300w, https:\/\/packardhealth.org\/wp-content\/uploads\/2026\/04\/mobile-phone-2560X1440-768x432.jpg 768w, https:\/\/packardhealth.org\/wp-content\/uploads\/2026\/04\/mobile-phone-2560X1440-1536x864.jpg 1536w, https:\/\/packardhealth.org\/wp-content\/uploads\/2026\/04\/mobile-phone-2560X1440-2048x1152.jpg 2048w, https:\/\/packardhealth.org\/wp-content\/uploads\/2026\/04\/mobile-phone-2560X1440-1080x608.jpg 1080w\" sizes=\"auto, (max-width: 1024px) 100vw, 1024px\" \/><div class=\"wp-block-cover__inner-container has-global-padding is-layout-constrained wp-block-cover-is-layout-constrained\">\n<p class=\"has-text-align-left\"><\/p>\n<\/div><\/div>\n\n\n\n<div class=\"wp-block-cover alignfull is-light\" style=\"padding-top:64px;padding-right:24px;padding-bottom:64px;padding-left:24px\"><span aria-hidden=\"true\" class=\"wp-block-cover__background has-blue-200-background-color has-background-dim-100 has-background-dim\"><\/span><div class=\"wp-block-cover__inner-container has-global-padding is-layout-constrained wp-container-core-cover-is-layout-07eeb7cb wp-block-cover-is-layout-constrained\">\n<div class=\"wp-block-columns alignwide are-vertically-aligned-top is-layout-flex wp-container-core-columns-is-layout-28f84493 wp-block-columns-is-layout-flex\">\n<div class=\"wp-block-column is-vertically-aligned-top is-layout-flow wp-block-column-is-layout-flow\" style=\"flex-basis:100%\">\n<h1 class=\"wp-block-heading\"><strong>Tres ubicaciones en el condado de Washtenaw<\/strong><\/h1>\n\n\n\n<p class=\"has-paragraph-large-font-size\">Por favor, pide una cita antes de llegar llamando <a href=\"tel:7349711073\">(734) 971-1073<\/a>.<\/p>\n<\/div>\n<\/div>\n\n\n\n<div style=\"height:32px\" aria-hidden=\"true\" class=\"wp-block-spacer\"><\/div>\n\n\n\n<div class=\"wp-block-columns alignwide is-layout-flex wp-container-core-columns-is-layout-2979c672 wp-block-columns-is-layout-flex\" style=\"margin-top:50px;margin-bottom:0px\">\n<div class=\"wp-block-column has-white-background-color has-background is-layout-flow wp-block-column-is-layout-flow\" style=\"border-top-left-radius:20px;border-top-right-radius:20px;border-bottom-left-radius:20px;border-bottom-right-radius:20px;padding-top:24px;padding-right:24px;padding-bottom:24px;padding-left:24px\"><div class=\"wp-block-safe-svg-svg-icon safe-svg-cover wp-elements-9953cae3cdd1234c22ed11af3cdf8759\" style=\"text-align: left;\">\n\t\t\t\t<div class=\"safe-svg-inside safe-svg-inline wp-elements-9953cae3cdd1234c22ed11af3cdf8759\" style=\"width: 55px; height: 55px; background-color: var(--wp--preset--color--); color: var(--wp--preset--color--blue-400); padding-top: 0; padding-right: ; padding-bottom: 0; padding-left: ; margin-top: 0; margin-right: ; margin-bottom: 0; margin-left: ;\"><?xml version=\"1.0\" encoding=\"UTF-8\"?> <svg xmlns=\"http:\/\/www.w3.org\/2000\/svg\" viewbox=\"0 0 640 640\"><path d=\"M128 252.6C128 148.4 214 64 320 64C426 64 512 148.4 512 252.6C512 371.9 391.8 514.9 341.6 569.4C329.8 582.2 310.1 582.2 298.3 569.4C248.1 514.9 127.9 371.9 127.9 252.6zM320 320C355.3 320 384 291.3 384 256C384 220.7 355.3 192 320 192C284.7 192 256 220.7 256 256C256 291.3 284.7 320 320 320z\"><\/path><\/svg> <\/div>\n\t\t\t<\/div>\n\n\n<h5 class=\"wp-block-heading has-gray-900-color has-text-color has-link-color wp-elements-10ac950544f3ebcd507915c3971cf2d8\" style=\"margin-top:var(--wp--preset--spacing--20)\"><a href=\"\/es\/packard-main\/\">Packard Health Principal<\/a><\/h5>\n\n\n\n<p><a href=\"http:\/\/google.com\/maps?ll=42.249754,-83.681297&amp;z=15&amp;t=m&amp;hl=en&amp;gl=US&amp;mapclient=embed&amp;q=2650+Carpenter+Rd+Ann+Arbor,+MI+48108\" target=\"_blank\" rel=\"noreferrer noopener\">2650 Carpenter Road<br>Ann Arbor, MI 48108<\/a><span class=\"wp-rich-text-font-awesome-icon wp-font-awesome-icon\"><svg aria-hidden=\"true\" focusable=\"false\" data-prefix=\"fas\" data-icon=\"arrow-up-right-from-square\" class=\"svg-inline--fa fa-arrow-up-right-from-square\" role=\"img\" xmlns=\"http:\/\/www.w3.org\/2000\/svg\" viewbox=\"0 0 512 512\" color=\"#007db3\"><path fill=\"currentColor\" d=\"M320 0c-17.7 0-32 14.3-32 32s14.3 32 32 32l82.7 0-201.4 201.4c-12.5 12.5-12.5 32.8 0 45.3s32.8 12.5 45.3 0L448 109.3 448 192c0 17.7 14.3 32 32 32s32-14.3 32-32l0-160c0-17.7-14.3-32-32-32L320 0zM80 96C35.8 96 0 131.8 0 176L0 432c0 44.2 35.8 80 80 80l256 0c44.2 0 80-35.8 80-80l0-80c0-17.7-14.3-32-32-32s-32 14.3-32 32l0 80c0 8.8-7.2 16-16 16L80 448c-8.8 0-16-7.2-16-16l0-256c0-8.8 7.2-16 16-16l80 0c17.7 0 32-14.3 32-32s-14.3-32-32-32L80 96z\"><\/path><\/svg><\/span><\/p>\n<\/div>\n\n\n\n<div class=\"wp-block-column has-white-background-color has-background is-layout-flow wp-block-column-is-layout-flow\" style=\"border-top-left-radius:20px;border-top-right-radius:20px;border-bottom-left-radius:20px;border-bottom-right-radius:20px;padding-top:24px;padding-right:24px;padding-bottom:24px;padding-left:24px\"><div class=\"wp-block-safe-svg-svg-icon safe-svg-cover wp-elements-9953cae3cdd1234c22ed11af3cdf8759\" style=\"text-align: left;\">\n\t\t\t\t<div class=\"safe-svg-inside safe-svg-inline wp-elements-9953cae3cdd1234c22ed11af3cdf8759\" style=\"width: 55px; height: 55px; background-color: var(--wp--preset--color--); color: var(--wp--preset--color--blue-400); padding-top: 0; padding-right: ; padding-bottom: 0; padding-left: ; margin-top: 0; margin-right: ; margin-bottom: 0; margin-left: ;\"><?xml version=\"1.0\" encoding=\"UTF-8\"?> <svg xmlns=\"http:\/\/www.w3.org\/2000\/svg\" viewbox=\"0 0 640 640\"><path d=\"M128 252.6C128 148.4 214 64 320 64C426 64 512 148.4 512 252.6C512 371.9 391.8 514.9 341.6 569.4C329.8 582.2 310.1 582.2 298.3 569.4C248.1 514.9 127.9 371.9 127.9 252.6zM320 320C355.3 320 384 291.3 384 256C384 220.7 355.3 192 320 192C284.7 192 256 220.7 256 256C256 291.3 284.7 320 320 320z\"><\/path><\/svg> <\/div>\n\t\t\t<\/div>\n\n\n<h5 class=\"wp-block-heading has-gray-900-color has-text-color has-link-color wp-elements-664e5d9db7e96c9a4a31ca9237edc3d6\" style=\"margin-top:var(--wp--preset--spacing--20)\"><a href=\"\/es\/packard-ypsilanti\/\">Packard Health Ypsilanti<\/a><\/h5>\n\n\n\n<p><a href=\"https:\/\/www.google.com\/maps\/place\/Packard+Health+Ypsilanti\/@42.237524,-83.600452,15z\/data=!4m6!3m5!1s0x883ca822fe57be3d:0x214a8306e73f05e1!8m2!3d42.2375236!4d-83.6004525!16s%2Fg%2F11bzv86qb5?hl=en-US&amp;entry=ttu&amp;g_ep=EgoyMDI2MDMyOS4wIKXMDSoASAFQAw%3D%3D\" target=\"_blank\" rel=\"noreferrer noopener\">200 Arnet Street, Suite 150<br>(primer piso) Ypsilanti, MI 48198<\/a><span class=\"wp-rich-text-font-awesome-icon wp-font-awesome-icon\"><svg aria-hidden=\"true\" focusable=\"false\" data-prefix=\"fas\" data-icon=\"arrow-up-right-from-square\" class=\"svg-inline--fa fa-arrow-up-right-from-square\" role=\"img\" xmlns=\"http:\/\/www.w3.org\/2000\/svg\" viewbox=\"0 0 512 512\" color=\"#007db3\"><path fill=\"currentColor\" d=\"M320 0c-17.7 0-32 14.3-32 32s14.3 32 32 32l82.7 0-201.4 201.4c-12.5 12.5-12.5 32.8 0 45.3s32.8 12.5 45.3 0L448 109.3 448 192c0 17.7 14.3 32 32 32s32-14.3 32-32l0-160c0-17.7-14.3-32-32-32L320 0zM80 96C35.8 96 0 131.8 0 176L0 432c0 44.2 35.8 80 80 80l256 0c44.2 0 80-35.8 80-80l0-80c0-17.7-14.3-32-32-32s-32 14.3-32 32l0 80c0 8.8-7.2 16-16 16L80 448c-8.8 0-16-7.2-16-16l0-256c0-8.8 7.2-16 16-16l80 0c17.7 0 32-14.3 32-32s-14.3-32-32-32L80 96z\"><\/path><\/svg><\/span><\/p>\n<\/div>\n\n\n\n<div class=\"wp-block-column has-white-background-color has-background is-layout-flow wp-block-column-is-layout-flow\" style=\"border-top-left-radius:20px;border-top-right-radius:20px;border-bottom-left-radius:20px;border-bottom-right-radius:20px;padding-top:24px;padding-right:24px;padding-bottom:24px;padding-left:24px\"><div class=\"wp-block-safe-svg-svg-icon safe-svg-cover wp-elements-9953cae3cdd1234c22ed11af3cdf8759\" style=\"text-align: left;\">\n\t\t\t\t<div class=\"safe-svg-inside safe-svg-inline wp-elements-9953cae3cdd1234c22ed11af3cdf8759\" style=\"width: 55px; height: 55px; background-color: var(--wp--preset--color--); color: var(--wp--preset--color--blue-400); padding-top: 0; padding-right: ; padding-bottom: 0; padding-left: ; margin-top: 0; margin-right: ; margin-bottom: 0; margin-left: ;\"><?xml version=\"1.0\" encoding=\"UTF-8\"?> <svg xmlns=\"http:\/\/www.w3.org\/2000\/svg\" viewbox=\"0 0 640 640\"><path d=\"M128 252.6C128 148.4 214 64 320 64C426 64 512 148.4 512 252.6C512 371.9 391.8 514.9 341.6 569.4C329.8 582.2 310.1 582.2 298.3 569.4C248.1 514.9 127.9 371.9 127.9 252.6zM320 320C355.3 320 384 291.3 384 256C384 220.7 355.3 192 320 192C284.7 192 256 220.7 256 256C256 291.3 284.7 320 320 320z\"><\/path><\/svg> <\/div>\n\t\t\t<\/div>\n\n\n<h5 class=\"wp-block-heading has-gray-900-color has-text-color has-link-color wp-elements-9545b3263dee86c62a423ae282ab64da\" style=\"margin-top:var(--wp--preset--spacing--20)\"><a href=\"\/es\/packard-west\/\">Packard Health West<\/a><\/h5>\n\n\n\n<p><a href=\"https:\/\/www.google.com\/maps?ll=42.26739,-83.772041&amp;z=15&amp;t=m&amp;hl=en-US&amp;gl=US&amp;mapclient=embed&amp;q=1915+Pauline+Blvd+Ann+Arbor,+MI+48103\" target=\"_blank\" rel=\"noreferrer noopener\">Bulevar Pauline 1915<br>Ann Arbor, MI 48103<\/a><span class=\"wp-rich-text-font-awesome-icon wp-font-awesome-icon\"><svg aria-hidden=\"true\" focusable=\"false\" data-prefix=\"fas\" data-icon=\"arrow-up-right-from-square\" class=\"svg-inline--fa fa-arrow-up-right-from-square\" role=\"img\" xmlns=\"http:\/\/www.w3.org\/2000\/svg\" viewbox=\"0 0 512 512\" color=\"#007db3\"><path fill=\"currentColor\" d=\"M320 0c-17.7 0-32 14.3-32 32s14.3 32 32 32l82.7 0-201.4 201.4c-12.5 12.5-12.5 32.8 0 45.3s32.8 12.5 45.3 0L448 109.3 448 192c0 17.7 14.3 32 32 32s32-14.3 32-32l0-160c0-17.7-14.3-32-32-32L320 0zM80 96C35.8 96 0 131.8 0 176L0 432c0 44.2 35.8 80 80 80l256 0c44.2 0 80-35.8 80-80l0-80c0-17.7-14.3-32-32-32s-32 14.3-32 32l0 80c0 8.8-7.2 16-16 16L80 448c-8.8 0-16-7.2-16-16l0-256c0-8.8 7.2-16 16-16l80 0c17.7 0 32-14.3 32-32s-14.3-32-32-32L80 96z\"><\/path><\/svg><\/span><\/p>\n<\/div>\n<\/div>\n\n\n\n<div style=\"height:20px\" aria-hidden=\"true\" class=\"wp-block-spacer\"><\/div>\n\n\n\n<div class=\"wp-block-columns alignwide has-white-background-color has-background is-layout-flex wp-container-core-columns-is-layout-f5fea6a2 wp-block-columns-is-layout-flex\" style=\"border-top-left-radius:20px;border-top-right-radius:20px;border-bottom-left-radius:20px;border-bottom-right-radius:20px;padding-top:24px;padding-right:24px;padding-bottom:24px;padding-left:24px\">\n<div class=\"wp-block-column is-layout-flow wp-block-column-is-layout-flow\" style=\"flex-basis:33.33%\">\n<div class=\"wp-block-group has-white-background-color has-background has-global-padding is-layout-constrained wp-container-core-group-is-layout-80fb368b wp-block-group-is-layout-constrained\" style=\"padding-top:var(--wp--preset--spacing--30);padding-right:var(--wp--preset--spacing--30);padding-bottom:var(--wp--preset--spacing--30);padding-left:var(--wp--preset--spacing--30)\"><div class=\"wp-block-safe-svg-svg-icon safe-svg-cover wp-elements-4fb1aef04f3ea11fc4f56c2660070c97\" style=\"text-align: left;\">\n\t\t\t\t<div class=\"safe-svg-inside safe-svg-inline wp-elements-4fb1aef04f3ea11fc4f56c2660070c97\" style=\"width: 55px; height: 55px; background-color: var(--wp--preset--color--); color: var(--wp--preset--color--blue-400); padding-top: ; padding-right: ; padding-bottom: ; padding-left: ; margin-top: ; margin-right: ; margin-bottom: ; margin-left: ;\"><?xml version=\"1.0\" encoding=\"UTF-8\"?> <svg xmlns=\"http:\/\/www.w3.org\/2000\/svg\" viewbox=\"0 0 640 640\"><path d=\"M272 88C272 74.7 282.7 64 296 64L344 64C357.3 64 368 74.7 368 88L368 144L424 144C437.3 144 448 154.7 448 168L448 216C448 229.3 437.3 240 424 240L368 240L368 296C368 309.3 357.3 320 344 320L296 320C282.7 320 272 309.3 272 296L272 240L216 240C202.7 240 192 229.3 192 216L192 168C192 154.7 202.7 144 216 144L272 144L272 88zM98.7 448L141.2 405.5C165.2 381.5 197.8 368 231.7 368L384 368C401.7 368 416 382.3 416 400C416 417.7 401.7 432 384 432L312 432C298.7 432 288 442.7 288 456C288 469.3 298.7 480 312 480L424.6 480L544.3 391.8C562.1 378.7 587.1 382.5 600.2 400.3C613.3 418.1 609.5 443.1 591.7 456.2L465.1 549.5C441.7 566.7 413.5 576 384.4 576L64 576C46.3 576 32 561.7 32 544L32 480C32 462.3 46.3 448 64 448L98.7 448z\"><\/path><\/svg> <\/div>\n\t\t\t<\/div>\n\n\n<h5 class=\"wp-block-heading has-text-color has-link-color wp-elements-490fb95e20055f37b9b6c41da3d59188\" style=\"color:#231f20;margin-top:var(--wp--preset--spacing--20);margin-bottom:0\">Atenci\u00f3n adicional en el sitio<\/h5>\n<\/div>\n<\/div>\n\n\n\n<div class=\"wp-block-column is-layout-flow wp-block-column-is-layout-flow\" style=\"flex-basis:66.66%\">\n<div class=\"wp-block-group has-white-background-color has-background has-global-padding is-layout-constrained wp-container-core-group-is-layout-80fb368b wp-block-group-is-layout-constrained\" style=\"padding-top:var(--wp--preset--spacing--30);padding-right:var(--wp--preset--spacing--30);padding-bottom:var(--wp--preset--spacing--30);padding-left:var(--wp--preset--spacing--30)\">\n<p>Packard Health est\u00e1 comprometido con el Condado de Washtenaw. Adem\u00e1s de nuestras tres cl\u00ednicas, los proveedores y el personal de Packard tambi\u00e9n atienden a pacientes en varios lugares de la comunidad. Los horarios y d\u00edas var\u00edan. Por favor, llame <strong><a href=\"tel: 7349711073\">(734) 971-1073<\/a><\/strong> para m\u00e1s informaci\u00f3n.<\/p>\n\n\n\n<ul class=\"wp-block-list\">\n<li>Centro Delonis, Centro de Ann Arbor<\/li>\n\n\n\n<li>Ubicaciones de Avalon Housing<\/li>\n<\/ul>\n\n\n\n<div class=\"wp-block-buttons is-layout-flex wp-block-buttons-is-layout-flex\">\n<div class=\"wp-block-button\"><a class=\"wp-block-button__link wp-element-button\" href=\"\/es\/about\/health-initiatives\/\">Sobre las Iniciativas de Salud Packard<\/a><\/div>\n<\/div>\n<\/div>\n<\/div>\n<\/div>\n\n\n\n<div style=\"height:64px\" aria-hidden=\"true\" class=\"wp-block-spacer\"><\/div>\n\n\n\n<div class=\"wp-block-columns alignwide is-layout-flex wp-container-core-columns-is-layout-28f84493 wp-block-columns-is-layout-flex\" style=\"border-top-left-radius:20px;border-top-right-radius:20px;border-bottom-left-radius:20px;border-bottom-right-radius:20px\">\n<div class=\"wp-block-column is-vertically-aligned-top has-green-400-background-color has-background is-layout-flow wp-block-column-is-layout-flow\" style=\"border-top-left-radius:20px;border-top-right-radius:20px;border-bottom-left-radius:20px;border-bottom-right-radius:20px;flex-basis:50%\">\n<blockquote class=\"wp-block-quote has-green-400-background-color has-background is-layout-flow wp-block-quote-is-layout-flow\" style=\"padding-top:48px;padding-bottom:48px\"><div class=\"wp-block-safe-svg-svg-icon safe-svg-cover\" style=\"text-align: left;\">\n\t\t\t\t<div class=\"safe-svg-inside safe-svg-inline\" style=\"width: 80px; height: 80px; background-color: var(--wp--preset--color--); color: var(--wp--preset--color--); padding-top: ; padding-right: ; padding-bottom: ; padding-left: ; margin-top: ; margin-right: ; margin-bottom: 0px; margin-left: ;\"><?xml version=\"1.0\" encoding=\"UTF-8\"?> <svg xmlns=\"http:\/\/www.w3.org\/2000\/svg\" viewbox=\"0 0 640 640\"><path d=\"M96 280C96 213.7 149.7 160 216 160L224 160C241.7 160 256 174.3 256 192C256 209.7 241.7 224 224 224L216 224C185.1 224 160 249.1 160 280L160 288L224 288C259.3 288 288 316.7 288 352L288 416C288 451.3 259.3 480 224 480L160 480C124.7 480 96 451.3 96 416L96 280zM352 280C352 213.7 405.7 160 472 160L480 160C497.7 160 512 174.3 512 192C512 209.7 497.7 224 480 224L472 224C441.1 224 416 249.1 416 280L416 288L480 288C515.3 288 544 316.7 544 352L544 416C544 451.3 515.3 480 480 480L416 480C380.7 480 352 451.3 352 416L352 280z\"><\/path><\/svg> <\/div>\n\t\t\t<\/div>\n\n\n<p>\u00bfPor qu\u00e9 Packard Health? Porque nuestros profesionales se preocupan profundamente por usted y su atenci\u00f3n m\u00e9dica.<\/p>\n\n\n\n<p class=\"has-roboto-font-family has-paragraph-small-font-size\" style=\"letter-spacing:0px;line-height:1.5\">Dr. Ray Rion<br>Director Ejecutivo<\/p>\n<\/blockquote>\n<\/div>\n\n\n\n<div class=\"wp-block-column is-vertically-aligned-stretch is-layout-flow wp-block-column-is-layout-flow\" style=\"flex-basis:50%\">\n<figure class=\"wp-block-image size-large has-custom-border\"><img loading=\"lazy\" decoding=\"async\" width=\"1024\" height=\"683\" src=\"https:\/\/packardhealth.org\/wp-content\/uploads\/2026\/04\/ray-rion-1500X1000-1024x683.jpg\" alt=\"\" class=\"wp-image-10394\" style=\"border-top-left-radius:20px;border-top-right-radius:20px;border-bottom-left-radius:20px;border-bottom-right-radius:20px;aspect-ratio:3\/2;object-fit:cover\" srcset=\"https:\/\/packardhealth.org\/wp-content\/uploads\/2026\/04\/ray-rion-1500X1000-1024x683.jpg 1024w, https:\/\/packardhealth.org\/wp-content\/uploads\/2026\/04\/ray-rion-1500X1000-300x200.jpg 300w, https:\/\/packardhealth.org\/wp-content\/uploads\/2026\/04\/ray-rion-1500X1000-768x512.jpg 768w, https:\/\/packardhealth.org\/wp-content\/uploads\/2026\/04\/ray-rion-1500X1000-1080x720.jpg 1080w, https:\/\/packardhealth.org\/wp-content\/uploads\/2026\/04\/ray-rion-1500X1000.jpg 1500w\" sizes=\"auto, (max-width: 1024px) 100vw, 1024px\" \/><\/figure>\n<\/div>\n<\/div>\n<\/div><\/div>","protected":false},"excerpt":{"rendered":"","protected":false},"author":2,"featured_media":10386,"parent":0,"menu_order":0,"comment_status":"closed","ping_status":"closed","template":"","meta":{"_acf_changed":false,"footnotes":"","_links_to":"","_links_to_target":""},"class_list":["post-8592","page","type-page","status-publish","has-post-thumbnail","hentry"],"acf":[],"yoast_head":"<!-- This site is optimized with the Yoast SEO plugin v27.5 - https:\/\/yoast.com\/product\/yoast-seo-wordpress\/ -->\n<title>Locations - Packard Health<\/title>\n<meta name=\"description\" content=\"In addition to our three clinic locations, Packard providers and staff also serve patients at various locations within the community.\" \/>\n<meta name=\"robots\" content=\"index, follow, max-snippet:-1, max-image-preview:large, max-video-preview:-1\" \/>\n<link rel=\"canonical\" href=\"https:\/\/packardhealth.org\/es\/locations\/\" \/>\n<meta property=\"og:locale\" content=\"es_MX\" \/>\n<meta property=\"og:type\" content=\"article\" \/>\n<meta property=\"og:title\" content=\"Locations - Packard Health\" \/>\n<meta property=\"og:description\" content=\"In addition to our three clinic locations, Packard providers and staff also serve patients at various locations within the community.\" \/>\n<meta property=\"og:url\" content=\"https:\/\/packardhealth.org\/es\/locations\/\" \/>\n<meta property=\"og:site_name\" content=\"Packard Health\" \/>\n<meta property=\"article:modified_time\" content=\"2026-05-06T14:36:30+00:00\" \/>\n<meta property=\"og:image\" content=\"https:\/\/packardhealth.org\/wp-content\/uploads\/2026\/04\/mobile-phone-2560X1440.jpg\" \/>\n\t<meta property=\"og:image:width\" content=\"2560\" \/>\n\t<meta property=\"og:image:height\" content=\"1440\" \/>\n\t<meta property=\"og:image:type\" content=\"image\/jpeg\" \/>\n<meta name=\"twitter:card\" content=\"summary_large_image\" \/>\n<meta name=\"twitter:label1\" content=\"Tiempo de lectura\" \/>\n\t<meta name=\"twitter:data1\" content=\"1 minuto\" \/>\n<script type=\"application\/ld+json\" class=\"yoast-schema-graph\">{\"@context\":\"https:\\\/\\\/schema.org\",\"@graph\":[{\"@type\":\"WebPage\",\"@id\":\"https:\\\/\\\/packardhealth.org\\\/locations\\\/\",\"url\":\"https:\\\/\\\/packardhealth.org\\\/locations\\\/\",\"name\":\"Locations - Packard Health\",\"isPartOf\":{\"@id\":\"https:\\\/\\\/packardhealth.org\\\/#website\"},\"primaryImageOfPage\":{\"@id\":\"https:\\\/\\\/packardhealth.org\\\/locations\\\/#primaryimage\"},\"image\":{\"@id\":\"https:\\\/\\\/packardhealth.org\\\/locations\\\/#primaryimage\"},\"thumbnailUrl\":\"https:\\\/\\\/packardhealth.org\\\/wp-content\\\/uploads\\\/2026\\\/04\\\/mobile-phone-2560X1440.jpg\",\"datePublished\":\"2026-03-03T16:46:57+00:00\",\"dateModified\":\"2026-05-06T14:36:30+00:00\",\"description\":\"In addition to our three clinic locations, Packard providers and staff also serve patients at various locations within the community.\",\"breadcrumb\":{\"@id\":\"https:\\\/\\\/packardhealth.org\\\/locations\\\/#breadcrumb\"},\"inLanguage\":\"es\",\"potentialAction\":[{\"@type\":\"ReadAction\",\"target\":[\"https:\\\/\\\/packardhealth.org\\\/locations\\\/\"]}]},{\"@type\":\"ImageObject\",\"inLanguage\":\"es\",\"@id\":\"https:\\\/\\\/packardhealth.org\\\/locations\\\/#primaryimage\",\"url\":\"https:\\\/\\\/packardhealth.org\\\/wp-content\\\/uploads\\\/2026\\\/04\\\/mobile-phone-2560X1440.jpg\",\"contentUrl\":\"https:\\\/\\\/packardhealth.org\\\/wp-content\\\/uploads\\\/2026\\\/04\\\/mobile-phone-2560X1440.jpg\",\"width\":2560,\"height\":1440,\"caption\":\"hands and mobile phone\"},{\"@type\":\"BreadcrumbList\",\"@id\":\"https:\\\/\\\/packardhealth.org\\\/locations\\\/#breadcrumb\",\"itemListElement\":[{\"@type\":\"ListItem\",\"position\":1,\"name\":\"\",\"item\":\"https:\\\/\\\/packardhealth.org\\\/\"},{\"@type\":\"ListItem\",\"position\":2,\"name\":\"Locations\"}]},{\"@type\":\"WebSite\",\"@id\":\"https:\\\/\\\/packardhealth.org\\\/#website\",\"url\":\"https:\\\/\\\/packardhealth.org\\\/\",\"name\":\"Packard Health\",\"description\":\"Health care for everyone.\",\"potentialAction\":[{\"@type\":\"SearchAction\",\"target\":{\"@type\":\"EntryPoint\",\"urlTemplate\":\"https:\\\/\\\/packardhealth.org\\\/?s={search_term_string}\"},\"query-input\":{\"@type\":\"PropertyValueSpecification\",\"valueRequired\":true,\"valueName\":\"search_term_string\"}}],\"inLanguage\":\"es\"}]}<\/script>\n<!-- \/ Yoast SEO plugin. -->","yoast_head_json":{"title":"Locations - Packard Health","description":"In addition to our three clinic locations, Packard providers and staff also serve patients at various locations within the community.","robots":{"index":"index","follow":"follow","max-snippet":"max-snippet:-1","max-image-preview":"max-image-preview:large","max-video-preview":"max-video-preview:-1"},"canonical":"https:\/\/packardhealth.org\/es\/locations\/","og_locale":"es_MX","og_type":"article","og_title":"Locations - Packard Health","og_description":"In addition to our three clinic locations, Packard providers and staff also serve patients at various locations within the community.","og_url":"https:\/\/packardhealth.org\/es\/locations\/","og_site_name":"Packard Health","article_modified_time":"2026-05-06T14:36:30+00:00","og_image":[{"width":2560,"height":1440,"url":"https:\/\/packardhealth.org\/wp-content\/uploads\/2026\/04\/mobile-phone-2560X1440.jpg","type":"image\/jpeg"}],"twitter_card":"summary_large_image","twitter_misc":{"Tiempo de lectura":"1 minuto"},"schema":{"@context":"https:\/\/schema.org","@graph":[{"@type":"WebPage","@id":"https:\/\/packardhealth.org\/locations\/","url":"https:\/\/packardhealth.org\/locations\/","name":"Locations - Packard Health","isPartOf":{"@id":"https:\/\/packardhealth.org\/#website"},"primaryImageOfPage":{"@id":"https:\/\/packardhealth.org\/locations\/#primaryimage"},"image":{"@id":"https:\/\/packardhealth.org\/locations\/#primaryimage"},"thumbnailUrl":"https:\/\/packardhealth.org\/wp-content\/uploads\/2026\/04\/mobile-phone-2560X1440.jpg","datePublished":"2026-03-03T16:46:57+00:00","dateModified":"2026-05-06T14:36:30+00:00","description":"In addition to our three clinic locations, Packard providers and staff also serve patients at various locations within the community.","breadcrumb":{"@id":"https:\/\/packardhealth.org\/locations\/#breadcrumb"},"inLanguage":"es","potentialAction":[{"@type":"ReadAction","target":["https:\/\/packardhealth.org\/locations\/"]}]},{"@type":"ImageObject","inLanguage":"es","@id":"https:\/\/packardhealth.org\/locations\/#primaryimage","url":"https:\/\/packardhealth.org\/wp-content\/uploads\/2026\/04\/mobile-phone-2560X1440.jpg","contentUrl":"https:\/\/packardhealth.org\/wp-content\/uploads\/2026\/04\/mobile-phone-2560X1440.jpg","width":2560,"height":1440,"caption":"hands and mobile phone"},{"@type":"BreadcrumbList","@id":"https:\/\/packardhealth.org\/locations\/#breadcrumb","itemListElement":[{"@type":"ListItem","position":1,"name":"","item":"https:\/\/packardhealth.org\/"},{"@type":"ListItem","position":2,"name":"Locations"}]},{"@type":"WebSite","@id":"https:\/\/packardhealth.org\/#website","url":"https:\/\/packardhealth.org\/","name":"Packard Health","description":"Health care for everyone.","potentialAction":[{"@type":"SearchAction","target":{"@type":"EntryPoint","urlTemplate":"https:\/\/packardhealth.org\/?s={search_term_string}"},"query-input":{"@type":"PropertyValueSpecification","valueRequired":true,"valueName":"search_term_string"}}],"inLanguage":"es"}]}},"_links":{"self":[{"href":"https:\/\/packardhealth.org\/es\/wp-json\/wp\/v2\/pages\/8592","targetHints":{"allow":["GET"]}}],"collection":[{"href":"https:\/\/packardhealth.org\/es\/wp-json\/wp\/v2\/pages"}],"about":[{"href":"https:\/\/packardhealth.org\/es\/wp-json\/wp\/v2\/types\/page"}],"author":[{"embeddable":true,"href":"https:\/\/packardhealth.org\/es\/wp-json\/wp\/v2\/users\/2"}],"replies":[{"embeddable":true,"href":"https:\/\/packardhealth.org\/es\/wp-json\/wp\/v2\/comments?post=8592"}],"version-history":[{"count":126,"href":"https:\/\/packardhealth.org\/es\/wp-json\/wp\/v2\/pages\/8592\/revisions"}],"predecessor-version":[{"id":11292,"href":"https:\/\/packardhealth.org\/es\/wp-json\/wp\/v2\/pages\/8592\/revisions\/11292"}],"wp:featuredmedia":[{"embeddable":true,"href":"https:\/\/packardhealth.org\/es\/wp-json\/wp\/v2\/media\/10386"}],"wp:attachment":[{"href":"https:\/\/packardhealth.org\/es\/wp-json\/wp\/v2\/media?parent=8592"}],"curies":[{"name":"wp","href":"https:\/\/api.w.org\/{rel}","templated":true}]}}